{"id":3988,"date":"2025-09-01T11:47:11","date_gmt":"2025-09-01T11:47:11","guid":{"rendered":"https:\/\/www.brikaelektrik.al\/?post_type=product&#038;p=3988"},"modified":"2025-09-01T11:47:12","modified_gmt":"2025-09-01T11:47:12","slug":"baze-llampe-sinjali-led-portokalli","status":"publish","type":"product","link":"https:\/\/www.brikaelektrik.al\/al\/produkt\/baze-llampe-sinjali-led-portokalli\/","title":{"rendered":"BAZ\u00cb LLAMPE SINJALI LED PORTOKALLI"},"content":{"rendered":"<p><strong data-start=\"91\" data-end=\"101\">Seria:<\/strong> Harmony XB5<br data-start=\"113\" data-end=\"116\" \/><strong data-start=\"116\" data-end=\"126\">Lloji:<\/strong> Bllok ndri\u00e7imi me LED t\u00eb integruar \u2013 i kuq<br data-start=\"169\" data-end=\"172\" \/><strong data-start=\"172\" data-end=\"198\" data-is-only-node=\"\">Tension operativ (Ue):<\/strong> 230\u2013240 V AC<br data-start=\"211\" data-end=\"214\" \/><strong data-start=\"214\" data-end=\"228\">Frekuenca:<\/strong> 50\/60 Hz<br data-start=\"237\" data-end=\"240\" \/><strong data-start=\"240\" data-end=\"262\">Fuqia e konsumuar:<\/strong> 14 mA<br data-start=\"268\" data-end=\"271\" \/><strong data-start=\"271\" data-end=\"297\">Jet\u00ebgjat\u00ebsia e LED-it:<\/strong> 100,000 or\u00eb<br data-start=\"309\" data-end=\"312\" \/><strong data-start=\"312\" data-end=\"343\">Temperatura e funksionimit:<\/strong> \u201340 \u00b0C deri +70 \u00b0C<br data-start=\"362\" data-end=\"365\" \/><strong data-start=\"365\" data-end=\"392\">Temperatura e ruajtjes:<\/strong> \u201340 \u00b0C deri +70 \u00b0C<br data-start=\"411\" data-end=\"414\" \/><strong data-start=\"414\" data-end=\"427\">Mbrojtja:<\/strong> IP20<br data-start=\"432\" data-end=\"435\" \/><strong data-start=\"435\" data-end=\"448\">Gjer\u00ebsia:<\/strong> 22 mm<br data-start=\"454\" data-end=\"457\" \/><strong data-start=\"457\" data-end=\"467\">Pesha:<\/strong> 17 g<br data-start=\"472\" data-end=\"475\" \/><strong data-start=\"475\" data-end=\"487\">Montimi:<\/strong> Montim i p\u00ebrpar\u00ebm me lidhje terminalesh me vida<br data-start=\"535\" data-end=\"538\" \/><strong data-start=\"538\" data-end=\"553\">Terminalet:<\/strong> Terminale me vida, deri n\u00eb 2 x 1.5 mm\u00b2<br data-start=\"592\" data-end=\"595\" \/><strong data-start=\"595\" data-end=\"609\">Standarde:<\/strong> EN\/IEC 60947-1<br data-start=\"624\" data-end=\"627\" \/><strong data-start=\"627\" data-end=\"643\">\u00c7ertifikata:<\/strong> CSA<br data-start=\"647\" data-end=\"650\" \/><strong data-start=\"650\" data-end=\"681\">Ngjyra e burimit t\u00eb drit\u00ebs:<\/strong> E kuqe<br data-start=\"688\" data-end=\"691\" \/><strong data-start=\"691\" data-end=\"716\">Lloji i sinjalizimit:<\/strong> Ndri\u00e7im i vazhduesh\u00ebm<\/p>","protected":false},"excerpt":{"rendered":"<p>Seria: Harmony XB5Lloji: Bllok ndri\u00e7imi me LED t\u00eb integruar \u2013 i kuqTension operativ (Ue): 230\u2013240 V ACFrekuenca: 50\/60 HzFuqia e konsumuar: 14 mAJet\u00ebgjat\u00ebsia e LED-it: 100,000 or\u00ebTemperatura e funksionimit: \u201340 \u00b0C deri +70 \u00b0CTemperatura e ruajtjes: \u201340 \u00b0C deri +70 \u00b0CMbrojtja: IP20Gjer\u00ebsia: 22 mmPesha: 17 gMontimi: Montim i p\u00ebrpar\u00ebm me lidhje terminalesh me vidaTerminalet: Terminale [&hellip;]<\/p>","protected":false},"featured_media":3989,"comment_status":"open","ping_status":"closed","template":"","meta":{"_acf_changed":false},"product_brand":[],"product_cat":[71,41],"product_tag":[],"class_list":{"0":"post-3988","1":"product","2":"type-product","3":"status-publish","4":"has-post-thumbnail","6":"product_cat-automat-magneto-termike","7":"product_cat-pajisje-kontrolli-dhe-mbrojtje","9":"first","10":"instock","11":"shipping-taxable","12":"product-type-simple"},"acf":[],"_links":{"self":[{"href":"https:\/\/www.brikaelektrik.al\/al\/wp-json\/wp\/v2\/product\/3988","targetHints":{"allow":["GET"]}}],"collection":[{"href":"https:\/\/www.brikaelektrik.al\/al\/wp-json\/wp\/v2\/product"}],"about":[{"href":"https:\/\/www.brikaelektrik.al\/al\/wp-json\/wp\/v2\/types\/product"}],"replies":[{"embeddable":true,"href":"https:\/\/www.brikaelektrik.al\/al\/wp-json\/wp\/v2\/comments?post=3988"}],"wp:featuredmedia":[{"embeddable":true,"href":"https:\/\/www.brikaelektrik.al\/al\/wp-json\/wp\/v2\/media\/3989"}],"wp:attachment":[{"href":"https:\/\/www.brikaelektrik.al\/al\/wp-json\/wp\/v2\/media?parent=3988"}],"wp:term":[{"taxonomy":"product_brand","embeddable":true,"href":"https:\/\/www.brikaelektrik.al\/al\/wp-json\/wp\/v2\/product_brand?post=3988"},{"taxonomy":"product_cat","embeddable":true,"href":"https:\/\/www.brikaelektrik.al\/al\/wp-json\/wp\/v2\/product_cat?post=3988"},{"taxonomy":"product_tag","embeddable":true,"href":"https:\/\/www.brikaelektrik.al\/al\/wp-json\/wp\/v2\/product_tag?post=3988"}],"curies":[{"name":"wp","href":"https:\/\/api.w.org\/{rel}","templated":true}]}}