{"id":3991,"date":"2025-09-01T12:54:00","date_gmt":"2025-09-01T12:54:00","guid":{"rendered":"https:\/\/www.brikaelektrik.al\/?post_type=product&#038;p=3991"},"modified":"2025-09-01T12:54:00","modified_gmt":"2025-09-01T12:54:00","slug":"leshues-3p-40a-18-5kw","status":"publish","type":"product","link":"https:\/\/www.brikaelektrik.al\/al\/produkt\/leshues-3p-40a-18-5kw\/","title":{"rendered":"L\u00cbSHUES 3P 40A 18.5KW"},"content":{"rendered":"<p><strong data-start=\"92\" data-end=\"102\">Seria:<\/strong> LC1D<br data-start=\"107\" data-end=\"110\" \/><strong data-start=\"110\" data-end=\"120\">Lloji:<\/strong> Kontaktor elektromagnetik 3-pol\u00ebsh, 40A<br data-start=\"160\" data-end=\"163\" \/><strong data-start=\"163\" data-end=\"189\" data-is-only-node=\"\">Tension operativ (Ue):<\/strong> 230 V AC (AC-3)<br data-start=\"205\" data-end=\"208\" \/><strong data-start=\"208\" data-end=\"230\">Fuqia e ngarkes\u00ebs:<\/strong> 40 A<br data-start=\"235\" data-end=\"238\" \/><strong data-start=\"238\" data-end=\"257\">Numri i poleve:<\/strong> 3<br data-start=\"259\" data-end=\"262\" \/><strong data-start=\"262\" data-end=\"281\">Tension bobine:<\/strong> 230 V AC<br data-start=\"290\" data-end=\"293\" \/><strong data-start=\"293\" data-end=\"307\">Frekuenca:<\/strong> 50\/60 Hz<br data-start=\"316\" data-end=\"319\" \/><strong data-start=\"319\" data-end=\"332\">Mbrojtja:<\/strong> IP20<br data-start=\"337\" data-end=\"340\" \/><strong data-start=\"340\" data-end=\"359\">Jeta elektrike:<\/strong> 1,000,000 operacione<br data-start=\"380\" data-end=\"383\" \/><strong data-start=\"383\" data-end=\"401\">Jeta mekanike:<\/strong> 10,000,000 operacione<br data-start=\"423\" data-end=\"426\" \/><strong data-start=\"426\" data-end=\"457\">Temperatura e funksionimit:<\/strong> -25 \u00b0C deri +60 \u00b0C<br data-start=\"476\" data-end=\"479\" \/><strong data-start=\"479\" data-end=\"491\">Montimi:<\/strong> Montim n\u00eb shina DIN ose me vida<br data-start=\"523\" data-end=\"526\" \/><strong data-start=\"526\" data-end=\"541\">Terminalet:<\/strong> Terminale me vida, deri n\u00eb 2 x 4 mm\u00b2<br data-start=\"578\" data-end=\"581\" \/><strong data-start=\"581\" data-end=\"595\">Standarde:<\/strong> IEC 60947-4-1<br data-start=\"609\" data-end=\"612\" \/><strong data-start=\"612\" data-end=\"628\">\u00c7ertifikata:<\/strong> CE<br data-start=\"631\" data-end=\"634\" \/><strong data-start=\"634\" data-end=\"648\">P\u00ebrdorimi:<\/strong> P\u00ebr kontrollin e motor\u00ebve elektrik\u00eb dhe ngarkesave industriale<\/p>","protected":false},"excerpt":{"rendered":"<p>Seria: LC1DLloji: Kontaktor elektromagnetik 3-pol\u00ebsh, 40ATension operativ (Ue): 230 V AC (AC-3)Fuqia e ngarkes\u00ebs: 40 ANumri i poleve: 3Tension bobine: 230 V ACFrekuenca: 50\/60 HzMbrojtja: IP20Jeta elektrike: 1,000,000 operacioneJeta mekanike: 10,000,000 operacioneTemperatura e funksionimit: -25 \u00b0C deri +60 \u00b0CMontimi: Montim n\u00eb shina DIN ose me vidaTerminalet: Terminale me vida, deri n\u00eb 2 x 4 mm\u00b2Standarde: [&hellip;]<\/p>","protected":false},"featured_media":3992,"comment_status":"open","ping_status":"closed","template":"","meta":{"_acf_changed":false},"product_brand":[],"product_cat":[83,42],"product_tag":[],"class_list":{"0":"post-3991","1":"product","2":"type-product","3":"status-publish","4":"has-post-thumbnail","6":"product_cat-kontaktore-fuqie","7":"product_cat-serite-industriale","9":"first","10":"instock","11":"shipping-taxable","12":"product-type-simple"},"acf":[],"_links":{"self":[{"href":"https:\/\/www.brikaelektrik.al\/al\/wp-json\/wp\/v2\/product\/3991","targetHints":{"allow":["GET"]}}],"collection":[{"href":"https:\/\/www.brikaelektrik.al\/al\/wp-json\/wp\/v2\/product"}],"about":[{"href":"https:\/\/www.brikaelektrik.al\/al\/wp-json\/wp\/v2\/types\/product"}],"replies":[{"embeddable":true,"href":"https:\/\/www.brikaelektrik.al\/al\/wp-json\/wp\/v2\/comments?post=3991"}],"wp:featuredmedia":[{"embeddable":true,"href":"https:\/\/www.brikaelektrik.al\/al\/wp-json\/wp\/v2\/media\/3992"}],"wp:attachment":[{"href":"https:\/\/www.brikaelektrik.al\/al\/wp-json\/wp\/v2\/media?parent=3991"}],"wp:term":[{"taxonomy":"product_brand","embeddable":true,"href":"https:\/\/www.brikaelektrik.al\/al\/wp-json\/wp\/v2\/product_brand?post=3991"},{"taxonomy":"product_cat","embeddable":true,"href":"https:\/\/www.brikaelektrik.al\/al\/wp-json\/wp\/v2\/product_cat?post=3991"},{"taxonomy":"product_tag","embeddable":true,"href":"https:\/\/www.brikaelektrik.al\/al\/wp-json\/wp\/v2\/product_tag?post=3991"}],"curies":[{"name":"wp","href":"https:\/\/api.w.org\/{rel}","templated":true}]}}