{"id":3993,"date":"2025-09-01T13:45:44","date_gmt":"2025-09-01T13:45:44","guid":{"rendered":"https:\/\/www.brikaelektrik.al\/?post_type=product&#038;p=3993"},"modified":"2025-09-01T13:45:44","modified_gmt":"2025-09-01T13:45:44","slug":"leshues-modular-ip-25a-ac-24v-2no","status":"publish","type":"product","link":"https:\/\/www.brikaelektrik.al\/al\/produkt\/leshues-modular-ip-25a-ac-24v-2no\/","title":{"rendered":"L\u00cbSHUES MODULAR IP 25A AC 24V 2NO"},"content":{"rendered":"<p><strong data-start=\"127\" data-end=\"137\">Seria:<\/strong> Acti9 iCT<br data-start=\"147\" data-end=\"150\" \/><strong data-start=\"150\" data-end=\"160\">Lloji:<\/strong> Kontaktor modular 2-pol\u00ebsh (2 NO) \u2013 24 V AC, 50 Hz<br data-start=\"211\" data-end=\"214\" \/><strong data-start=\"214\" data-end=\"240\" data-is-only-node=\"\">Tension operativ (Ue):<\/strong> 250 V AC<br data-start=\"249\" data-end=\"252\" \/><strong data-start=\"252\" data-end=\"285\">Tension i komand\u00ebs (bobin\u00ebs):<\/strong> 24 V AC, 50 Hz<br data-start=\"300\" data-end=\"303\" \/><strong data-start=\"303\" data-end=\"327\">Rryma nominale (Ie):<\/strong> 25 A (AC-7a), 8.5 A (AC-7b)<br data-start=\"355\" data-end=\"358\" \/><strong data-start=\"358\" data-end=\"372\">Frekuenca:<\/strong> 50 Hz<br data-start=\"378\" data-end=\"381\" \/><strong data-start=\"381\" data-end=\"405\">Kapacitet prishjeje:<\/strong> Sipas AC-7a \/ AC-7b<br data-start=\"425\" data-end=\"428\" \/><strong data-start=\"428\" data-end=\"455\">Jet\u00ebgjat\u00ebsia elektrike:<\/strong> Deri n\u00eb 100,000 cikle (AC-7a)<br data-start=\"485\" data-end=\"488\" \/><strong data-start=\"488\" data-end=\"514\">Jet\u00ebgjat\u00ebsia mekanike:<\/strong> Deri n\u00eb 1,000,000 cikle<br data-start=\"538\" data-end=\"541\" \/><strong data-start=\"541\" data-end=\"572\">Temperatura e funksionimit:<\/strong> \u20135 \u00b0C deri +60 \u00b0C<br data-start=\"590\" data-end=\"593\" \/><strong data-start=\"593\" data-end=\"620\">Temperatura e ruajtjes:<\/strong> \u201340 \u00b0C deri +70 \u00b0C<br data-start=\"639\" data-end=\"642\" \/><strong data-start=\"642\" data-end=\"655\">Mbrojtja:<\/strong> IP20 (IP40 n\u00eb kas\u00eb modulare)<br data-start=\"684\" data-end=\"687\" \/><strong data-start=\"687\" data-end=\"700\">Gjer\u00ebsia:<\/strong> 18 mm (2 module)<br data-start=\"717\" data-end=\"720\" \/><strong data-start=\"720\" data-end=\"733\">Lart\u00ebsia:<\/strong> 81 mm<br data-start=\"739\" data-end=\"742\" \/><strong data-start=\"742\" data-end=\"756\">Thell\u00ebsia:<\/strong> 68.5 mm<br data-start=\"764\" data-end=\"767\" \/><strong data-start=\"767\" data-end=\"777\">Pesha:<\/strong> ~135 g<br data-start=\"784\" data-end=\"787\" \/><strong data-start=\"787\" data-end=\"799\">Montimi:<\/strong> Montim n\u00eb shina DIN (35 mm)<br data-start=\"827\" data-end=\"830\" \/><strong data-start=\"830\" data-end=\"845\">Terminalet:<\/strong> Terminale me vida, deri n\u00eb 2 x 2.5 mm\u00b2<br data-start=\"884\" data-end=\"887\" \/><strong data-start=\"887\" data-end=\"901\">Standarde:<\/strong> EN\/IEC 61095<br data-start=\"914\" data-end=\"917\" \/><strong data-start=\"917\" data-end=\"933\">\u00c7ertifikata:<\/strong> CE<br data-start=\"936\" data-end=\"939\" \/><strong data-start=\"939\" data-end=\"962\">Numri i kontakteve:<\/strong> 2 kontakte normalisht t\u00eb hapura (NO)<br data-start=\"999\" data-end=\"1002\" \/><strong data-start=\"1002\" data-end=\"1016\">P\u00ebrdorimi:<\/strong> Kontaktor modular p\u00ebr kontroll t\u00eb ndri\u00e7imit, ngarkesave rezistive dhe aplikime t\u00eb p\u00ebrditshme n\u00eb mjedise industriale dhe rezidenciale<\/p>","protected":false},"excerpt":{"rendered":"<p>Seria: Acti9 iCTLloji: Kontaktor modular 2-pol\u00ebsh (2 NO) \u2013 24 V AC, 50 HzTension operativ (Ue): 250 V ACTension i komand\u00ebs (bobin\u00ebs): 24 V AC, 50 HzRryma nominale (Ie): 25 A (AC-7a), 8.5 A (AC-7b)Frekuenca: 50 HzKapacitet prishjeje: Sipas AC-7a \/ AC-7bJet\u00ebgjat\u00ebsia elektrike: Deri n\u00eb 100,000 cikle (AC-7a)Jet\u00ebgjat\u00ebsia mekanike: Deri n\u00eb 1,000,000 cikleTemperatura e funksionimit: [&hellip;]<\/p>","protected":false},"featured_media":3994,"comment_status":"open","ping_status":"closed","template":"","meta":{"_acf_changed":false},"product_brand":[],"product_cat":[83,42],"product_tag":[],"class_list":{"0":"post-3993","1":"product","2":"type-product","3":"status-publish","4":"has-post-thumbnail","6":"product_cat-kontaktore-fuqie","7":"product_cat-serite-industriale","9":"first","10":"instock","11":"shipping-taxable","12":"product-type-simple"},"acf":[],"_links":{"self":[{"href":"https:\/\/www.brikaelektrik.al\/al\/wp-json\/wp\/v2\/product\/3993","targetHints":{"allow":["GET"]}}],"collection":[{"href":"https:\/\/www.brikaelektrik.al\/al\/wp-json\/wp\/v2\/product"}],"about":[{"href":"https:\/\/www.brikaelektrik.al\/al\/wp-json\/wp\/v2\/types\/product"}],"replies":[{"embeddable":true,"href":"https:\/\/www.brikaelektrik.al\/al\/wp-json\/wp\/v2\/comments?post=3993"}],"wp:featuredmedia":[{"embeddable":true,"href":"https:\/\/www.brikaelektrik.al\/al\/wp-json\/wp\/v2\/media\/3994"}],"wp:attachment":[{"href":"https:\/\/www.brikaelektrik.al\/al\/wp-json\/wp\/v2\/media?parent=3993"}],"wp:term":[{"taxonomy":"product_brand","embeddable":true,"href":"https:\/\/www.brikaelektrik.al\/al\/wp-json\/wp\/v2\/product_brand?post=3993"},{"taxonomy":"product_cat","embeddable":true,"href":"https:\/\/www.brikaelektrik.al\/al\/wp-json\/wp\/v2\/product_cat?post=3993"},{"taxonomy":"product_tag","embeddable":true,"href":"https:\/\/www.brikaelektrik.al\/al\/wp-json\/wp\/v2\/product_tag?post=3993"}],"curies":[{"name":"wp","href":"https:\/\/api.w.org\/{rel}","templated":true}]}}