{"id":3995,"date":"2025-09-01T13:49:44","date_gmt":"2025-09-01T13:49:44","guid":{"rendered":"https:\/\/www.brikaelektrik.al\/?post_type=product&#038;p=3995"},"modified":"2025-09-01T13:49:54","modified_gmt":"2025-09-01T13:49:54","slug":"mini-leshues-16a-ac3-220vac-50-60hz","status":"publish","type":"product","link":"https:\/\/www.brikaelektrik.al\/al\/produkt\/mini-leshues-16a-ac3-220vac-50-60hz\/","title":{"rendered":"MINI L\u00cbSHUES 16A AC3 220VAC 50\/60HZ"},"content":{"rendered":"<p><strong data-start=\"165\" data-end=\"175\">Seria:<\/strong> Acti9 iCT<br data-start=\"185\" data-end=\"188\" \/><strong data-start=\"188\" data-end=\"198\">Lloji:<\/strong> Kontaktor modular 2-pol\u00ebsh (2 NO) \u2013 24 V AC, 50 Hz<br data-start=\"249\" data-end=\"252\" \/><strong data-start=\"252\" data-end=\"278\" data-is-only-node=\"\">Tension operativ (Ue):<\/strong> 250 V AC<br data-start=\"287\" data-end=\"290\" \/><strong data-start=\"290\" data-end=\"304\">Frekuenca:<\/strong> 50 Hz<br data-start=\"310\" data-end=\"313\" \/><strong data-start=\"313\" data-end=\"337\">Rryma nominale (Ie):<\/strong> 25 A (AC-7a), 8.5 A (AC-7b)<br data-start=\"365\" data-end=\"368\" \/><strong data-start=\"368\" data-end=\"395\">Jet\u00ebgjat\u00ebsia elektrike:<\/strong> 100,000 cikle (AC-7a), 30,000 cikle (AC-7b)<br data-start=\"439\" data-end=\"442\" \/><strong data-start=\"442\" data-end=\"468\">Jet\u00ebgjat\u00ebsia mekanike:<\/strong> 1,000,000 cikle<br data-start=\"484\" data-end=\"487\" \/><strong data-start=\"487\" data-end=\"518\">Temperatura e funksionimit:<\/strong> \u20135 \u00b0C deri +60 \u00b0C<br data-start=\"536\" data-end=\"539\" \/><strong data-start=\"539\" data-end=\"566\">Temperatura e ruajtjes:<\/strong> \u201340 \u00b0C deri +70 \u00b0C<br data-start=\"585\" data-end=\"588\" \/><strong data-start=\"588\" data-end=\"601\">Mbrojtja:<\/strong> IP20 (IP40 n\u00eb kas\u00eb modulare)<br data-start=\"630\" data-end=\"633\" \/><strong data-start=\"633\" data-end=\"646\">Gjer\u00ebsia:<\/strong> 18 mm<br data-start=\"652\" data-end=\"655\" \/><strong data-start=\"655\" data-end=\"668\">Lart\u00ebsia:<\/strong> 81 mm<br data-start=\"674\" data-end=\"677\" \/><strong data-start=\"677\" data-end=\"691\">Thell\u00ebsia:<\/strong> 68.5 mm<br data-start=\"699\" data-end=\"702\" \/><strong data-start=\"702\" data-end=\"712\">Pesha:<\/strong> ~135 g<br data-start=\"719\" data-end=\"722\" \/><strong data-start=\"722\" data-end=\"734\">Montimi:<\/strong> Montim n\u00eb shina DIN 35 mm<br data-start=\"760\" data-end=\"763\" \/><strong data-start=\"763\" data-end=\"778\">Terminalet:<\/strong> Terminale me vida, p\u00ebr tela deri n\u00eb 2 x 2.5 mm\u00b2<br data-start=\"826\" data-end=\"829\" \/><strong data-start=\"829\" data-end=\"843\">Standarde:<\/strong> EN\/IEC 61095<br data-start=\"856\" data-end=\"859\" \/><strong data-start=\"859\" data-end=\"875\">\u00c7ertifikata:<\/strong> CE<br data-start=\"878\" data-end=\"881\" \/><strong data-start=\"881\" data-end=\"904\">Numri i kontakteve:<\/strong> 2 NO<\/p>","protected":false},"excerpt":{"rendered":"<p>Seria: Acti9 iCTLloji: Kontaktor modular 2-pol\u00ebsh (2 NO) \u2013 24 V AC, 50 HzTension operativ (Ue): 250 V ACFrekuenca: 50 HzRryma nominale (Ie): 25 A (AC-7a), 8.5 A (AC-7b)Jet\u00ebgjat\u00ebsia elektrike: 100,000 cikle (AC-7a), 30,000 cikle (AC-7b)Jet\u00ebgjat\u00ebsia mekanike: 1,000,000 cikleTemperatura e funksionimit: \u20135 \u00b0C deri +60 \u00b0CTemperatura e ruajtjes: \u201340 \u00b0C deri +70 \u00b0CMbrojtja: IP20 (IP40 [&hellip;]<\/p>","protected":false},"featured_media":3996,"comment_status":"open","ping_status":"closed","template":"","meta":{"_acf_changed":false},"product_brand":[],"product_cat":[83,42],"product_tag":[],"class_list":{"0":"post-3995","1":"product","2":"type-product","3":"status-publish","4":"has-post-thumbnail","6":"product_cat-kontaktore-fuqie","7":"product_cat-serite-industriale","9":"first","10":"instock","11":"shipping-taxable","12":"product-type-simple"},"acf":[],"_links":{"self":[{"href":"https:\/\/www.brikaelektrik.al\/al\/wp-json\/wp\/v2\/product\/3995","targetHints":{"allow":["GET"]}}],"collection":[{"href":"https:\/\/www.brikaelektrik.al\/al\/wp-json\/wp\/v2\/product"}],"about":[{"href":"https:\/\/www.brikaelektrik.al\/al\/wp-json\/wp\/v2\/types\/product"}],"replies":[{"embeddable":true,"href":"https:\/\/www.brikaelektrik.al\/al\/wp-json\/wp\/v2\/comments?post=3995"}],"wp:featuredmedia":[{"embeddable":true,"href":"https:\/\/www.brikaelektrik.al\/al\/wp-json\/wp\/v2\/media\/3996"}],"wp:attachment":[{"href":"https:\/\/www.brikaelektrik.al\/al\/wp-json\/wp\/v2\/media?parent=3995"}],"wp:term":[{"taxonomy":"product_brand","embeddable":true,"href":"https:\/\/www.brikaelektrik.al\/al\/wp-json\/wp\/v2\/product_brand?post=3995"},{"taxonomy":"product_cat","embeddable":true,"href":"https:\/\/www.brikaelektrik.al\/al\/wp-json\/wp\/v2\/product_cat?post=3995"},{"taxonomy":"product_tag","embeddable":true,"href":"https:\/\/www.brikaelektrik.al\/al\/wp-json\/wp\/v2\/product_tag?post=3995"}],"curies":[{"name":"wp","href":"https:\/\/api.w.org\/{rel}","templated":true}]}}