{"id":3997,"date":"2025-09-01T13:57:05","date_gmt":"2025-09-01T13:57:05","guid":{"rendered":"https:\/\/www.brikaelektrik.al\/?post_type=product&#038;p=3997"},"modified":"2025-09-01T13:57:05","modified_gmt":"2025-09-01T13:57:05","slug":"leshues-16a-mini-24v","status":"publish","type":"product","link":"https:\/\/www.brikaelektrik.al\/al\/produkt\/leshues-16a-mini-24v\/","title":{"rendered":"L\u00cbSHUES 16A MINI 24V"},"content":{"rendered":"<p><strong data-start=\"113\" data-end=\"123\">Seria:<\/strong> TeSys K<br data-start=\"131\" data-end=\"134\" \/><strong data-start=\"134\" data-end=\"144\">Lloji:<\/strong> Kontaktor 3-pol\u00ebsh me 1 kontakt ndihm\u00ebs NO, bobin\u00eb 24 V AC, 50\/60 Hz<br data-start=\"213\" data-end=\"216\" \/><strong data-start=\"216\" data-end=\"242\" data-is-only-node=\"\">Tension operativ (Ue):<\/strong> Deri n\u00eb 440 V AC (AC-3)<br data-start=\"266\" data-end=\"269\" \/><strong data-start=\"269\" data-end=\"283\">Frekuenca:<\/strong> 50\/60 Hz<br data-start=\"292\" data-end=\"295\" \/><strong data-start=\"295\" data-end=\"319\">Rryma nominale (Ie):<\/strong> 16 A (AC-3)<br data-start=\"331\" data-end=\"334\" \/><strong data-start=\"334\" data-end=\"363\">Fuqia e komanduar (AC-3):<\/strong> 7.5 kW n\u00eb 400 V AC<br data-start=\"382\" data-end=\"385\" \/><strong data-start=\"385\" data-end=\"414\">Tensioni i komand\u00ebs (Us):<\/strong> 24 V AC<br data-start=\"422\" data-end=\"425\" \/><strong data-start=\"425\" data-end=\"456\">Tension impulsizues (Uimp):<\/strong> 8 kV<br data-start=\"461\" data-end=\"464\" \/><strong data-start=\"464\" data-end=\"491\">Jet\u00ebgjat\u00ebsia elektrike:<\/strong> 1.3 milion cikle<br data-start=\"508\" data-end=\"511\" \/><strong data-start=\"511\" data-end=\"537\">Jet\u00ebgjat\u00ebsia mekanike:<\/strong> 10 milion cikle<br data-start=\"553\" data-end=\"556\" \/><strong data-start=\"556\" data-end=\"587\">Temperatura e funksionimit:<\/strong> \u201325 \u00b0C deri +50 \u00b0C<br data-start=\"606\" data-end=\"609\" \/><strong data-start=\"609\" data-end=\"636\">Temperatura e ruajtjes:<\/strong> \u201350 \u00b0C deri +80 \u00b0C<br data-start=\"655\" data-end=\"658\" \/><strong data-start=\"658\" data-end=\"671\">Mbrojtja:<\/strong> IP2X<br data-start=\"676\" data-end=\"679\" \/><strong data-start=\"679\" data-end=\"692\">Gjer\u00ebsia:<\/strong> 45 mm<br data-start=\"698\" data-end=\"701\" \/><strong data-start=\"701\" data-end=\"711\">Pesha:<\/strong> ~180 g<br data-start=\"718\" data-end=\"721\" \/><strong data-start=\"721\" data-end=\"733\">Montimi:<\/strong> Montim n\u00eb shina DIN ose me vida<br data-start=\"765\" data-end=\"768\" \/><strong data-start=\"768\" data-end=\"783\">Terminalet:<\/strong> Terminale me vid\u00eb, p\u00ebr tela deri n\u00eb 2 x 2.5 mm\u00b2<br data-start=\"831\" data-end=\"834\" \/><strong data-start=\"834\" data-end=\"848\">Standarde:<\/strong> EN\/IEC 60947-4-1<br data-start=\"865\" data-end=\"868\" \/><strong data-start=\"868\" data-end=\"884\">\u00c7ertifikata:<\/strong> CE, UL, CSA, EAC, Green Premium (RoHS\/REACH)<br data-start=\"929\" data-end=\"932\" \/><strong data-start=\"932\" data-end=\"952\">Ngjyra e trupit:<\/strong> Gri<br data-start=\"956\" data-end=\"959\" \/><strong data-start=\"959\" data-end=\"986\">Kategoria e p\u00ebrdorimit:<\/strong> AC-3<\/p>","protected":false},"excerpt":{"rendered":"<p>Seria: TeSys KLloji: Kontaktor 3-pol\u00ebsh me 1 kontakt ndihm\u00ebs NO, bobin\u00eb 24 V AC, 50\/60 HzTension operativ (Ue): Deri n\u00eb 440 V AC (AC-3)Frekuenca: 50\/60 HzRryma nominale (Ie): 16 A (AC-3)Fuqia e komanduar (AC-3): 7.5 kW n\u00eb 400 V ACTensioni i komand\u00ebs (Us): 24 V ACTension impulsizues (Uimp): 8 kVJet\u00ebgjat\u00ebsia elektrike: 1.3 milion cikleJet\u00ebgjat\u00ebsia mekanike: [&hellip;]<\/p>","protected":false},"featured_media":3998,"comment_status":"open","ping_status":"closed","template":"","meta":{"_acf_changed":false},"product_brand":[],"product_cat":[83,42],"product_tag":[],"class_list":{"0":"post-3997","1":"product","2":"type-product","3":"status-publish","4":"has-post-thumbnail","6":"product_cat-kontaktore-fuqie","7":"product_cat-serite-industriale","9":"first","10":"instock","11":"shipping-taxable","12":"product-type-simple"},"acf":[],"_links":{"self":[{"href":"https:\/\/www.brikaelektrik.al\/al\/wp-json\/wp\/v2\/product\/3997","targetHints":{"allow":["GET"]}}],"collection":[{"href":"https:\/\/www.brikaelektrik.al\/al\/wp-json\/wp\/v2\/product"}],"about":[{"href":"https:\/\/www.brikaelektrik.al\/al\/wp-json\/wp\/v2\/types\/product"}],"replies":[{"embeddable":true,"href":"https:\/\/www.brikaelektrik.al\/al\/wp-json\/wp\/v2\/comments?post=3997"}],"wp:featuredmedia":[{"embeddable":true,"href":"https:\/\/www.brikaelektrik.al\/al\/wp-json\/wp\/v2\/media\/3998"}],"wp:attachment":[{"href":"https:\/\/www.brikaelektrik.al\/al\/wp-json\/wp\/v2\/media?parent=3997"}],"wp:term":[{"taxonomy":"product_brand","embeddable":true,"href":"https:\/\/www.brikaelektrik.al\/al\/wp-json\/wp\/v2\/product_brand?post=3997"},{"taxonomy":"product_cat","embeddable":true,"href":"https:\/\/www.brikaelektrik.al\/al\/wp-json\/wp\/v2\/product_cat?post=3997"},{"taxonomy":"product_tag","embeddable":true,"href":"https:\/\/www.brikaelektrik.al\/al\/wp-json\/wp\/v2\/product_tag?post=3997"}],"curies":[{"name":"wp","href":"https:\/\/api.w.org\/{rel}","templated":true}]}}