{"id":3999,"date":"2025-09-01T14:01:25","date_gmt":"2025-09-01T14:01:25","guid":{"rendered":"https:\/\/www.brikaelektrik.al\/?post_type=product&#038;p=3999"},"modified":"2025-09-01T14:01:25","modified_gmt":"2025-09-01T14:01:25","slug":"leshues-d12-5-5kw-24v-dc","status":"publish","type":"product","link":"https:\/\/www.brikaelektrik.al\/al\/produkt\/leshues-d12-5-5kw-24v-dc\/","title":{"rendered":"L\u00cbSHUES D12 5.5KW 24V DC"},"content":{"rendered":"<p><strong data-start=\"97\" data-end=\"107\">Seria:<\/strong> TeSys D<br data-start=\"115\" data-end=\"118\" \/><strong data-start=\"118\" data-end=\"128\">Lloji:<\/strong> Kontaktor 3-pol\u00ebsh me 1 kontakt ndihm\u00ebs (1 NO + 1 NC), bobin\u00eb 24 V DC<br data-start=\"198\" data-end=\"201\" \/><strong data-start=\"201\" data-end=\"227\" data-is-only-node=\"\">Tension operativ (Ue):<\/strong> Deri n\u00eb 440 V AC<br data-start=\"244\" data-end=\"247\" \/><strong data-start=\"247\" data-end=\"261\">Frekuenca:<\/strong> Nuk aplikohet (bobin\u00eb DC)<br data-start=\"287\" data-end=\"290\" \/><strong data-start=\"290\" data-end=\"326\">Fuqia e komanduar (AC-3, 400 V):<\/strong> 5.5 kW<br data-start=\"333\" data-end=\"336\" \/><strong data-start=\"336\" data-end=\"360\">Rryma nominale (Ie):<\/strong> 12 A<br data-start=\"365\" data-end=\"368\" \/><strong data-start=\"368\" data-end=\"395\">Tension komandimi (Us):<\/strong> 24 V DC<br data-start=\"403\" data-end=\"406\" \/><strong data-start=\"406\" data-end=\"437\">Tension impulsizues (Uimp):<\/strong> 6 kV<br data-start=\"442\" data-end=\"445\" \/><strong data-start=\"445\" data-end=\"472\">Jet\u00ebgjat\u00ebsia elektrike:<\/strong> 2 milion cikle<br data-start=\"487\" data-end=\"490\" \/><strong data-start=\"490\" data-end=\"516\">Jet\u00ebgjat\u00ebsia mekanike:<\/strong> 30 milion cikle<br data-start=\"532\" data-end=\"535\" \/><strong data-start=\"535\" data-end=\"566\">Temperatura e funksionimit:<\/strong> \u201340 \u00b0C deri +60 \u00b0C<br data-start=\"585\" data-end=\"588\" \/><strong data-start=\"588\" data-end=\"615\">Temperatura e ruajtjes:<\/strong> \u201360 \u00b0C deri +80 \u00b0C<br data-start=\"634\" data-end=\"637\" \/><strong data-start=\"637\" data-end=\"650\">Mbrojtja:<\/strong> IP20<br data-start=\"655\" data-end=\"658\" \/><strong data-start=\"658\" data-end=\"671\">Gjer\u00ebsia:<\/strong> 45 mm<br data-start=\"677\" data-end=\"680\" \/><strong data-start=\"680\" data-end=\"690\">Pesha:<\/strong> ~0.48 kg<br data-start=\"699\" data-end=\"702\" \/><strong data-start=\"702\" data-end=\"714\">Montimi:<\/strong> Montim n\u00eb shina DIN ose me vida<br data-start=\"746\" data-end=\"749\" \/><strong data-start=\"749\" data-end=\"764\">Terminalet:<\/strong> Terminale me vid\u00eb, deri n\u00eb 2 x 2.5 mm\u00b2<br data-start=\"803\" data-end=\"806\" \/><strong data-start=\"806\" data-end=\"820\">Standarde:<\/strong> EN\/IEC 60947-4-1<br data-start=\"837\" data-end=\"840\" \/><strong data-start=\"840\" data-end=\"856\">\u00c7ertifikata:<\/strong> CE, UL, CSA, EAC, Green Premium (RoHS\/REACH)<br data-start=\"901\" data-end=\"904\" \/><strong data-start=\"904\" data-end=\"924\">Ngjyra e trupit:<\/strong> Gri<br data-start=\"928\" data-end=\"931\" \/><strong data-start=\"931\" data-end=\"956\">Lloji i sinjalizimit:<\/strong> Kontaktor me bobin\u00eb DC dhe modul mbrojt\u00ebs (suppression diode)<\/p>","protected":false},"excerpt":{"rendered":"<p>Seria: TeSys DLloji: Kontaktor 3-pol\u00ebsh me 1 kontakt ndihm\u00ebs (1 NO + 1 NC), bobin\u00eb 24 V DCTension operativ (Ue): Deri n\u00eb 440 V ACFrekuenca: Nuk aplikohet (bobin\u00eb DC)Fuqia e komanduar (AC-3, 400 V): 5.5 kWRryma nominale (Ie): 12 ATension komandimi (Us): 24 V DCTension impulsizues (Uimp): 6 kVJet\u00ebgjat\u00ebsia elektrike: 2 milion cikleJet\u00ebgjat\u00ebsia mekanike: 30 [&hellip;]<\/p>","protected":false},"featured_media":4000,"comment_status":"open","ping_status":"closed","template":"","meta":{"_acf_changed":false},"product_brand":[],"product_cat":[83,42],"product_tag":[],"class_list":{"0":"post-3999","1":"product","2":"type-product","3":"status-publish","4":"has-post-thumbnail","6":"product_cat-kontaktore-fuqie","7":"product_cat-serite-industriale","9":"first","10":"instock","11":"shipping-taxable","12":"product-type-simple"},"acf":[],"_links":{"self":[{"href":"https:\/\/www.brikaelektrik.al\/al\/wp-json\/wp\/v2\/product\/3999","targetHints":{"allow":["GET"]}}],"collection":[{"href":"https:\/\/www.brikaelektrik.al\/al\/wp-json\/wp\/v2\/product"}],"about":[{"href":"https:\/\/www.brikaelektrik.al\/al\/wp-json\/wp\/v2\/types\/product"}],"replies":[{"embeddable":true,"href":"https:\/\/www.brikaelektrik.al\/al\/wp-json\/wp\/v2\/comments?post=3999"}],"wp:featuredmedia":[{"embeddable":true,"href":"https:\/\/www.brikaelektrik.al\/al\/wp-json\/wp\/v2\/media\/4000"}],"wp:attachment":[{"href":"https:\/\/www.brikaelektrik.al\/al\/wp-json\/wp\/v2\/media?parent=3999"}],"wp:term":[{"taxonomy":"product_brand","embeddable":true,"href":"https:\/\/www.brikaelektrik.al\/al\/wp-json\/wp\/v2\/product_brand?post=3999"},{"taxonomy":"product_cat","embeddable":true,"href":"https:\/\/www.brikaelektrik.al\/al\/wp-json\/wp\/v2\/product_cat?post=3999"},{"taxonomy":"product_tag","embeddable":true,"href":"https:\/\/www.brikaelektrik.al\/al\/wp-json\/wp\/v2\/product_tag?post=3999"}],"curies":[{"name":"wp","href":"https:\/\/api.w.org\/{rel}","templated":true}]}}