{"id":4001,"date":"2025-09-01T14:04:03","date_gmt":"2025-09-01T14:04:03","guid":{"rendered":"https:\/\/www.brikaelektrik.al\/?post_type=product&#038;p=4001"},"modified":"2025-09-01T14:04:04","modified_gmt":"2025-09-01T14:04:04","slug":"leshues-industrial-3p-225a-80kw","status":"publish","type":"product","link":"https:\/\/www.brikaelektrik.al\/al\/produkt\/leshues-industrial-3p-225a-80kw\/","title":{"rendered":"L\u00cbSHUES INDUSTRIAL 3P 225A 80KW"},"content":{"rendered":"<p><strong data-start=\"121\" data-end=\"131\">Seria:<\/strong> TeSys F<br data-start=\"139\" data-end=\"142\" \/><strong data-start=\"142\" data-end=\"152\">Lloji:<\/strong> Kontaktor 3-pol\u00ebsh (3 NO) pa bobin\u00eb<br data-start=\"188\" data-end=\"191\" \/><strong data-start=\"191\" data-end=\"217\">Tension operativ (Ue):<\/strong> Deri n\u00eb 440 V AC<br data-start=\"234\" data-end=\"237\" data-is-only-node=\"\" \/><strong data-start=\"237\" data-end=\"251\">Frekuenca:<\/strong> 50\/60 Hz<br data-start=\"260\" data-end=\"263\" \/><strong data-start=\"263\" data-end=\"287\">Rryma nominale (Ie):<\/strong> 225 A (AC-3)<br data-start=\"300\" data-end=\"303\" \/><strong data-start=\"303\" data-end=\"339\">Fuqia e komanduar (AC-3, 400 V):<\/strong> 110 kW<br data-start=\"346\" data-end=\"349\" \/><strong data-start=\"349\" data-end=\"376\">Tension komandimi (Us):<\/strong> Pa bobin\u00eb (duhet porositur ve\u00e7)<br data-start=\"408\" data-end=\"411\" \/><strong data-start=\"411\" data-end=\"442\">Tension impulsizues (Uimp):<\/strong> 8 kV<br data-start=\"447\" data-end=\"450\" \/><strong data-start=\"450\" data-end=\"477\">Jet\u00ebgjat\u00ebsia elektrike:<\/strong> Nuk specifikohet<br data-start=\"494\" data-end=\"497\" \/><strong data-start=\"497\" data-end=\"523\">Jet\u00ebgjat\u00ebsia mekanike:<\/strong> 10 milion cikle<br data-start=\"539\" data-end=\"542\" \/><strong data-start=\"542\" data-end=\"573\">Temperatura e funksionimit:<\/strong> \u20135 \u00b0C deri +55 \u00b0C<br data-start=\"591\" data-end=\"594\" \/><strong data-start=\"594\" data-end=\"621\">Temperatura e ruajtjes:<\/strong> \u201360 \u00b0C deri +80 \u00b0C<br data-start=\"640\" data-end=\"643\" \/><strong data-start=\"643\" data-end=\"656\">Mbrojtja:<\/strong> IP20<br data-start=\"661\" data-end=\"664\" \/><strong data-start=\"664\" data-end=\"677\">Gjer\u00ebsia:<\/strong> 168.5 mm<br data-start=\"686\" data-end=\"689\" \/><strong data-start=\"689\" data-end=\"702\">Lart\u00ebsia:<\/strong> 197 mm<br data-start=\"709\" data-end=\"712\" \/><strong data-start=\"712\" data-end=\"726\">Thell\u00ebsia:<\/strong> 181 mm<br data-start=\"733\" data-end=\"736\" \/><strong data-start=\"736\" data-end=\"746\">Pesha:<\/strong> 5.55 kg<br data-start=\"754\" data-end=\"757\" \/><strong data-start=\"757\" data-end=\"769\">Montimi:<\/strong> Montim n\u00eb panel<br data-start=\"785\" data-end=\"788\" \/><strong data-start=\"788\" data-end=\"803\">Terminalet:<\/strong> P\u00ebr tuba\/kabllo me lugs, deri n\u00eb 185 mm\u00b2<br data-start=\"844\" data-end=\"847\" \/><strong data-start=\"847\" data-end=\"861\">Standarde:<\/strong> IEC\/EN 60947-1, 60947-4-1<br data-start=\"887\" data-end=\"890\" \/><strong data-start=\"890\" data-end=\"906\">\u00c7ertifikata:<\/strong> CE, UL, CSA, CCC, EAC<br data-start=\"928\" data-end=\"931\" \/><strong data-start=\"931\" data-end=\"956\">Lloji i sinjalizimit:<\/strong> Pa bobin\u00eb<\/p>","protected":false},"excerpt":{"rendered":"<p>Seria: TeSys FLloji: Kontaktor 3-pol\u00ebsh (3 NO) pa bobin\u00ebTension operativ (Ue): Deri n\u00eb 440 V ACFrekuenca: 50\/60 HzRryma nominale (Ie): 225 A (AC-3)Fuqia e komanduar (AC-3, 400 V): 110 kWTension komandimi (Us): Pa bobin\u00eb (duhet porositur ve\u00e7)Tension impulsizues (Uimp): 8 kVJet\u00ebgjat\u00ebsia elektrike: Nuk specifikohetJet\u00ebgjat\u00ebsia mekanike: 10 milion cikleTemperatura e funksionimit: \u20135 \u00b0C deri +55 \u00b0CTemperatura [&hellip;]<\/p>","protected":false},"featured_media":4002,"comment_status":"open","ping_status":"closed","template":"","meta":{"_acf_changed":false},"product_brand":[],"product_cat":[83,42],"product_tag":[],"class_list":{"0":"post-4001","1":"product","2":"type-product","3":"status-publish","4":"has-post-thumbnail","6":"product_cat-kontaktore-fuqie","7":"product_cat-serite-industriale","9":"first","10":"instock","11":"shipping-taxable","12":"product-type-simple"},"acf":[],"_links":{"self":[{"href":"https:\/\/www.brikaelektrik.al\/al\/wp-json\/wp\/v2\/product\/4001","targetHints":{"allow":["GET"]}}],"collection":[{"href":"https:\/\/www.brikaelektrik.al\/al\/wp-json\/wp\/v2\/product"}],"about":[{"href":"https:\/\/www.brikaelektrik.al\/al\/wp-json\/wp\/v2\/types\/product"}],"replies":[{"embeddable":true,"href":"https:\/\/www.brikaelektrik.al\/al\/wp-json\/wp\/v2\/comments?post=4001"}],"wp:featuredmedia":[{"embeddable":true,"href":"https:\/\/www.brikaelektrik.al\/al\/wp-json\/wp\/v2\/media\/4002"}],"wp:attachment":[{"href":"https:\/\/www.brikaelektrik.al\/al\/wp-json\/wp\/v2\/media?parent=4001"}],"wp:term":[{"taxonomy":"product_brand","embeddable":true,"href":"https:\/\/www.brikaelektrik.al\/al\/wp-json\/wp\/v2\/product_brand?post=4001"},{"taxonomy":"product_cat","embeddable":true,"href":"https:\/\/www.brikaelektrik.al\/al\/wp-json\/wp\/v2\/product_cat?post=4001"},{"taxonomy":"product_tag","embeddable":true,"href":"https:\/\/www.brikaelektrik.al\/al\/wp-json\/wp\/v2\/product_tag?post=4001"}],"curies":[{"name":"wp","href":"https:\/\/api.w.org\/{rel}","templated":true}]}}