{"id":4003,"date":"2025-09-01T14:06:39","date_gmt":"2025-09-01T14:06:39","guid":{"rendered":"https:\/\/www.brikaelektrik.al\/?post_type=product&#038;p=4003"},"modified":"2025-09-01T14:06:40","modified_gmt":"2025-09-01T14:06:40","slug":"leshues-3p-150a-220v-55kw","status":"publish","type":"product","link":"https:\/\/www.brikaelektrik.al\/al\/produkt\/leshues-3p-150a-220v-55kw\/","title":{"rendered":"L\u00cbSHUES 3P 150A 220V 55KW"},"content":{"rendered":"<p><strong data-start=\"111\" data-end=\"121\">Seria:<\/strong> TeSys F<br data-start=\"129\" data-end=\"132\" \/><strong data-start=\"132\" data-end=\"142\">Lloji:<\/strong> Kontaktor 3-pol\u00ebsh (3 NO), pa bobin\u00eb<br data-start=\"179\" data-end=\"182\" \/><strong data-start=\"182\" data-end=\"208\" data-is-only-node=\"\">Tension operativ (Ue):<\/strong> Deri n\u00eb 440 V AC<br data-start=\"225\" data-end=\"228\" \/><strong data-start=\"228\" data-end=\"242\">Frekuenca:<\/strong> 50\/60 Hz<br data-start=\"251\" data-end=\"254\" \/><strong data-start=\"254\" data-end=\"278\">Rryma nominale (Ie):<\/strong> 150 A (AC-3)<br data-start=\"291\" data-end=\"294\" \/><strong data-start=\"294\" data-end=\"330\">Fuqia e komanduar (AC-3, 400 V):<\/strong> 75 kW<br data-start=\"336\" data-end=\"339\" \/><strong data-start=\"339\" data-end=\"366\">Tension komandimi (Us):<\/strong> Pa bobin\u00eb (duhet porositur ve\u00e7)<br data-start=\"398\" data-end=\"401\" \/><strong data-start=\"401\" data-end=\"432\">Tension impulsizues (Uimp):<\/strong> 8 kV<br data-start=\"437\" data-end=\"440\" \/><strong data-start=\"440\" data-end=\"467\">Jet\u00ebgjat\u00ebsia elektrike:<\/strong> Nuk specifikohet<br data-start=\"484\" data-end=\"487\" \/><strong data-start=\"487\" data-end=\"513\">Jet\u00ebgjat\u00ebsia mekanike:<\/strong> 10 milion cikle<br data-start=\"529\" data-end=\"532\" \/><strong data-start=\"532\" data-end=\"563\">Temperatura e funksionimit:<\/strong> \u20135 \u00b0C deri +55 \u00b0C<br data-start=\"581\" data-end=\"584\" \/><strong data-start=\"584\" data-end=\"611\">Temperatura e ruajtjes:<\/strong> \u201360 \u00b0C deri +80 \u00b0C<br data-start=\"630\" data-end=\"633\" \/><strong data-start=\"633\" data-end=\"646\">Mbrojtja:<\/strong> IP20<br data-start=\"651\" data-end=\"654\" \/><strong data-start=\"654\" data-end=\"667\">Gjer\u00ebsia:<\/strong> 126 mm<br data-start=\"674\" data-end=\"677\" \/><strong data-start=\"677\" data-end=\"690\">Lart\u00ebsia:<\/strong> 197 mm<br data-start=\"697\" data-end=\"700\" \/><strong data-start=\"700\" data-end=\"714\">Thell\u00ebsia:<\/strong> 181 mm<br data-start=\"721\" data-end=\"724\" \/><strong data-start=\"724\" data-end=\"734\">Pesha:<\/strong> 3.6 kg<br data-start=\"741\" data-end=\"744\" \/><strong data-start=\"744\" data-end=\"756\">Montimi:<\/strong> Montim n\u00eb panel<br data-start=\"772\" data-end=\"775\" \/><strong data-start=\"775\" data-end=\"790\">Terminalet:<\/strong> P\u00ebr tuba\/kabllo me lugs, deri n\u00eb 120 mm\u00b2<br data-start=\"831\" data-end=\"834\" \/><strong data-start=\"834\" data-end=\"848\">Standarde:<\/strong> IEC\/EN 60947-1, 60947-4-1<br data-start=\"874\" data-end=\"877\" \/><strong data-start=\"877\" data-end=\"893\">\u00c7ertifikata:<\/strong> CE, UL, CSA, CCC, EAC<br data-start=\"915\" data-end=\"918\" \/><strong data-start=\"918\" data-end=\"943\">Lloji i sinjalizimit:<\/strong> Pa bobin\u00eb<\/p>","protected":false},"excerpt":{"rendered":"<p>Seria: TeSys FLloji: Kontaktor 3-pol\u00ebsh (3 NO), pa bobin\u00ebTension operativ (Ue): Deri n\u00eb 440 V ACFrekuenca: 50\/60 HzRryma nominale (Ie): 150 A (AC-3)Fuqia e komanduar (AC-3, 400 V): 75 kWTension komandimi (Us): Pa bobin\u00eb (duhet porositur ve\u00e7)Tension impulsizues (Uimp): 8 kVJet\u00ebgjat\u00ebsia elektrike: Nuk specifikohetJet\u00ebgjat\u00ebsia mekanike: 10 milion cikleTemperatura e funksionimit: \u20135 \u00b0C deri +55 \u00b0CTemperatura [&hellip;]<\/p>","protected":false},"featured_media":4005,"comment_status":"open","ping_status":"closed","template":"","meta":{"_acf_changed":false},"product_brand":[],"product_cat":[83,42],"product_tag":[],"class_list":{"0":"post-4003","1":"product","2":"type-product","3":"status-publish","4":"has-post-thumbnail","6":"product_cat-kontaktore-fuqie","7":"product_cat-serite-industriale","9":"first","10":"instock","11":"shipping-taxable","12":"product-type-simple"},"acf":[],"_links":{"self":[{"href":"https:\/\/www.brikaelektrik.al\/al\/wp-json\/wp\/v2\/product\/4003","targetHints":{"allow":["GET"]}}],"collection":[{"href":"https:\/\/www.brikaelektrik.al\/al\/wp-json\/wp\/v2\/product"}],"about":[{"href":"https:\/\/www.brikaelektrik.al\/al\/wp-json\/wp\/v2\/types\/product"}],"replies":[{"embeddable":true,"href":"https:\/\/www.brikaelektrik.al\/al\/wp-json\/wp\/v2\/comments?post=4003"}],"wp:featuredmedia":[{"embeddable":true,"href":"https:\/\/www.brikaelektrik.al\/al\/wp-json\/wp\/v2\/media\/4005"}],"wp:attachment":[{"href":"https:\/\/www.brikaelektrik.al\/al\/wp-json\/wp\/v2\/media?parent=4003"}],"wp:term":[{"taxonomy":"product_brand","embeddable":true,"href":"https:\/\/www.brikaelektrik.al\/al\/wp-json\/wp\/v2\/product_brand?post=4003"},{"taxonomy":"product_cat","embeddable":true,"href":"https:\/\/www.brikaelektrik.al\/al\/wp-json\/wp\/v2\/product_cat?post=4003"},{"taxonomy":"product_tag","embeddable":true,"href":"https:\/\/www.brikaelektrik.al\/al\/wp-json\/wp\/v2\/product_tag?post=4003"}],"curies":[{"name":"wp","href":"https:\/\/api.w.org\/{rel}","templated":true}]}}