{"id":4016,"date":"2025-09-01T14:24:18","date_gmt":"2025-09-01T14:24:18","guid":{"rendered":"https:\/\/www.brikaelektrik.al\/?post_type=product&#038;p=4016"},"modified":"2025-09-01T14:24:19","modified_gmt":"2025-09-01T14:24:19","slug":"leshues-3p-65a-220v","status":"publish","type":"product","link":"https:\/\/www.brikaelektrik.al\/al\/produkt\/leshues-3p-65a-220v\/","title":{"rendered":"L\u00cbSHUES 3P 65A 220V"},"content":{"rendered":"<p><strong data-start=\"0\" data-end=\"10\">Seria:<\/strong> TeSys D<br data-start=\"18\" data-end=\"21\" data-is-only-node=\"\" \/><strong data-start=\"21\" data-end=\"31\">Lloji:<\/strong> Kontaktor 3-pol\u00ebsh (3 NO), pa bobin\u00eb<br data-start=\"68\" data-end=\"71\" \/><strong data-start=\"71\" data-end=\"97\">Tension operativ (Ue):<\/strong> Deri n\u00eb 440 V AC<br data-start=\"114\" data-end=\"117\" \/><strong data-start=\"117\" data-end=\"131\">Frekuenca:<\/strong> 50\/60 Hz<br data-start=\"140\" data-end=\"143\" \/><strong data-start=\"143\" data-end=\"167\">Rryma nominale (Ie):<\/strong> 65 A (AC-3)<br data-start=\"179\" data-end=\"182\" \/><strong data-start=\"182\" data-end=\"218\">Fuqia e komanduar (AC-3, 400 V):<\/strong> 30 kW<br data-start=\"224\" data-end=\"227\" \/><strong data-start=\"227\" data-end=\"254\">Tension komandimi (Us):<\/strong> 24 V AC<br data-start=\"262\" data-end=\"265\" \/><strong data-start=\"265\" data-end=\"292\">Jet\u00ebgjat\u00ebsia elektrike:<\/strong> 1 milion cikle (65 A AC-3)<br data-start=\"319\" data-end=\"322\" \/><strong data-start=\"322\" data-end=\"348\">Jet\u00ebgjat\u00ebsia mekanike:<\/strong> 4 milion cikle<br data-start=\"363\" data-end=\"366\" \/><strong data-start=\"366\" data-end=\"397\">Temperatura e funksionimit:<\/strong> \u201340 \u00b0C deri +60 \u00b0C<br data-start=\"416\" data-end=\"419\" \/><strong data-start=\"419\" data-end=\"446\">Temperatura e ruajtjes:<\/strong> \u201360 \u00b0C deri +80 \u00b0C<br data-start=\"465\" data-end=\"468\" \/><strong data-start=\"468\" data-end=\"481\">Mbrojtja:<\/strong> IP20<br data-start=\"486\" data-end=\"489\" \/><strong data-start=\"489\" data-end=\"502\">Gjer\u00ebsia:<\/strong> 55 mm<br data-start=\"508\" data-end=\"511\" \/><strong data-start=\"511\" data-end=\"524\">Lart\u00ebsia:<\/strong> 85 mm<br data-start=\"530\" data-end=\"533\" \/><strong data-start=\"533\" data-end=\"547\">Thell\u00ebsia:<\/strong> 105 mm<br data-start=\"554\" data-end=\"557\" \/><strong data-start=\"557\" data-end=\"567\">Pesha:<\/strong> 0.85 kg<br data-start=\"575\" data-end=\"578\" \/><strong data-start=\"578\" data-end=\"590\">Montimi:<\/strong> Montim n\u00eb panel ose n\u00eb shirit DIN<br data-start=\"624\" data-end=\"627\" \/><strong data-start=\"627\" data-end=\"642\">Terminalet:<\/strong> Terminale me vida p\u00ebr lidhje deri n\u00eb 35 mm\u00b2 p\u00ebr kabllo<br data-start=\"697\" data-end=\"700\" \/><strong data-start=\"700\" data-end=\"714\">Standarde:<\/strong> IEC 60947-1, IEC 60947-4-1<br data-start=\"741\" data-end=\"744\" \/><strong data-start=\"744\" data-end=\"760\">\u00c7ertifikata:<\/strong> CE, UL, CSA, CCC, EAC<br data-start=\"782\" data-end=\"785\" \/><strong data-start=\"785\" data-end=\"810\">Lloji i sinjalizimit:<\/strong> Pa bobin\u00eb<\/p>","protected":false},"excerpt":{"rendered":"<p>Seria: TeSys DLloji: Kontaktor 3-pol\u00ebsh (3 NO), pa bobin\u00ebTension operativ (Ue): Deri n\u00eb 440 V ACFrekuenca: 50\/60 HzRryma nominale (Ie): 65 A (AC-3)Fuqia e komanduar (AC-3, 400 V): 30 kWTension komandimi (Us): 24 V ACJet\u00ebgjat\u00ebsia elektrike: 1 milion cikle (65 A AC-3)Jet\u00ebgjat\u00ebsia mekanike: 4 milion cikleTemperatura e funksionimit: \u201340 \u00b0C deri +60 \u00b0CTemperatura e ruajtjes: [&hellip;]<\/p>","protected":false},"featured_media":4017,"comment_status":"open","ping_status":"closed","template":"","meta":{"_acf_changed":false},"product_brand":[],"product_cat":[83,42],"product_tag":[],"class_list":{"0":"post-4016","1":"product","2":"type-product","3":"status-publish","4":"has-post-thumbnail","6":"product_cat-kontaktore-fuqie","7":"product_cat-serite-industriale","9":"first","10":"instock","11":"shipping-taxable","12":"product-type-simple"},"acf":[],"_links":{"self":[{"href":"https:\/\/www.brikaelektrik.al\/al\/wp-json\/wp\/v2\/product\/4016","targetHints":{"allow":["GET"]}}],"collection":[{"href":"https:\/\/www.brikaelektrik.al\/al\/wp-json\/wp\/v2\/product"}],"about":[{"href":"https:\/\/www.brikaelektrik.al\/al\/wp-json\/wp\/v2\/types\/product"}],"replies":[{"embeddable":true,"href":"https:\/\/www.brikaelektrik.al\/al\/wp-json\/wp\/v2\/comments?post=4016"}],"wp:featuredmedia":[{"embeddable":true,"href":"https:\/\/www.brikaelektrik.al\/al\/wp-json\/wp\/v2\/media\/4017"}],"wp:attachment":[{"href":"https:\/\/www.brikaelektrik.al\/al\/wp-json\/wp\/v2\/media?parent=4016"}],"wp:term":[{"taxonomy":"product_brand","embeddable":true,"href":"https:\/\/www.brikaelektrik.al\/al\/wp-json\/wp\/v2\/product_brand?post=4016"},{"taxonomy":"product_cat","embeddable":true,"href":"https:\/\/www.brikaelektrik.al\/al\/wp-json\/wp\/v2\/product_cat?post=4016"},{"taxonomy":"product_tag","embeddable":true,"href":"https:\/\/www.brikaelektrik.al\/al\/wp-json\/wp\/v2\/product_tag?post=4016"}],"curies":[{"name":"wp","href":"https:\/\/api.w.org\/{rel}","templated":true}]}}