{"id":4018,"date":"2025-09-01T14:28:56","date_gmt":"2025-09-01T14:28:56","guid":{"rendered":"https:\/\/www.brikaelektrik.al\/?post_type=product&#038;p=4018"},"modified":"2025-09-01T14:28:56","modified_gmt":"2025-09-01T14:28:56","slug":"leshues-3p-95a-ac-3-45kw-50-60hz-1no1nc-220v","status":"publish","type":"product","link":"https:\/\/www.brikaelektrik.al\/al\/produkt\/leshues-3p-95a-ac-3-45kw-50-60hz-1no1nc-220v\/","title":{"rendered":"L\u00cbSHUES 3P 95A AC-3 45KW 50\/60Hz 1NO+1NC 220V"},"content":{"rendered":"<p><strong data-start=\"0\" data-end=\"10\">Seria:<\/strong> TeSys D<br data-start=\"18\" data-end=\"21\" data-is-only-node=\"\" \/><strong data-start=\"21\" data-end=\"31\">Lloji:<\/strong> Kontaktor 3-pol\u00ebsh (3 NO), pa bobin\u00eb<br data-start=\"68\" data-end=\"71\" \/><strong data-start=\"71\" data-end=\"97\">Tension operativ (Ue):<\/strong> Deri n\u00eb 440 V AC<br data-start=\"114\" data-end=\"117\" \/><strong data-start=\"117\" data-end=\"131\">Frekuenca:<\/strong> 50\/60 Hz<br data-start=\"140\" data-end=\"143\" \/><strong data-start=\"143\" data-end=\"167\">Rryma nominale (Ie):<\/strong> 95 A (AC-3)<br data-start=\"179\" data-end=\"182\" \/><strong data-start=\"182\" data-end=\"218\">Fuqia e komanduar (AC-3, 400 V):<\/strong> 42 kW<br data-start=\"224\" data-end=\"227\" \/><strong data-start=\"227\" data-end=\"254\">Tension komandimi (Us):<\/strong> 220 V AC<br data-start=\"263\" data-end=\"266\" \/><strong data-start=\"266\" data-end=\"293\">Jet\u00ebgjat\u00ebsia elektrike:<\/strong> 1 milion cikle (95 A AC-3)<br data-start=\"320\" data-end=\"323\" \/><strong data-start=\"323\" data-end=\"349\">Jet\u00ebgjat\u00ebsia mekanike:<\/strong> 4 milion cikle<br data-start=\"364\" data-end=\"367\" \/><strong data-start=\"367\" data-end=\"398\">Temperatura e funksionimit:<\/strong> \u201340 \u00b0C deri +60 \u00b0C<br data-start=\"417\" data-end=\"420\" \/><strong data-start=\"420\" data-end=\"447\">Temperatura e ruajtjes:<\/strong> \u201360 \u00b0C deri +80 \u00b0C<br data-start=\"466\" data-end=\"469\" \/><strong data-start=\"469\" data-end=\"482\">Mbrojtja:<\/strong> IP20<br data-start=\"487\" data-end=\"490\" \/><strong data-start=\"490\" data-end=\"503\">Gjer\u00ebsia:<\/strong> 85 mm<br data-start=\"509\" data-end=\"512\" \/><strong data-start=\"512\" data-end=\"525\">Lart\u00ebsia:<\/strong> 127 mm<br data-start=\"532\" data-end=\"535\" \/><strong data-start=\"535\" data-end=\"549\">Thell\u00ebsia:<\/strong> 130 mm<br data-start=\"556\" data-end=\"559\" \/><strong data-start=\"559\" data-end=\"569\">Pesha:<\/strong> 1.2 kg<br data-start=\"576\" data-end=\"579\" \/><strong data-start=\"579\" data-end=\"591\">Montimi:<\/strong> Montim n\u00eb panel ose n\u00eb shirit DIN<br data-start=\"625\" data-end=\"628\" \/><strong data-start=\"628\" data-end=\"643\">Terminalet:<\/strong> Terminale me vida p\u00ebr lidhje deri n\u00eb 50 mm\u00b2 p\u00ebr kabllo<br data-start=\"698\" data-end=\"701\" \/><strong data-start=\"701\" data-end=\"715\">Standarde:<\/strong> IEC 60947-1, IEC 60947-4-1, IEC 60947-5-1, UL 60947-4-1, UL 60947-5-1, CSA C22.2 No 60947-4-1, CSA C22.2 No 60947-5-1<br data-start=\"833\" data-end=\"836\" \/><strong data-start=\"836\" data-end=\"852\">\u00c7ertifikata:<\/strong> CE, UL, CSA, CCC, EAC<br data-start=\"874\" data-end=\"877\" \/><strong data-start=\"877\" data-end=\"902\">Lloji i sinjalizimit:<\/strong> Pa bobin\u00eb<\/p>","protected":false},"excerpt":{"rendered":"<p>Seria: TeSys DLloji: Kontaktor 3-pol\u00ebsh (3 NO), pa bobin\u00ebTension operativ (Ue): Deri n\u00eb 440 V ACFrekuenca: 50\/60 HzRryma nominale (Ie): 95 A (AC-3)Fuqia e komanduar (AC-3, 400 V): 42 kWTension komandimi (Us): 220 V ACJet\u00ebgjat\u00ebsia elektrike: 1 milion cikle (95 A AC-3)Jet\u00ebgjat\u00ebsia mekanike: 4 milion cikleTemperatura e funksionimit: \u201340 \u00b0C deri +60 \u00b0CTemperatura e ruajtjes: [&hellip;]<\/p>","protected":false},"featured_media":4019,"comment_status":"open","ping_status":"closed","template":"","meta":{"_acf_changed":false},"product_brand":[],"product_cat":[83,42],"product_tag":[],"class_list":{"0":"post-4018","1":"product","2":"type-product","3":"status-publish","4":"has-post-thumbnail","6":"product_cat-kontaktore-fuqie","7":"product_cat-serite-industriale","9":"first","10":"instock","11":"shipping-taxable","12":"product-type-simple"},"acf":[],"_links":{"self":[{"href":"https:\/\/www.brikaelektrik.al\/al\/wp-json\/wp\/v2\/product\/4018","targetHints":{"allow":["GET"]}}],"collection":[{"href":"https:\/\/www.brikaelektrik.al\/al\/wp-json\/wp\/v2\/product"}],"about":[{"href":"https:\/\/www.brikaelektrik.al\/al\/wp-json\/wp\/v2\/types\/product"}],"replies":[{"embeddable":true,"href":"https:\/\/www.brikaelektrik.al\/al\/wp-json\/wp\/v2\/comments?post=4018"}],"wp:featuredmedia":[{"embeddable":true,"href":"https:\/\/www.brikaelektrik.al\/al\/wp-json\/wp\/v2\/media\/4019"}],"wp:attachment":[{"href":"https:\/\/www.brikaelektrik.al\/al\/wp-json\/wp\/v2\/media?parent=4018"}],"wp:term":[{"taxonomy":"product_brand","embeddable":true,"href":"https:\/\/www.brikaelektrik.al\/al\/wp-json\/wp\/v2\/product_brand?post=4018"},{"taxonomy":"product_cat","embeddable":true,"href":"https:\/\/www.brikaelektrik.al\/al\/wp-json\/wp\/v2\/product_cat?post=4018"},{"taxonomy":"product_tag","embeddable":true,"href":"https:\/\/www.brikaelektrik.al\/al\/wp-json\/wp\/v2\/product_tag?post=4018"}],"curies":[{"name":"wp","href":"https:\/\/api.w.org\/{rel}","templated":true}]}}