{"id":4022,"date":"2025-09-02T09:39:34","date_gmt":"2025-09-02T09:39:34","guid":{"rendered":"https:\/\/www.brikaelektrik.al\/?post_type=product&#038;p=4022"},"modified":"2025-09-02T09:39:34","modified_gmt":"2025-09-02T09:39:34","slug":"leshues-4p-80a-ac1-220v-ac-50-60hz","status":"publish","type":"product","link":"https:\/\/www.brikaelektrik.al\/al\/produkt\/leshues-4p-80a-ac1-220v-ac-50-60hz\/","title":{"rendered":"L\u00cbSHUES 4P 80A AC1 220V AC 50\/60Hz"},"content":{"rendered":"<p data-start=\"140\" data-end=\"812\"><strong>Seria:<\/strong> TeSys D<br data-start=\"154\" data-end=\"157\" \/><strong>Lloji:<\/strong> Kontaktor 4\u2011pol\u00ebsh (4 NO), p\u00ebr ngarkesa jo\u2011induktive (utilisation category AC-1)<br data-start=\"244\" data-end=\"247\" \/><strong>Tension operativ (Ue):<\/strong> Deri n\u00eb 440 V AC<br data-start=\"286\" data-end=\"289\" \/><strong>Frekuenca:<\/strong> 50\/60 Hz<br data-start=\"308\" data-end=\"311\" data-is-only-node=\"\" \/><strong>Rryma nominale (Ie):<\/strong> 80 A (p\u00ebr temperatur\u00eb ambientale &lt; 60 \u00b0C)<br data-start=\"373\" data-end=\"376\" \/><strong>Tension komandimi (Us):<\/strong> 220 V AC (50\/60 Hz)<br data-start=\"419\" data-end=\"422\" \/><strong>Jet\u00ebgjat\u00ebsia elektrike:<\/strong> 1.4 milion cikle (80 A AC-1, Ue \u2264 440 V)<br data-start=\"486\" data-end=\"489\" \/><strong>Jet\u00ebgjat\u00ebsia mekanike:<\/strong> 6 milion cikle<br data-start=\"526\" data-end=\"529\" \/><strong>Temperatura e funksionimit:<\/strong> \u201340 \u00b0C deri +60 \u00b0C (derating deri +70 \u00b0C)<br data-start=\"598\" data-end=\"601\" \/><strong>Temperatura e ruajtjes:<\/strong> \u201360 \u00b0C deri +80 \u00b0C<br data-start=\"643\" data-end=\"646\" \/><strong>Mbrojtja:<\/strong> IP20 (fytyr\u00eb p\u00ebrpara)<br data-start=\"677\" data-end=\"680\" \/><strong>Gjer\u00ebsia:<\/strong> 70 mm<br data-start=\"695\" data-end=\"698\" \/><strong>Lart\u00ebsia:<\/strong> 122 mm<br data-start=\"714\" data-end=\"717\" \/><strong>Thell\u00ebsia:<\/strong> 120 mm<br data-start=\"734\" data-end=\"737\" \/><strong>Pesha:<\/strong> 1.15 kg<br data-start=\"751\" data-end=\"754\" \/><strong>Montimi:<\/strong> Panel (me vida) ose n\u00eb shirit DIN<br data-start=\"796\" data-end=\"799\" \/><strong>Terminalet: <\/strong>Terminale me vida p\u00ebr kabllo fleksib\u00ebl ose t\u00eb ngurt\u00eb deri n\u00eb 4 mm\u00b2<br \/>\n<strong>Qendra e fuqis\u00eb:<\/strong> EverLink BTR p\u00ebr lidhje deri n\u00eb 35 mm\u00b2<br data-start=\"960\" data-end=\"963\" \/><strong>Standarde:<\/strong> IEC 60947-4-1, IEC 60947-5-1, CSA C22.2 No 14, UL 508, IEC 60335-1<br data-start=\"1040\" data-end=\"1043\" \/><strong>\u00c7ertifikata:<\/strong> CSA, UL, CCC, GOST, DNV, GL, RINA, BV, Lloyd\u2019s Register<br data-start=\"1111\" data-end=\"1114\" \/><strong>Lloji i sinjalizimit:<\/strong> 1 NO + 1 NC, kontakte mekanike t\u00eb lidhura (mirror contact p\u00ebr NC)<\/p>","protected":false},"excerpt":{"rendered":"<p>Seria: TeSys DLloji: Kontaktor 4\u2011pol\u00ebsh (4 NO), p\u00ebr ngarkesa jo\u2011induktive (utilisation category AC-1)Tension operativ (Ue): Deri n\u00eb 440 V ACFrekuenca: 50\/60 HzRryma nominale (Ie): 80 A (p\u00ebr temperatur\u00eb ambientale &lt; 60 \u00b0C)Tension komandimi (Us): 220 V AC (50\/60 Hz)Jet\u00ebgjat\u00ebsia elektrike: 1.4 milion cikle (80 A AC-1, Ue \u2264 440 V)Jet\u00ebgjat\u00ebsia mekanike: 6 milion cikleTemperatura e [&hellip;]<\/p>","protected":false},"featured_media":4026,"comment_status":"open","ping_status":"closed","template":"","meta":{"_acf_changed":false},"product_brand":[],"product_cat":[83,42],"product_tag":[],"class_list":{"0":"post-4022","1":"product","2":"type-product","3":"status-publish","4":"has-post-thumbnail","6":"product_cat-kontaktore-fuqie","7":"product_cat-serite-industriale","9":"first","10":"instock","11":"shipping-taxable","12":"product-type-simple"},"acf":[],"_links":{"self":[{"href":"https:\/\/www.brikaelektrik.al\/al\/wp-json\/wp\/v2\/product\/4022","targetHints":{"allow":["GET"]}}],"collection":[{"href":"https:\/\/www.brikaelektrik.al\/al\/wp-json\/wp\/v2\/product"}],"about":[{"href":"https:\/\/www.brikaelektrik.al\/al\/wp-json\/wp\/v2\/types\/product"}],"replies":[{"embeddable":true,"href":"https:\/\/www.brikaelektrik.al\/al\/wp-json\/wp\/v2\/comments?post=4022"}],"wp:featuredmedia":[{"embeddable":true,"href":"https:\/\/www.brikaelektrik.al\/al\/wp-json\/wp\/v2\/media\/4026"}],"wp:attachment":[{"href":"https:\/\/www.brikaelektrik.al\/al\/wp-json\/wp\/v2\/media?parent=4022"}],"wp:term":[{"taxonomy":"product_brand","embeddable":true,"href":"https:\/\/www.brikaelektrik.al\/al\/wp-json\/wp\/v2\/product_brand?post=4022"},{"taxonomy":"product_cat","embeddable":true,"href":"https:\/\/www.brikaelektrik.al\/al\/wp-json\/wp\/v2\/product_cat?post=4022"},{"taxonomy":"product_tag","embeddable":true,"href":"https:\/\/www.brikaelektrik.al\/al\/wp-json\/wp\/v2\/product_tag?post=4022"}],"curies":[{"name":"wp","href":"https:\/\/api.w.org\/{rel}","templated":true}]}}