{"id":4023,"date":"2025-09-02T09:40:32","date_gmt":"2025-09-02T09:40:32","guid":{"rendered":"https:\/\/www.brikaelektrik.al\/?post_type=product&#038;p=4023"},"modified":"2025-09-02T09:40:32","modified_gmt":"2025-09-02T09:40:32","slug":"prize-per-makina-4x200a-ip67","status":"publish","type":"product","link":"https:\/\/www.brikaelektrik.al\/al\/produkt\/prize-per-makina-4x200a-ip67\/","title":{"rendered":"PRIZ\u00cb P\u00cbR MAKINA 4X200A IP67"},"content":{"rendered":"<p><strong data-start=\"153\" data-end=\"163\">Seria:<\/strong> BC1<br data-start=\"167\" data-end=\"170\" \/><strong data-start=\"170\" data-end=\"180\">Lloji:<\/strong> Makine priz\u00eb industriale 3-pol\u00ebshe + tok\u00eb (3P+E)<br data-start=\"229\" data-end=\"232\" \/><strong data-start=\"232\" data-end=\"258\">Tension operativ (Ue):<\/strong> 380\u2013450 V AC<br data-start=\"271\" data-end=\"274\" data-is-only-node=\"\" \/><strong data-start=\"274\" data-end=\"288\">Frekuenca:<\/strong> 50\/60 Hz<br data-start=\"297\" data-end=\"300\" \/><strong data-start=\"300\" data-end=\"324\">Rryma nominale (Ie):<\/strong> 200 A<br data-start=\"330\" data-end=\"333\" \/><strong data-start=\"333\" data-end=\"346\">Mbrojtja:<\/strong> IP67<br data-start=\"351\" data-end=\"354\" \/><strong data-start=\"354\" data-end=\"377\">Materiali i trupit:<\/strong> Poliamid 6<br data-start=\"388\" data-end=\"391\" \/><strong data-start=\"391\" data-end=\"417\">Materiali i p\u00ebr\u00e7uesit:<\/strong> Bronz MS 58<\/p>","protected":false},"excerpt":{"rendered":"<p>Seria: BC1Lloji: Makine priz\u00eb industriale 3-pol\u00ebshe + tok\u00eb (3P+E)Tension operativ (Ue): 380\u2013450 V ACFrekuenca: 50\/60 HzRryma nominale (Ie): 200 AMbrojtja: IP67Materiali i trupit: Poliamid 6Materiali i p\u00ebr\u00e7uesit: Bronz MS 58<\/p>","protected":false},"featured_media":4024,"comment_status":"open","ping_status":"closed","template":"","meta":{"_acf_changed":false},"product_brand":[],"product_cat":[82,42],"product_tag":[],"class_list":{"0":"post-4023","1":"product","2":"type-product","3":"status-publish","4":"has-post-thumbnail","6":"product_cat-priza-spina-industriale","7":"product_cat-serite-industriale","9":"first","10":"instock","11":"shipping-taxable","12":"product-type-simple"},"acf":[],"_links":{"self":[{"href":"https:\/\/www.brikaelektrik.al\/al\/wp-json\/wp\/v2\/product\/4023","targetHints":{"allow":["GET"]}}],"collection":[{"href":"https:\/\/www.brikaelektrik.al\/al\/wp-json\/wp\/v2\/product"}],"about":[{"href":"https:\/\/www.brikaelektrik.al\/al\/wp-json\/wp\/v2\/types\/product"}],"replies":[{"embeddable":true,"href":"https:\/\/www.brikaelektrik.al\/al\/wp-json\/wp\/v2\/comments?post=4023"}],"wp:featuredmedia":[{"embeddable":true,"href":"https:\/\/www.brikaelektrik.al\/al\/wp-json\/wp\/v2\/media\/4024"}],"wp:attachment":[{"href":"https:\/\/www.brikaelektrik.al\/al\/wp-json\/wp\/v2\/media?parent=4023"}],"wp:term":[{"taxonomy":"product_brand","embeddable":true,"href":"https:\/\/www.brikaelektrik.al\/al\/wp-json\/wp\/v2\/product_brand?post=4023"},{"taxonomy":"product_cat","embeddable":true,"href":"https:\/\/www.brikaelektrik.al\/al\/wp-json\/wp\/v2\/product_cat?post=4023"},{"taxonomy":"product_tag","embeddable":true,"href":"https:\/\/www.brikaelektrik.al\/al\/wp-json\/wp\/v2\/product_tag?post=4023"}],"curies":[{"name":"wp","href":"https:\/\/api.w.org\/{rel}","templated":true}]}}