{"id":4027,"date":"2025-09-02T09:49:20","date_gmt":"2025-09-02T09:49:20","guid":{"rendered":"https:\/\/www.brikaelektrik.al\/?post_type=product&#038;p=4027"},"modified":"2025-09-02T09:49:21","modified_gmt":"2025-09-02T09:49:21","slug":"leshues-3p-330a-220v","status":"publish","type":"product","link":"https:\/\/www.brikaelektrik.al\/al\/produkt\/leshues-3p-330a-220v\/","title":{"rendered":"L\u00cbSHUES 3P 330A 220V"},"content":{"rendered":"<p><strong>Seria:<\/strong> TeSys F<br data-start=\"111\" data-end=\"114\" \/><strong>Lloji:<\/strong> Kontaktor 3-pol\u00ebsh (3 NO), pa bobin\u00eb<br data-start=\"157\" data-end=\"160\" \/><strong>Tension operativ (Ue):<\/strong> Deri n\u00eb 1000 V AC<br data-start=\"200\" data-end=\"203\" \/><strong>Frekuenca:<\/strong> 50\/60 Hz<br data-start=\"222\" data-end=\"225\" \/><strong>Rryma nominale (Ie):<\/strong> 330 A (AC-3)<br data-start=\"258\" data-end=\"261\" \/><strong>Fuqia e komanduar (AC-3, 400 V):<\/strong> Deri n\u00eb 160 kW<br data-start=\"308\" data-end=\"311\" \/><strong>Tension komandimi (Us):<\/strong> Pa bobin\u00eb \u2013 por mund t\u00eb zgjidhet dhe porositet ve\u00e7mas<br data-start=\"388\" data-end=\"391\" \/><strong>Jet\u00ebgjat\u00ebsia elektrike:<\/strong> Deri n\u00eb 1.5 milion cikle<br data-start=\"439\" data-end=\"442\" \/><strong>Jet\u00ebgjat\u00ebsia mekanike:<\/strong> Deri n\u00eb 10 milion cikle<br data-start=\"488\" data-end=\"491\" \/><strong>Temperatura e funksionimit:<\/strong> Deri n\u00eb +55 \u00b0C<br data-start=\"533\" data-end=\"536\" \/><strong>Temperatura e ruajtjes:<\/strong> \u201360 \u00b0C deri +80 \u00b0C<br data-start=\"578\" data-end=\"581\" \/><strong>Mbrojtja:<\/strong> IP20<br data-start=\"595\" data-end=\"598\" \/><strong>Gjer\u00ebsia:<\/strong> 213 mm<br data-start=\"614\" data-end=\"617\" \/><strong>Lart\u00ebsia:<\/strong> 206 mm<br data-start=\"633\" data-end=\"636\" \/><strong>Thell\u00ebsia:<\/strong> 219 mm<br data-start=\"653\" data-end=\"656\" \/><strong>Pesha:<\/strong> ~8.6 kg<br data-start=\"670\" data-end=\"673\" \/><strong>Montimi:<\/strong> Montim n\u00eb panel<br data-start=\"697\" data-end=\"700\" \/><strong>Terminalet:<\/strong> Terminale me bulona p\u00ebr lidhje me shufra ose kabllo me lug\u00eb<br data-start=\"771\" data-end=\"774\" \/><strong>Standarde:<\/strong> IEC, UL, CSA, CCC, EAC, Marine<br data-start=\"815\" data-end=\"818\" \/><strong>\u00c7ertifikata:<\/strong> CE, UL, CSA, CCC, EAC, Green Premium (RoHS\/REACh)<br data-start=\"880\" data-end=\"883\" \/><strong>Lloji i sinjalizimit:<\/strong> Pa bobin\u00eb \u2013 e p\u00ebrgatitur p\u00ebr vendosjen e bobin\u00ebs t\u00eb zgjedhur (sistemi drawer)<\/p>","protected":false},"excerpt":{"rendered":"<p>Seria: TeSys FLloji: Kontaktor 3-pol\u00ebsh (3 NO), pa bobin\u00ebTension operativ (Ue): Deri n\u00eb 1000 V ACFrekuenca: 50\/60 HzRryma nominale (Ie): 330 A (AC-3)Fuqia e komanduar (AC-3, 400 V): Deri n\u00eb 160 kWTension komandimi (Us): Pa bobin\u00eb \u2013 por mund t\u00eb zgjidhet dhe porositet ve\u00e7masJet\u00ebgjat\u00ebsia elektrike: Deri n\u00eb 1.5 milion cikleJet\u00ebgjat\u00ebsia mekanike: Deri n\u00eb 10 milion [&hellip;]<\/p>","protected":false},"featured_media":4034,"comment_status":"open","ping_status":"closed","template":"","meta":{"_acf_changed":false},"product_brand":[],"product_cat":[83,42],"product_tag":[],"class_list":{"0":"post-4027","1":"product","2":"type-product","3":"status-publish","4":"has-post-thumbnail","6":"product_cat-kontaktore-fuqie","7":"product_cat-serite-industriale","9":"first","10":"instock","11":"shipping-taxable","12":"product-type-simple"},"acf":[],"_links":{"self":[{"href":"https:\/\/www.brikaelektrik.al\/al\/wp-json\/wp\/v2\/product\/4027","targetHints":{"allow":["GET"]}}],"collection":[{"href":"https:\/\/www.brikaelektrik.al\/al\/wp-json\/wp\/v2\/product"}],"about":[{"href":"https:\/\/www.brikaelektrik.al\/al\/wp-json\/wp\/v2\/types\/product"}],"replies":[{"embeddable":true,"href":"https:\/\/www.brikaelektrik.al\/al\/wp-json\/wp\/v2\/comments?post=4027"}],"wp:featuredmedia":[{"embeddable":true,"href":"https:\/\/www.brikaelektrik.al\/al\/wp-json\/wp\/v2\/media\/4034"}],"wp:attachment":[{"href":"https:\/\/www.brikaelektrik.al\/al\/wp-json\/wp\/v2\/media?parent=4027"}],"wp:term":[{"taxonomy":"product_brand","embeddable":true,"href":"https:\/\/www.brikaelektrik.al\/al\/wp-json\/wp\/v2\/product_brand?post=4027"},{"taxonomy":"product_cat","embeddable":true,"href":"https:\/\/www.brikaelektrik.al\/al\/wp-json\/wp\/v2\/product_cat?post=4027"},{"taxonomy":"product_tag","embeddable":true,"href":"https:\/\/www.brikaelektrik.al\/al\/wp-json\/wp\/v2\/product_tag?post=4027"}],"curies":[{"name":"wp","href":"https:\/\/api.w.org\/{rel}","templated":true}]}}