{"id":4028,"date":"2025-09-02T09:45:23","date_gmt":"2025-09-02T09:45:23","guid":{"rendered":"https:\/\/www.brikaelektrik.al\/?post_type=product&#038;p=4028"},"modified":"2025-09-02T09:45:23","modified_gmt":"2025-09-02T09:45:23","slug":"prize-ajrore-4x200a-ip67","status":"publish","type":"product","link":"https:\/\/www.brikaelektrik.al\/al\/produkt\/prize-ajrore-4x200a-ip67\/","title":{"rendered":"PRIZ\u00cb AJRORE 4X200A IP67"},"content":{"rendered":"<p><strong data-start=\"166\" data-end=\"176\">Seria:<\/strong> BC1<br data-start=\"180\" data-end=\"183\" \/><strong data-start=\"183\" data-end=\"193\">Lloji:<\/strong> Makine priz\u00eb industriale 3-pol\u00ebshe + tok\u00eb (3P+E)<br data-start=\"242\" data-end=\"245\" \/><strong data-start=\"245\" data-end=\"271\">Tension operativ (Ue):<\/strong> 380\u2013450 V AC<br data-start=\"284\" data-end=\"287\" \/><strong data-start=\"287\" data-end=\"301\">Frekuenca:<\/strong> 50\/60 Hz<br data-start=\"310\" data-end=\"313\" data-is-only-node=\"\" \/><strong data-start=\"313\" data-end=\"337\">Rryma nominale (Ie):<\/strong> 200 A<br data-start=\"343\" data-end=\"346\" \/><strong data-start=\"346\" data-end=\"359\">Mbrojtja:<\/strong> IP67<br data-start=\"364\" data-end=\"367\" \/><strong data-start=\"367\" data-end=\"390\">Materiali i trupit:<\/strong> Poliamid 6<br data-start=\"401\" data-end=\"404\" \/><strong data-start=\"404\" data-end=\"430\">Materiali i p\u00ebr\u00e7uesit:<\/strong> MS 58 (Bronz)<\/p>","protected":false},"excerpt":{"rendered":"<p>Seria: BC1Lloji: Makine priz\u00eb industriale 3-pol\u00ebshe + tok\u00eb (3P+E)Tension operativ (Ue): 380\u2013450 V ACFrekuenca: 50\/60 HzRryma nominale (Ie): 200 AMbrojtja: IP67Materiali i trupit: Poliamid 6Materiali i p\u00ebr\u00e7uesit: MS 58 (Bronz)<\/p>","protected":false},"featured_media":4029,"comment_status":"open","ping_status":"closed","template":"","meta":{"_acf_changed":false},"product_brand":[],"product_cat":[82,42],"product_tag":[],"class_list":{"0":"post-4028","1":"product","2":"type-product","3":"status-publish","4":"has-post-thumbnail","6":"product_cat-priza-spina-industriale","7":"product_cat-serite-industriale","9":"first","10":"instock","11":"shipping-taxable","12":"product-type-simple"},"acf":[],"_links":{"self":[{"href":"https:\/\/www.brikaelektrik.al\/al\/wp-json\/wp\/v2\/product\/4028","targetHints":{"allow":["GET"]}}],"collection":[{"href":"https:\/\/www.brikaelektrik.al\/al\/wp-json\/wp\/v2\/product"}],"about":[{"href":"https:\/\/www.brikaelektrik.al\/al\/wp-json\/wp\/v2\/types\/product"}],"replies":[{"embeddable":true,"href":"https:\/\/www.brikaelektrik.al\/al\/wp-json\/wp\/v2\/comments?post=4028"}],"wp:featuredmedia":[{"embeddable":true,"href":"https:\/\/www.brikaelektrik.al\/al\/wp-json\/wp\/v2\/media\/4029"}],"wp:attachment":[{"href":"https:\/\/www.brikaelektrik.al\/al\/wp-json\/wp\/v2\/media?parent=4028"}],"wp:term":[{"taxonomy":"product_brand","embeddable":true,"href":"https:\/\/www.brikaelektrik.al\/al\/wp-json\/wp\/v2\/product_brand?post=4028"},{"taxonomy":"product_cat","embeddable":true,"href":"https:\/\/www.brikaelektrik.al\/al\/wp-json\/wp\/v2\/product_cat?post=4028"},{"taxonomy":"product_tag","embeddable":true,"href":"https:\/\/www.brikaelektrik.al\/al\/wp-json\/wp\/v2\/product_tag?post=4028"}],"curies":[{"name":"wp","href":"https:\/\/api.w.org\/{rel}","templated":true}]}}