{"id":4031,"date":"2025-09-02T09:50:14","date_gmt":"2025-09-02T09:50:14","guid":{"rendered":"https:\/\/www.brikaelektrik.al\/?post_type=product&#038;p=4031"},"modified":"2025-09-02T09:50:14","modified_gmt":"2025-09-02T09:50:14","slug":"spine-4x200a-ip67","status":"publish","type":"product","link":"https:\/\/www.brikaelektrik.al\/al\/produkt\/spine-4x200a-ip67\/","title":{"rendered":"SPIN\u00cb 4X200A IP67"},"content":{"rendered":"<p><strong data-start=\"85\" data-end=\"95\">Seria:<\/strong> BC1<br data-start=\"99\" data-end=\"102\" \/><strong data-start=\"102\" data-end=\"112\">Lloji:<\/strong> Fis i drejtp\u00ebrdrejt\u00eb industrial 3-pol\u00ebsh + tok\u00eb (3P+E)<br data-start=\"167\" data-end=\"170\" \/><strong data-start=\"170\" data-end=\"196\" data-is-only-node=\"\">Tension operativ (Ue):<\/strong> 380\u2013450 V AC<br data-start=\"209\" data-end=\"212\" \/><strong data-start=\"212\" data-end=\"226\">Frekuenca:<\/strong> 50\/60 Hz<br data-start=\"235\" data-end=\"238\" \/><strong data-start=\"238\" data-end=\"262\">Rryma nominale (Ie):<\/strong> 200 A<br data-start=\"268\" data-end=\"271\" \/><strong data-start=\"271\" data-end=\"284\">Mbrojtja:<\/strong> IP67 (mbrojtje e plot\u00eb ndaj pluhurit dhe ujit)<br data-start=\"331\" data-end=\"334\" \/><strong data-start=\"334\" data-end=\"357\">Materiali i trupit:<\/strong> Poliamid 6<br data-start=\"368\" data-end=\"371\" \/><strong data-start=\"371\" data-end=\"397\">Materiali i p\u00ebr\u00e7uesit:<\/strong> MS 58 (Bronz i klas\u00ebs MS 58)<\/p>","protected":false},"excerpt":{"rendered":"<p>Seria: BC1Lloji: Fis i drejtp\u00ebrdrejt\u00eb industrial 3-pol\u00ebsh + tok\u00eb (3P+E)Tension operativ (Ue): 380\u2013450 V ACFrekuenca: 50\/60 HzRryma nominale (Ie): 200 AMbrojtja: IP67 (mbrojtje e plot\u00eb ndaj pluhurit dhe ujit)Materiali i trupit: Poliamid 6Materiali i p\u00ebr\u00e7uesit: MS 58 (Bronz i klas\u00ebs MS 58)<\/p>","protected":false},"featured_media":4032,"comment_status":"open","ping_status":"closed","template":"","meta":{"_acf_changed":false},"product_brand":[],"product_cat":[82,42],"product_tag":[],"class_list":{"0":"post-4031","1":"product","2":"type-product","3":"status-publish","4":"has-post-thumbnail","6":"product_cat-priza-spina-industriale","7":"product_cat-serite-industriale","9":"first","10":"instock","11":"shipping-taxable","12":"product-type-simple"},"acf":[],"_links":{"self":[{"href":"https:\/\/www.brikaelektrik.al\/al\/wp-json\/wp\/v2\/product\/4031","targetHints":{"allow":["GET"]}}],"collection":[{"href":"https:\/\/www.brikaelektrik.al\/al\/wp-json\/wp\/v2\/product"}],"about":[{"href":"https:\/\/www.brikaelektrik.al\/al\/wp-json\/wp\/v2\/types\/product"}],"replies":[{"embeddable":true,"href":"https:\/\/www.brikaelektrik.al\/al\/wp-json\/wp\/v2\/comments?post=4031"}],"wp:featuredmedia":[{"embeddable":true,"href":"https:\/\/www.brikaelektrik.al\/al\/wp-json\/wp\/v2\/media\/4032"}],"wp:attachment":[{"href":"https:\/\/www.brikaelektrik.al\/al\/wp-json\/wp\/v2\/media?parent=4031"}],"wp:term":[{"taxonomy":"product_brand","embeddable":true,"href":"https:\/\/www.brikaelektrik.al\/al\/wp-json\/wp\/v2\/product_brand?post=4031"},{"taxonomy":"product_cat","embeddable":true,"href":"https:\/\/www.brikaelektrik.al\/al\/wp-json\/wp\/v2\/product_cat?post=4031"},{"taxonomy":"product_tag","embeddable":true,"href":"https:\/\/www.brikaelektrik.al\/al\/wp-json\/wp\/v2\/product_tag?post=4031"}],"curies":[{"name":"wp","href":"https:\/\/api.w.org\/{rel}","templated":true}]}}