{"id":4035,"date":"2025-09-02T09:54:50","date_gmt":"2025-09-02T09:54:50","guid":{"rendered":"https:\/\/www.brikaelektrik.al\/?post_type=product&#038;p=4035"},"modified":"2025-09-02T09:54:50","modified_gmt":"2025-09-02T09:54:50","slug":"prize-murale-4x200a-ip67","status":"publish","type":"product","link":"https:\/\/www.brikaelektrik.al\/al\/produkt\/prize-murale-4x200a-ip67\/","title":{"rendered":"PRIZ\u00cb MURALE 4X200A IP67"},"content":{"rendered":"<p><strong data-start=\"121\" data-end=\"131\">Seria:<\/strong> BC1<br data-start=\"135\" data-end=\"138\" \/><strong data-start=\"138\" data-end=\"148\">Lloji:<\/strong> <span class=\"relative -mx-px my-[-0.2rem] rounded px-px py-[0.2rem] transition-colors duration-100 ease-in-out\">90\u00b0 priz\u00eb muri industriale 3-pol\u00ebshe + tok\u00eb (3P+E)<\/span><br data-start=\"186\" data-end=\"189\" \/><strong data-start=\"189\" data-end=\"215\">Tension operativ (Ue):<\/strong> <span class=\"relative -mx-px my-[-0.2rem] rounded px-px py-[0.2rem] transition-colors duration-100 ease-in-out\">380\u2013450 V AC<\/span><br data-start=\"255\" data-end=\"258\" \/><strong data-start=\"258\" data-end=\"272\" data-is-only-node=\"\">Frekuenca:<\/strong> <span class=\"relative -mx-px my-[-0.2rem] rounded px-px py-[0.2rem] transition-colors duration-100 ease-in-out\">50\/60 Hz<\/span><br data-start=\"312\" data-end=\"315\" \/><strong data-start=\"315\" data-end=\"339\">Rryma nominale (Ie):<\/strong> <span class=\"relative -mx-px my-[-0.2rem] rounded px-px py-[0.2rem] transition-colors duration-100 ease-in-out\">200 A<\/span><br data-start=\"379\" data-end=\"382\" \/><strong data-start=\"382\" data-end=\"395\">Mbrojtja:<\/strong> <span class=\"relative -mx-px my-[-0.2rem] rounded px-px py-[0.2rem] transition-colors duration-100 ease-in-out\">IP67 (mbrojtje e plot\u00eb ndaj pluhurit dhe ujit)<\/span><br data-start=\"435\" data-end=\"438\" \/><strong data-start=\"438\" data-end=\"461\">Materiali i trupit:<\/strong> <span class=\"relative -mx-px my-[-0.2rem] rounded px-px py-[0.2rem] transition-colors duration-100 ease-in-out\">Alumini<\/span><br data-start=\"501\" data-end=\"504\" \/><strong data-start=\"504\" data-end=\"530\">Materiali i p\u00ebr\u00e7uesit:<\/strong> <span class=\"relative -mx-px my-[-0.2rem] rounded px-px py-[0.2rem] transition-colors duration-100 ease-in-out\">MS 58 (Bronz i klas\u00ebs MS 58)<\/span><\/p>","protected":false},"excerpt":{"rendered":"<p>Seria: BC1Lloji: 90\u00b0 priz\u00eb muri industriale 3-pol\u00ebshe + tok\u00eb (3P+E)Tension operativ (Ue): 380\u2013450 V ACFrekuenca: 50\/60 HzRryma nominale (Ie): 200 AMbrojtja: IP67 (mbrojtje e plot\u00eb ndaj pluhurit dhe ujit)Materiali i trupit: AluminiMateriali i p\u00ebr\u00e7uesit: MS 58 (Bronz i klas\u00ebs MS 58)<\/p>","protected":false},"featured_media":4037,"comment_status":"open","ping_status":"closed","template":"","meta":{"_acf_changed":false},"product_brand":[],"product_cat":[82,42],"product_tag":[],"class_list":{"0":"post-4035","1":"product","2":"type-product","3":"status-publish","4":"has-post-thumbnail","6":"product_cat-priza-spina-industriale","7":"product_cat-serite-industriale","9":"first","10":"instock","11":"shipping-taxable","12":"product-type-simple"},"acf":[],"_links":{"self":[{"href":"https:\/\/www.brikaelektrik.al\/al\/wp-json\/wp\/v2\/product\/4035","targetHints":{"allow":["GET"]}}],"collection":[{"href":"https:\/\/www.brikaelektrik.al\/al\/wp-json\/wp\/v2\/product"}],"about":[{"href":"https:\/\/www.brikaelektrik.al\/al\/wp-json\/wp\/v2\/types\/product"}],"replies":[{"embeddable":true,"href":"https:\/\/www.brikaelektrik.al\/al\/wp-json\/wp\/v2\/comments?post=4035"}],"wp:featuredmedia":[{"embeddable":true,"href":"https:\/\/www.brikaelektrik.al\/al\/wp-json\/wp\/v2\/media\/4037"}],"wp:attachment":[{"href":"https:\/\/www.brikaelektrik.al\/al\/wp-json\/wp\/v2\/media?parent=4035"}],"wp:term":[{"taxonomy":"product_brand","embeddable":true,"href":"https:\/\/www.brikaelektrik.al\/al\/wp-json\/wp\/v2\/product_brand?post=4035"},{"taxonomy":"product_cat","embeddable":true,"href":"https:\/\/www.brikaelektrik.al\/al\/wp-json\/wp\/v2\/product_cat?post=4035"},{"taxonomy":"product_tag","embeddable":true,"href":"https:\/\/www.brikaelektrik.al\/al\/wp-json\/wp\/v2\/product_tag?post=4035"}],"curies":[{"name":"wp","href":"https:\/\/api.w.org\/{rel}","templated":true}]}}