{"id":4036,"date":"2025-09-02T09:57:58","date_gmt":"2025-09-02T09:57:58","guid":{"rendered":"https:\/\/www.brikaelektrik.al\/?post_type=product&#038;p=4036"},"modified":"2025-09-02T09:57:58","modified_gmt":"2025-09-02T09:57:58","slug":"leshues-3p-115a-ac-3-2no2nc-pa-pbobine","status":"publish","type":"product","link":"https:\/\/www.brikaelektrik.al\/al\/produkt\/leshues-3p-115a-ac-3-2no2nc-pa-pbobine\/","title":{"rendered":"L\u00cbSHUES 3P 115A AC-3 2NO+2NC (PA PBOBINE)"},"content":{"rendered":"<p class=\"cvGsUA direction-ltr align-start para-style-body\"><span class=\"a_GcMg font-feature-liga-off font-feature-clig-off font-feature-calt-off text-decoration-none text-strikethrough-none\"><strong>Seria:<\/strong> TeSys F<br \/>\n<\/span><span class=\"a_GcMg font-feature-liga-off font-feature-clig-off font-feature-calt-off text-decoration-none text-strikethrough-none\"><strong>Lloji:<\/strong> Kontaktor 3-pol\u00ebsh (3 NO), pa bobin\u00eb<br \/>\n<\/span><span class=\"a_GcMg font-feature-liga-off font-feature-clig-off font-feature-calt-off text-decoration-none text-strikethrough-none\"><strong>Tension operativ (Ue):<\/strong> Deri n\u00eb 690 V AC<br \/>\n<\/span><span class=\"a_GcMg font-feature-liga-off font-feature-clig-off font-feature-calt-off text-decoration-none text-strikethrough-none\"><strong>Frekuenca:<\/strong> 50\/60 H<br \/>\n<\/span><span class=\"a_GcMg font-feature-liga-off font-feature-clig-off font-feature-calt-off text-decoration-none text-strikethrough-none\"><strong>Rryma nominale (Ie):<\/strong> 115 A (AC-3)<br \/>\n<\/span><span class=\"a_GcMg font-feature-liga-off font-feature-clig-off font-feature-calt-off text-decoration-none text-strikethrough-none\"><strong>Fuqia e komanduar (AC-3, 400 V):<\/strong> Deri n\u00eb 55 kW<br \/>\n<\/span><span class=\"a_GcMg font-feature-liga-off font-feature-clig-off font-feature-calt-off text-decoration-none text-strikethrough-none\"><strong>Tension komandimi (Us):<\/strong> Pa bobin\u00eb \u2013 bobina zgjidhet dhe porositet ve\u00e7mas<br \/>\n<\/span><span class=\"a_GcMg font-feature-liga-off font-feature-clig-off font-feature-calt-off text-decoration-none text-strikethrough-none\"><strong>Jet\u00ebgjat\u00ebsia elektrike:<\/strong> E lart\u00eb \u2013 p\u00ebr funksionim t\u00eb vazhduesh\u00ebm dhe t\u00eb besuesh\u00ebm<br \/>\n<\/span><span class=\"a_GcMg font-feature-liga-off font-feature-clig-off font-feature-calt-off text-decoration-none text-strikethrough-none\"><strong>Jet\u00ebgjat\u00ebsia mekanike:<\/strong> Deri n\u00eb 2400 cikle\/or\u00eb<br \/>\n<\/span><span class=\"a_GcMg font-feature-liga-off font-feature-clig-off font-feature-calt-off text-decoration-none text-strikethrough-none\"><strong>Temperatura e funksionimit:<\/strong> Deri n\u00eb +55 \u00b0C<br \/>\n<\/span><span class=\"a_GcMg font-feature-liga-off font-feature-clig-off font-feature-calt-off text-decoration-none text-strikethrough-none\"><strong>Temperatura e ruajtjes:<\/strong> \u201360 \u00b0C deri +80 \u00b0C (standarde industriale)<br \/>\n<\/span><span class=\"a_GcMg font-feature-liga-off font-feature-clig-off font-feature-calt-off text-decoration-none text-strikethrough-none\"><strong>Mbrojtja:<\/strong> IP20 (me mbulesa p\u00ebr mbrojtje, sipas rastit)<br \/>\n<\/span><span class=\"a_GcMg font-feature-liga-off font-feature-clig-off font-feature-calt-off text-decoration-none text-strikethrough-none\"><strong>Gjer\u00ebsia:<\/strong> \u2248120 mm (nuk specifikohet sakt\u00eb n\u00eb p\u00ebrshkrim, por e p\u00ebraf\u00ebrt)<br \/>\n<\/span><span class=\"a_GcMg font-feature-liga-off font-feature-clig-off font-feature-calt-off text-decoration-none text-strikethrough-none\"><strong>Lart\u00ebsia:<\/strong> \u2248160 mm<br \/>\n<\/span><span class=\"a_GcMg font-feature-liga-off font-feature-clig-off font-feature-calt-off text-decoration-none text-strikethrough-none\"><strong>Thell\u00ebsia:<\/strong> \u2248140 mm<br \/>\n<\/span><span class=\"a_GcMg font-feature-liga-off font-feature-clig-off font-feature-calt-off text-decoration-none text-strikethrough-none\"><strong>Pesha:<\/strong> \u22482.5 kg<br \/>\n<\/span><span class=\"a_GcMg font-feature-liga-off font-feature-clig-off font-feature-calt-off text-decoration-none text-strikethrough-none\"><strong>Montimi:<\/strong> Montim n\u00eb panel<br \/>\n<\/span><strong>Terminalet:<\/strong> Terminale me bulona p\u00ebr lidhje me shufra ose kabllo me lug\u00eb<br \/>\n<span class=\"a_GcMg font-feature-liga-off font-feature-clig-off font-feature-calt-off text-decoration-none text-strikethrough-none\"><strong>Standarde:<\/strong> IEC, UL, CSA, CCC, EAC, Marine<br \/>\n<\/span><span class=\"a_GcMg font-feature-liga-off font-feature-clig-off font-feature-calt-off text-decoration-none text-strikethrough-none\"><strong>\u00c7ertifikata:<\/strong> CE, UL, CSA, CCC, EAC, Green Premium (RoHS\/REACh)<br \/>\n<\/span><span class=\"a_GcMg font-feature-liga-off font-feature-clig-off font-feature-calt-off text-decoration-none text-strikethrough-none\"><strong>Lloji i sinjalizimit:<\/strong> Pa bobin\u00eb \u2013 p\u00ebrgatitur p\u00ebr sistem drawer p\u00ebr vendosje t\u00eb m\u00ebvonshme<\/span><\/p>\n<p class=\"cvGsUA direction-ltr align-start para-style-body\">","protected":false},"excerpt":{"rendered":"<p>Seria: TeSys F Lloji: Kontaktor 3-pol\u00ebsh (3 NO), pa bobin\u00eb Tension operativ (Ue): Deri n\u00eb 690 V AC Frekuenca: 50\/60 H Rryma nominale (Ie): 115 A (AC-3) Fuqia e komanduar (AC-3, 400 V): Deri n\u00eb 55 kW Tension komandimi (Us): Pa bobin\u00eb \u2013 bobina zgjidhet dhe porositet ve\u00e7mas Jet\u00ebgjat\u00ebsia elektrike: E lart\u00eb \u2013 p\u00ebr funksionim [&hellip;]<\/p>","protected":false},"featured_media":4040,"comment_status":"open","ping_status":"closed","template":"","meta":{"_acf_changed":false},"product_brand":[],"product_cat":[83,42],"product_tag":[],"class_list":{"0":"post-4036","1":"product","2":"type-product","3":"status-publish","4":"has-post-thumbnail","6":"product_cat-kontaktore-fuqie","7":"product_cat-serite-industriale","9":"first","10":"instock","11":"shipping-taxable","12":"product-type-simple"},"acf":[],"_links":{"self":[{"href":"https:\/\/www.brikaelektrik.al\/al\/wp-json\/wp\/v2\/product\/4036","targetHints":{"allow":["GET"]}}],"collection":[{"href":"https:\/\/www.brikaelektrik.al\/al\/wp-json\/wp\/v2\/product"}],"about":[{"href":"https:\/\/www.brikaelektrik.al\/al\/wp-json\/wp\/v2\/types\/product"}],"replies":[{"embeddable":true,"href":"https:\/\/www.brikaelektrik.al\/al\/wp-json\/wp\/v2\/comments?post=4036"}],"wp:featuredmedia":[{"embeddable":true,"href":"https:\/\/www.brikaelektrik.al\/al\/wp-json\/wp\/v2\/media\/4040"}],"wp:attachment":[{"href":"https:\/\/www.brikaelektrik.al\/al\/wp-json\/wp\/v2\/media?parent=4036"}],"wp:term":[{"taxonomy":"product_brand","embeddable":true,"href":"https:\/\/www.brikaelektrik.al\/al\/wp-json\/wp\/v2\/product_brand?post=4036"},{"taxonomy":"product_cat","embeddable":true,"href":"https:\/\/www.brikaelektrik.al\/al\/wp-json\/wp\/v2\/product_cat?post=4036"},{"taxonomy":"product_tag","embeddable":true,"href":"https:\/\/www.brikaelektrik.al\/al\/wp-json\/wp\/v2\/product_tag?post=4036"}],"curies":[{"name":"wp","href":"https:\/\/api.w.org\/{rel}","templated":true}]}}