{"id":4039,"date":"2025-09-02T10:06:08","date_gmt":"2025-09-02T10:06:08","guid":{"rendered":"https:\/\/www.brikaelektrik.al\/?post_type=product&#038;p=4039"},"modified":"2025-09-02T10:06:08","modified_gmt":"2025-09-02T10:06:08","slug":"spine-murale-4x32a-3pt-380v-ip44-ipp3","status":"publish","type":"product","link":"https:\/\/www.brikaelektrik.al\/al\/produkt\/spine-murale-4x32a-3pt-380v-ip44-ipp3\/","title":{"rendered":"SPIN\u00cb MURALE 4X32A 3P+T 380V IP44 (IPP3)"},"content":{"rendered":"<p><strong data-start=\"121\" data-end=\"131\">Seria:<\/strong> BC1<br data-start=\"135\" data-end=\"138\" \/><strong data-start=\"138\" data-end=\"148\">Lloji:<\/strong> <span class=\"relative -mx-px my-[-0.2rem] rounded px-px py-[0.2rem] transition-colors duration-100 ease-in-out\">Fis i drejtp\u00ebrdrejt\u00eb industrial 90\u00b0 i montuar n\u00eb mur (3P+E)<\/span><br data-start=\"186\" data-end=\"189\" \/><strong data-start=\"189\" data-end=\"215\">Tension operativ (Ue):<\/strong> <span class=\"relative -mx-px my-[-0.2rem] rounded px-px py-[0.2rem] transition-colors duration-100 ease-in-out\">380\u2013450 V AC<\/span><br data-start=\"255\" data-end=\"258\" \/><strong data-start=\"258\" data-end=\"272\" data-is-only-node=\"\">Frekuenca:<\/strong> <span class=\"relative -mx-px my-[-0.2rem] rounded px-px py-[0.2rem] transition-colors duration-100 ease-in-out\">50\/60 Hz<\/span><br data-start=\"312\" data-end=\"315\" \/><strong data-start=\"315\" data-end=\"339\">Rryma nominale (Ie):<\/strong> 32 A<br data-start=\"344\" data-end=\"347\" \/><strong data-start=\"347\" data-end=\"360\">Mbrojtja:<\/strong> <span class=\"relative -mx-px my-[-0.2rem] rounded px-px py-[0.2rem] transition-colors duration-100 ease-in-out\">IP44 (mbrojtje e pjesshme ndaj pluhurit dhe ujit)<\/span><br data-start=\"400\" data-end=\"403\" \/><strong data-start=\"403\" data-end=\"426\">Materiali i trupit:<\/strong> <span class=\"relative -mx-px my-[-0.2rem] rounded px-px py-[0.2rem] transition-colors duration-100 ease-in-out\">Poliamid 6<\/span><br data-start=\"466\" data-end=\"469\" \/><strong data-start=\"469\" data-end=\"495\">Materiali i p\u00ebr\u00e7uesit:<\/strong> <span class=\"relative -mx-px my-[-0.2rem] rounded px-px py-[0.2rem] transition-colors duration-100 ease-in-out\">MS 58 (Bronz i klas\u00ebs MS 58)<\/span><\/p>","protected":false},"excerpt":{"rendered":"<p>Seria: BC1Lloji: Fis i drejtp\u00ebrdrejt\u00eb industrial 90\u00b0 i montuar n\u00eb mur (3P+E)Tension operativ (Ue): 380\u2013450 V ACFrekuenca: 50\/60 HzRryma nominale (Ie): 32 AMbrojtja: IP44 (mbrojtje e pjesshme ndaj pluhurit dhe ujit)Materiali i trupit: Poliamid 6Materiali i p\u00ebr\u00e7uesit: MS 58 (Bronz i klas\u00ebs MS 58)<\/p>","protected":false},"featured_media":4043,"comment_status":"open","ping_status":"closed","template":"","meta":{"_acf_changed":false},"product_brand":[],"product_cat":[82,42],"product_tag":[],"class_list":{"0":"post-4039","1":"product","2":"type-product","3":"status-publish","4":"has-post-thumbnail","6":"product_cat-priza-spina-industriale","7":"product_cat-serite-industriale","9":"first","10":"instock","11":"shipping-taxable","12":"product-type-simple"},"acf":[],"_links":{"self":[{"href":"https:\/\/www.brikaelektrik.al\/al\/wp-json\/wp\/v2\/product\/4039","targetHints":{"allow":["GET"]}}],"collection":[{"href":"https:\/\/www.brikaelektrik.al\/al\/wp-json\/wp\/v2\/product"}],"about":[{"href":"https:\/\/www.brikaelektrik.al\/al\/wp-json\/wp\/v2\/types\/product"}],"replies":[{"embeddable":true,"href":"https:\/\/www.brikaelektrik.al\/al\/wp-json\/wp\/v2\/comments?post=4039"}],"wp:featuredmedia":[{"embeddable":true,"href":"https:\/\/www.brikaelektrik.al\/al\/wp-json\/wp\/v2\/media\/4043"}],"wp:attachment":[{"href":"https:\/\/www.brikaelektrik.al\/al\/wp-json\/wp\/v2\/media?parent=4039"}],"wp:term":[{"taxonomy":"product_brand","embeddable":true,"href":"https:\/\/www.brikaelektrik.al\/al\/wp-json\/wp\/v2\/product_brand?post=4039"},{"taxonomy":"product_cat","embeddable":true,"href":"https:\/\/www.brikaelektrik.al\/al\/wp-json\/wp\/v2\/product_cat?post=4039"},{"taxonomy":"product_tag","embeddable":true,"href":"https:\/\/www.brikaelektrik.al\/al\/wp-json\/wp\/v2\/product_tag?post=4039"}],"curies":[{"name":"wp","href":"https:\/\/api.w.org\/{rel}","templated":true}]}}