{"id":4041,"date":"2025-09-02T10:02:06","date_gmt":"2025-09-02T10:02:06","guid":{"rendered":"https:\/\/www.brikaelektrik.al\/?post_type=product&#038;p=4041"},"modified":"2025-09-02T10:02:06","modified_gmt":"2025-09-02T10:02:06","slug":"bllok-kontakt-mekanik-per-leshues-lc1-d80-lc1-d95","status":"publish","type":"product","link":"https:\/\/www.brikaelektrik.al\/al\/produkt\/bllok-kontakt-mekanik-per-leshues-lc1-d80-lc1-d95\/","title":{"rendered":"BLLOK KONTAKT MEKANIK P\u00cbR L\u00cbSHUES LC1-D80 &amp; LC1-D95"},"content":{"rendered":"<p><strong>Seria:<\/strong> TeSys\u202fD<br data-start=\"247\" data-end=\"250\" \/><strong>Lloji:<\/strong> Interlock mekanik p\u00ebr kontaktor\u00eb LC1D80, LC1D95 me bobin\u00eb AC<br data-start=\"317\" data-end=\"320\" \/><strong>P\u00ebrdorim:<\/strong> P\u00ebr montime me drejtim t\u00eb ndryshuesh\u00ebm (reversing) dhe nd\u00ebrrim (changeover)<br data-start=\"405\" data-end=\"408\" \/><strong>Mbrojtja elektrike:<\/strong> Pa interlock elektrik \u2013 vet\u00ebm mekanik<br data-start=\"465\" data-end=\"468\" data-is-only-node=\"\" \/><strong>P\u00ebrputhshm\u00ebria:<\/strong> Konform me rregulloret RoHS \/ REACh<\/p>","protected":false},"excerpt":{"rendered":"<p>Seria: TeSys\u202fDLloji: Interlock mekanik p\u00ebr kontaktor\u00eb LC1D80, LC1D95 me bobin\u00eb ACP\u00ebrdorim: P\u00ebr montime me drejtim t\u00eb ndryshuesh\u00ebm (reversing) dhe nd\u00ebrrim (changeover)Mbrojtja elektrike: Pa interlock elektrik \u2013 vet\u00ebm mekanikP\u00ebrputhshm\u00ebria: Konform me rregulloret RoHS \/ REACh<\/p>","protected":false},"featured_media":4042,"comment_status":"open","ping_status":"closed","template":"","meta":{"_acf_changed":false},"product_brand":[],"product_cat":[83,42],"product_tag":[],"class_list":{"0":"post-4041","1":"product","2":"type-product","3":"status-publish","4":"has-post-thumbnail","6":"product_cat-kontaktore-fuqie","7":"product_cat-serite-industriale","9":"first","10":"instock","11":"shipping-taxable","12":"product-type-simple"},"acf":[],"_links":{"self":[{"href":"https:\/\/www.brikaelektrik.al\/al\/wp-json\/wp\/v2\/product\/4041","targetHints":{"allow":["GET"]}}],"collection":[{"href":"https:\/\/www.brikaelektrik.al\/al\/wp-json\/wp\/v2\/product"}],"about":[{"href":"https:\/\/www.brikaelektrik.al\/al\/wp-json\/wp\/v2\/types\/product"}],"replies":[{"embeddable":true,"href":"https:\/\/www.brikaelektrik.al\/al\/wp-json\/wp\/v2\/comments?post=4041"}],"wp:featuredmedia":[{"embeddable":true,"href":"https:\/\/www.brikaelektrik.al\/al\/wp-json\/wp\/v2\/media\/4042"}],"wp:attachment":[{"href":"https:\/\/www.brikaelektrik.al\/al\/wp-json\/wp\/v2\/media?parent=4041"}],"wp:term":[{"taxonomy":"product_brand","embeddable":true,"href":"https:\/\/www.brikaelektrik.al\/al\/wp-json\/wp\/v2\/product_brand?post=4041"},{"taxonomy":"product_cat","embeddable":true,"href":"https:\/\/www.brikaelektrik.al\/al\/wp-json\/wp\/v2\/product_cat?post=4041"},{"taxonomy":"product_tag","embeddable":true,"href":"https:\/\/www.brikaelektrik.al\/al\/wp-json\/wp\/v2\/product_tag?post=4041"}],"curies":[{"name":"wp","href":"https:\/\/api.w.org\/{rel}","templated":true}]}}