{"id":4045,"date":"2025-09-02T10:06:22","date_gmt":"2025-09-02T10:06:22","guid":{"rendered":"https:\/\/www.brikaelektrik.al\/?post_type=product&#038;p=4045"},"modified":"2025-09-02T10:06:22","modified_gmt":"2025-09-02T10:06:22","slug":"bobine-per-leshues-115a-110v","status":"publish","type":"product","link":"https:\/\/www.brikaelektrik.al\/al\/produkt\/bobine-per-leshues-115a-110v\/","title":{"rendered":"BOBIN\u00cb P\u00cbR L\u00cbSHUES 115A 110V"},"content":{"rendered":"<p><strong>Seria:<\/strong> TeSys F<br data-start=\"156\" data-end=\"159\" \/><strong>Lloji:<\/strong> Bobin\u00eb AC 110\/115 V, 40-400 Hz (kod voltazhi F7\/FE7)<br data-start=\"218\" data-end=\"221\" \/><strong>P\u00ebrdorimi:<\/strong> P\u00ebr kontaktor\u00ebt 3-pol\u00ebsh dhe 4-pol\u00ebsh TeSys F (model LC1 F185, FG185, F225)<br data-start=\"307\" data-end=\"310\" \/><strong>Tension komandimi (Us):<\/strong> 110\/115 V AC<br data-start=\"346\" data-end=\"349\" \/><strong>Frekuenca:<\/strong> 40-400 Hz<br data-start=\"369\" data-end=\"372\" \/><strong>Konsum i ul\u00ebt<\/strong> energjie i mbyllur<br data-start=\"404\" data-end=\"407\" \/><strong>Toleranc\u00eb e lart\u00eb<\/strong> ndaj r\u00ebnieve t\u00eb tensionit (funksionon n\u00eb kufijt\u00eb 0.85-1.1 Uc)<br data-start=\"486\" data-end=\"489\" \/><strong>Temperatura e funksionimit:<\/strong> Deri n\u00eb +55 \u00b0C<br data-start=\"531\" data-end=\"534\" \/><strong>Jet\u00ebgjat\u00ebsia mekanike:<\/strong> Deri n\u00eb 2400 cikle\/or\u00eb (funksionim me ritme t\u00eb larta)<br data-start=\"610\" data-end=\"613\" \/><strong>\u00c7ertifikata:<\/strong> Green Premium, n\u00eb p\u00ebrputhje me RoHS\/REACh<\/p>","protected":false},"excerpt":{"rendered":"<p>Seria: TeSys FLloji: Bobin\u00eb AC 110\/115 V, 40-400 Hz (kod voltazhi F7\/FE7)P\u00ebrdorimi: P\u00ebr kontaktor\u00ebt 3-pol\u00ebsh dhe 4-pol\u00ebsh TeSys F (model LC1 F185, FG185, F225)Tension komandimi (Us): 110\/115 V ACFrekuenca: 40-400 HzKonsum i ul\u00ebt energjie i mbyllurToleranc\u00eb e lart\u00eb ndaj r\u00ebnieve t\u00eb tensionit (funksionon n\u00eb kufijt\u00eb 0.85-1.1 Uc)Temperatura e funksionimit: Deri n\u00eb +55 \u00b0CJet\u00ebgjat\u00ebsia mekanike: Deri [&hellip;]<\/p>","protected":false},"featured_media":4046,"comment_status":"open","ping_status":"closed","template":"","meta":{"_acf_changed":false},"product_brand":[],"product_cat":[83,42],"product_tag":[],"class_list":{"0":"post-4045","1":"product","2":"type-product","3":"status-publish","4":"has-post-thumbnail","6":"product_cat-kontaktore-fuqie","7":"product_cat-serite-industriale","9":"first","10":"instock","11":"shipping-taxable","12":"product-type-simple"},"acf":[],"_links":{"self":[{"href":"https:\/\/www.brikaelektrik.al\/al\/wp-json\/wp\/v2\/product\/4045","targetHints":{"allow":["GET"]}}],"collection":[{"href":"https:\/\/www.brikaelektrik.al\/al\/wp-json\/wp\/v2\/product"}],"about":[{"href":"https:\/\/www.brikaelektrik.al\/al\/wp-json\/wp\/v2\/types\/product"}],"replies":[{"embeddable":true,"href":"https:\/\/www.brikaelektrik.al\/al\/wp-json\/wp\/v2\/comments?post=4045"}],"wp:featuredmedia":[{"embeddable":true,"href":"https:\/\/www.brikaelektrik.al\/al\/wp-json\/wp\/v2\/media\/4046"}],"wp:attachment":[{"href":"https:\/\/www.brikaelektrik.al\/al\/wp-json\/wp\/v2\/media?parent=4045"}],"wp:term":[{"taxonomy":"product_brand","embeddable":true,"href":"https:\/\/www.brikaelektrik.al\/al\/wp-json\/wp\/v2\/product_brand?post=4045"},{"taxonomy":"product_cat","embeddable":true,"href":"https:\/\/www.brikaelektrik.al\/al\/wp-json\/wp\/v2\/product_cat?post=4045"},{"taxonomy":"product_tag","embeddable":true,"href":"https:\/\/www.brikaelektrik.al\/al\/wp-json\/wp\/v2\/product_tag?post=4045"}],"curies":[{"name":"wp","href":"https:\/\/api.w.org\/{rel}","templated":true}]}}