{"id":4058,"date":"2025-09-02T10:15:05","date_gmt":"2025-09-02T10:15:05","guid":{"rendered":"https:\/\/www.brikaelektrik.al\/?post_type=product&#038;p=4058"},"modified":"2025-09-02T13:54:02","modified_gmt":"2025-09-02T13:54:02","slug":"prize-murale-5x32a-3ptn-380v-ip44-ipp3","status":"publish","type":"product","link":"https:\/\/www.brikaelektrik.al\/al\/produkt\/prize-murale-5x32a-3ptn-380v-ip44-ipp3\/","title":{"rendered":"PRIZ\u00cb MURALE 5X32A 3P+T+N 380V IP44 (IPP3)"},"content":{"rendered":"<p><strong data-start=\"0\" data-end=\"10\">Seria:<\/strong> BC1<br data-start=\"14\" data-end=\"17\" data-is-only-node=\"\" \/><strong data-start=\"17\" data-end=\"27\">Lloji:<\/strong> 90\u00b0 priz\u00eb muri industriale (3P+E+N)<br data-start=\"63\" data-end=\"66\" \/><strong data-start=\"66\" data-end=\"92\">Tension operativ (Ue):<\/strong> 380\u2013450 V AC<br data-start=\"105\" data-end=\"108\" \/><strong data-start=\"108\" data-end=\"122\">Frekuenca:<\/strong> 50\/60 Hz<br data-start=\"131\" data-end=\"134\" \/><strong data-start=\"134\" data-end=\"158\">Rryma nominale (Ie):<\/strong> 32 A<br data-start=\"163\" data-end=\"166\" \/><strong data-start=\"166\" data-end=\"179\">Mbrojtja:<\/strong> IP44 (mbrojtje e pjesshme ndaj pluhurit dhe ujit)<br data-start=\"229\" data-end=\"232\" \/><strong data-start=\"232\" data-end=\"255\">Materiali i trupit:<\/strong> Poliamid 6<br data-start=\"266\" data-end=\"269\" \/><strong data-start=\"269\" data-end=\"295\">Materiali i p\u00ebr\u00e7uesit:<\/strong> MS 58 (Bronz i klas\u00ebs MS 58)<\/p>","protected":false},"excerpt":{"rendered":"<p>Seria: BC1Lloji: 90\u00b0 priz\u00eb muri industriale (3P+E+N)Tension operativ (Ue): 380\u2013450 V ACFrekuenca: 50\/60 HzRryma nominale (Ie): 32 AMbrojtja: IP44 (mbrojtje e pjesshme ndaj pluhurit dhe ujit)Materiali i trupit: Poliamid 6Materiali i p\u00ebr\u00e7uesit: MS 58 (Bronz i klas\u00ebs MS 58)<\/p>","protected":false},"featured_media":4060,"comment_status":"open","ping_status":"closed","template":"","meta":{"_acf_changed":false},"product_brand":[],"product_cat":[82,42],"product_tag":[],"class_list":{"0":"post-4058","1":"product","2":"type-product","3":"status-publish","4":"has-post-thumbnail","6":"product_cat-priza-spina-industriale","7":"product_cat-serite-industriale","9":"first","10":"instock","11":"shipping-taxable","12":"product-type-simple"},"acf":[],"_links":{"self":[{"href":"https:\/\/www.brikaelektrik.al\/al\/wp-json\/wp\/v2\/product\/4058","targetHints":{"allow":["GET"]}}],"collection":[{"href":"https:\/\/www.brikaelektrik.al\/al\/wp-json\/wp\/v2\/product"}],"about":[{"href":"https:\/\/www.brikaelektrik.al\/al\/wp-json\/wp\/v2\/types\/product"}],"replies":[{"embeddable":true,"href":"https:\/\/www.brikaelektrik.al\/al\/wp-json\/wp\/v2\/comments?post=4058"}],"wp:featuredmedia":[{"embeddable":true,"href":"https:\/\/www.brikaelektrik.al\/al\/wp-json\/wp\/v2\/media\/4060"}],"wp:attachment":[{"href":"https:\/\/www.brikaelektrik.al\/al\/wp-json\/wp\/v2\/media?parent=4058"}],"wp:term":[{"taxonomy":"product_brand","embeddable":true,"href":"https:\/\/www.brikaelektrik.al\/al\/wp-json\/wp\/v2\/product_brand?post=4058"},{"taxonomy":"product_cat","embeddable":true,"href":"https:\/\/www.brikaelektrik.al\/al\/wp-json\/wp\/v2\/product_cat?post=4058"},{"taxonomy":"product_tag","embeddable":true,"href":"https:\/\/www.brikaelektrik.al\/al\/wp-json\/wp\/v2\/product_tag?post=4058"}],"curies":[{"name":"wp","href":"https:\/\/api.w.org\/{rel}","templated":true}]}}