{"id":4063,"date":"2025-09-02T10:18:15","date_gmt":"2025-09-02T10:18:15","guid":{"rendered":"https:\/\/www.brikaelektrik.al\/?post_type=product&#038;p=4063"},"modified":"2025-09-02T13:54:35","modified_gmt":"2025-09-02T13:54:35","slug":"prize-murale-3x32a-2pt-220v-ip44-ipp3","status":"publish","type":"product","link":"https:\/\/www.brikaelektrik.al\/al\/produkt\/prize-murale-3x32a-2pt-220v-ip44-ipp3\/","title":{"rendered":"PRIZ\u00cb MURALE 3X32A 2P+T 220V IP44 (IPP3)"},"content":{"rendered":"<p><strong data-start=\"40\" data-end=\"50\">Seria:<\/strong> BC1<br data-start=\"54\" data-end=\"57\" \/><strong data-start=\"57\" data-end=\"67\" data-is-only-node=\"\">Lloji:<\/strong> <span class=\"relative -mx-px my-[-0.2rem] rounded px-px py-[0.2rem] transition-colors duration-100 ease-in-out\">Priz\u00eb industriale 90\u00b0 e montuar n\u00eb mur (2P+E)<\/span><br data-start=\"105\" data-end=\"108\" \/><strong data-start=\"108\" data-end=\"134\">Tension operativ (Ue):<\/strong> <span class=\"relative -mx-px my-[-0.2rem] rounded px-px py-[0.2rem] transition-colors duration-100 ease-in-out\">220\u2013250 V AC<\/span><br data-start=\"172\" data-end=\"175\" \/><strong data-start=\"175\" data-end=\"189\">Frekuenca:<\/strong> <span class=\"relative -mx-px my-[-0.2rem] rounded px-px py-[0.2rem] transition-colors duration-100 ease-in-out\">50\/60 Hz<\/span><br data-start=\"229\" data-end=\"232\" \/><strong data-start=\"232\" data-end=\"256\">Rryma nominale (Ie):<\/strong> 32 A<br data-start=\"261\" data-end=\"264\" \/><strong data-start=\"264\" data-end=\"277\">Mbrojtja:<\/strong> <span class=\"relative -mx-px my-[-0.2rem] rounded px-px py-[0.2rem] transition-colors duration-100 ease-in-out\">IP44 (mbrojtje e pjesshme ndaj pluhurit dhe ujit)<\/span><br data-start=\"317\" data-end=\"320\" \/><strong data-start=\"320\" data-end=\"343\">Materiali i trupit:<\/strong> <span class=\"relative -mx-px my-[-0.2rem] rounded px-px py-[0.2rem] transition-colors duration-100 ease-in-out\">Poliamid 6<\/span><br data-start=\"383\" data-end=\"386\" \/><strong data-start=\"386\" data-end=\"412\">Materiali i p\u00ebr\u00e7uesit:<\/strong> <span class=\"relative -mx-px my-[-0.2rem] rounded px-px py-[0.2rem] transition-colors duration-100 ease-in-out\">MS 58 (Bronz i klas\u00ebs MS 58)<\/span><br data-start=\"452\" data-end=\"455\" \/><strong data-start=\"455\" data-end=\"465\">Pesha:<\/strong> <span class=\"relative -mx-px my-[-0.2rem] rounded px-px py-[0.2rem] transition-colors duration-100 ease-in-out\">301,1 g<\/span><\/p>","protected":false},"excerpt":{"rendered":"<p>Seria: BC1Lloji: Priz\u00eb industriale 90\u00b0 e montuar n\u00eb mur (2P+E)Tension operativ (Ue): 220\u2013250 V ACFrekuenca: 50\/60 HzRryma nominale (Ie): 32 AMbrojtja: IP44 (mbrojtje e pjesshme ndaj pluhurit dhe ujit)Materiali i trupit: Poliamid 6Materiali i p\u00ebr\u00e7uesit: MS 58 (Bronz i klas\u00ebs MS 58)Pesha: 301,1 g<\/p>","protected":false},"featured_media":4064,"comment_status":"open","ping_status":"closed","template":"","meta":{"_acf_changed":false},"product_brand":[],"product_cat":[82,42],"product_tag":[],"class_list":{"0":"post-4063","1":"product","2":"type-product","3":"status-publish","4":"has-post-thumbnail","6":"product_cat-priza-spina-industriale","7":"product_cat-serite-industriale","9":"first","10":"instock","11":"shipping-taxable","12":"product-type-simple"},"acf":[],"_links":{"self":[{"href":"https:\/\/www.brikaelektrik.al\/al\/wp-json\/wp\/v2\/product\/4063","targetHints":{"allow":["GET"]}}],"collection":[{"href":"https:\/\/www.brikaelektrik.al\/al\/wp-json\/wp\/v2\/product"}],"about":[{"href":"https:\/\/www.brikaelektrik.al\/al\/wp-json\/wp\/v2\/types\/product"}],"replies":[{"embeddable":true,"href":"https:\/\/www.brikaelektrik.al\/al\/wp-json\/wp\/v2\/comments?post=4063"}],"wp:featuredmedia":[{"embeddable":true,"href":"https:\/\/www.brikaelektrik.al\/al\/wp-json\/wp\/v2\/media\/4064"}],"wp:attachment":[{"href":"https:\/\/www.brikaelektrik.al\/al\/wp-json\/wp\/v2\/media?parent=4063"}],"wp:term":[{"taxonomy":"product_brand","embeddable":true,"href":"https:\/\/www.brikaelektrik.al\/al\/wp-json\/wp\/v2\/product_brand?post=4063"},{"taxonomy":"product_cat","embeddable":true,"href":"https:\/\/www.brikaelektrik.al\/al\/wp-json\/wp\/v2\/product_cat?post=4063"},{"taxonomy":"product_tag","embeddable":true,"href":"https:\/\/www.brikaelektrik.al\/al\/wp-json\/wp\/v2\/product_tag?post=4063"}],"curies":[{"name":"wp","href":"https:\/\/api.w.org\/{rel}","templated":true}]}}