{"id":4071,"date":"2025-09-02T10:22:27","date_gmt":"2025-09-02T10:22:27","guid":{"rendered":"https:\/\/www.brikaelektrik.al\/?post_type=product&#038;p=4071"},"modified":"2025-09-02T10:22:27","modified_gmt":"2025-09-02T10:22:27","slug":"prize-murale-5x16a-3ptn-380v-ipp3","status":"publish","type":"product","link":"https:\/\/www.brikaelektrik.al\/al\/produkt\/prize-murale-5x16a-3ptn-380v-ipp3\/","title":{"rendered":"PRIZ\u00cb MURALE 5X16A 3P+T+N 380V (IPP3)"},"content":{"rendered":"<p><strong data-start=\"0\" data-end=\"10\">Seria:<\/strong> BC1<br data-start=\"14\" data-end=\"17\" data-is-only-node=\"\" \/><strong data-start=\"17\" data-end=\"27\">Lloji:<\/strong> Priz\u00eb industriale 90\u00b0 e montuar n\u00eb mur (3P+E+N)<br data-start=\"75\" data-end=\"78\" \/><strong data-start=\"78\" data-end=\"104\">Tension operativ (Ue):<\/strong> 380\u2013450 V AC<br data-start=\"117\" data-end=\"120\" \/><strong data-start=\"120\" data-end=\"134\">Frekuenca:<\/strong> 50\/60 Hz<br data-start=\"143\" data-end=\"146\" \/><strong data-start=\"146\" data-end=\"170\">Rryma nominale (Ie):<\/strong> 5\/16 A<br data-start=\"177\" data-end=\"180\" \/><strong data-start=\"180\" data-end=\"193\">Mbrojtja:<\/strong> IP44 (mbrojtje e pjesshme ndaj pluhurit dhe ujit)<br data-start=\"243\" data-end=\"246\" \/><strong data-start=\"246\" data-end=\"269\">Materiali i trupit:<\/strong> Poliamid 6<br data-start=\"280\" data-end=\"283\" \/><strong data-start=\"283\" data-end=\"309\">Materiali i p\u00ebr\u00e7uesit:<\/strong> MS 58 (Bronz i klas\u00ebs MS 58)<br data-start=\"338\" data-end=\"341\" \/><strong data-start=\"341\" data-end=\"351\">Pesha:<\/strong> 278,8 g<\/p>","protected":false},"excerpt":{"rendered":"<p>Seria: BC1Lloji: Priz\u00eb industriale 90\u00b0 e montuar n\u00eb mur (3P+E+N)Tension operativ (Ue): 380\u2013450 V ACFrekuenca: 50\/60 HzRryma nominale (Ie): 5\/16 AMbrojtja: IP44 (mbrojtje e pjesshme ndaj pluhurit dhe ujit)Materiali i trupit: Poliamid 6Materiali i p\u00ebr\u00e7uesit: MS 58 (Bronz i klas\u00ebs MS 58)Pesha: 278,8 g<\/p>","protected":false},"featured_media":4072,"comment_status":"open","ping_status":"closed","template":"","meta":{"_acf_changed":false},"product_brand":[],"product_cat":[82,42],"product_tag":[],"class_list":{"0":"post-4071","1":"product","2":"type-product","3":"status-publish","4":"has-post-thumbnail","6":"product_cat-priza-spina-industriale","7":"product_cat-serite-industriale","9":"first","10":"instock","11":"shipping-taxable","12":"product-type-simple"},"acf":[],"_links":{"self":[{"href":"https:\/\/www.brikaelektrik.al\/al\/wp-json\/wp\/v2\/product\/4071","targetHints":{"allow":["GET"]}}],"collection":[{"href":"https:\/\/www.brikaelektrik.al\/al\/wp-json\/wp\/v2\/product"}],"about":[{"href":"https:\/\/www.brikaelektrik.al\/al\/wp-json\/wp\/v2\/types\/product"}],"replies":[{"embeddable":true,"href":"https:\/\/www.brikaelektrik.al\/al\/wp-json\/wp\/v2\/comments?post=4071"}],"wp:featuredmedia":[{"embeddable":true,"href":"https:\/\/www.brikaelektrik.al\/al\/wp-json\/wp\/v2\/media\/4072"}],"wp:attachment":[{"href":"https:\/\/www.brikaelektrik.al\/al\/wp-json\/wp\/v2\/media?parent=4071"}],"wp:term":[{"taxonomy":"product_brand","embeddable":true,"href":"https:\/\/www.brikaelektrik.al\/al\/wp-json\/wp\/v2\/product_brand?post=4071"},{"taxonomy":"product_cat","embeddable":true,"href":"https:\/\/www.brikaelektrik.al\/al\/wp-json\/wp\/v2\/product_cat?post=4071"},{"taxonomy":"product_tag","embeddable":true,"href":"https:\/\/www.brikaelektrik.al\/al\/wp-json\/wp\/v2\/product_tag?post=4071"}],"curies":[{"name":"wp","href":"https:\/\/api.w.org\/{rel}","templated":true}]}}