{"id":4080,"date":"2025-09-02T10:36:23","date_gmt":"2025-09-02T10:36:23","guid":{"rendered":"https:\/\/www.brikaelektrik.al\/?post_type=product&#038;p=4080"},"modified":"2025-09-02T10:36:23","modified_gmt":"2025-09-02T10:36:23","slug":"leshues-modular-4p-63a","status":"publish","type":"product","link":"https:\/\/www.brikaelektrik.al\/al\/produkt\/leshues-modular-4p-63a\/","title":{"rendered":"L\u00cbSHUES MODULAR 4P 63A"},"content":{"rendered":"<p><strong data-start=\"154\" data-end=\"164\">Seria:<\/strong> Acti9 iCT<br data-start=\"174\" data-end=\"177\" \/><strong data-start=\"177\" data-end=\"187\">Lloji:<\/strong> Kontaktor modular 4-pol\u00ebsh (4 NO), p\u00ebr kontroll t\u00eb larg\u00ebt<br data-start=\"245\" data-end=\"248\" \/><strong data-start=\"248\" data-end=\"272\" data-is-only-node=\"\">Rryma nominale (Ie):<\/strong> 63 A (AC-7a), 20 A (AC-7b)<br data-start=\"299\" data-end=\"302\" \/><strong data-start=\"302\" data-end=\"328\">Tension operativ (Ue):<\/strong> 400 V AC<br data-start=\"337\" data-end=\"340\" \/><strong data-start=\"340\" data-end=\"367\">Tension komandimi (Uc):<\/strong> 220\u2013240 V AC<br data-start=\"380\" data-end=\"383\" \/><strong data-start=\"383\" data-end=\"396\">P\u00ebrdorim:<\/strong> P\u00ebr komanda n\u00eb distanc\u00eb, p\u00ebrdorim n\u00eb motorr\u00eb t\u00eb vegj\u00ebl (ventilator\u00eb, p\u00ebrzier\u00ebs) dhe sisteme HVAC<br data-start=\"493\" data-end=\"496\" \/><strong data-start=\"496\" data-end=\"523\">Jet\u00ebgjat\u00ebsia elektrike:<\/strong> 100,000 cikle p\u00ebr AC-7a ose AC-1; 30,000 cikle p\u00ebr AC-7b, AC-7c, AC-3, AC-5a, AC-5b<br data-start=\"607\" data-end=\"610\" \/><strong data-start=\"610\" data-end=\"647\">Maksimumi i operacioneve n\u00eb dit\u00eb:<\/strong> 100<br data-start=\"651\" data-end=\"654\" \/><strong data-start=\"654\" data-end=\"683\">Tensioni i izolimit (Ui):<\/strong> 500 V AC<br data-start=\"692\" data-end=\"695\" \/><strong data-start=\"695\" data-end=\"743\">Tensioni i q\u00ebndrueshm\u00ebris\u00eb impulsive (Uimp):<\/strong> 4 kV<br data-start=\"748\" data-end=\"751\" \/><strong data-start=\"751\" data-end=\"773\">Shkalla e ndotjes:<\/strong> 2<br data-start=\"775\" data-end=\"778\" \/><strong data-start=\"778\" data-end=\"790\">Montimi:<\/strong> N\u00eb shirit DIN<br data-start=\"804\" data-end=\"807\" \/><strong data-start=\"807\" data-end=\"820\">Gjer\u00ebsia:<\/strong> 6 module (54 mm)<br data-start=\"837\" data-end=\"840\" \/><strong data-start=\"840\" data-end=\"851\">Ngjyra:<\/strong> E bardh\u00eb (RAL 9003)<br data-start=\"871\" data-end=\"874\" \/><strong data-start=\"874\" data-end=\"887\">P\u00ebrmasat:<\/strong> Gjer\u00ebsia 85 mm, Lart\u00ebsia 54 mm, Thell\u00ebsia 60 mm<br data-start=\"935\" data-end=\"938\" \/><strong data-start=\"938\" data-end=\"951\">Mbrojtja:<\/strong> IP20 jasht\u00eb kutis\u00eb, IP40 brenda kutis\u00eb (sipas IEC 60529)<br data-start=\"1008\" data-end=\"1011\" \/><strong data-start=\"1011\" data-end=\"1042\">Temperatura e funksionimit:<\/strong> \u20135 \u00b0C deri +60 \u00b0C<br data-start=\"1060\" data-end=\"1063\" \/><strong data-start=\"1063\" data-end=\"1090\">Temperatura e ruajtjes:<\/strong> \u201340 \u00b0C deri +70 \u00b0C<br data-start=\"1109\" data-end=\"1112\" \/><strong data-start=\"1112\" data-end=\"1126\">Standarde:<\/strong> IEC\/EN 61095<\/p>","protected":false},"excerpt":{"rendered":"<p>Seria: Acti9 iCTLloji: Kontaktor modular 4-pol\u00ebsh (4 NO), p\u00ebr kontroll t\u00eb larg\u00ebtRryma nominale (Ie): 63 A (AC-7a), 20 A (AC-7b)Tension operativ (Ue): 400 V ACTension komandimi (Uc): 220\u2013240 V ACP\u00ebrdorim: P\u00ebr komanda n\u00eb distanc\u00eb, p\u00ebrdorim n\u00eb motorr\u00eb t\u00eb vegj\u00ebl (ventilator\u00eb, p\u00ebrzier\u00ebs) dhe sisteme HVACJet\u00ebgjat\u00ebsia elektrike: 100,000 cikle p\u00ebr AC-7a ose AC-1; 30,000 cikle p\u00ebr AC-7b, [&hellip;]<\/p>","protected":false},"featured_media":4081,"comment_status":"open","ping_status":"closed","template":"","meta":{"_acf_changed":false},"product_brand":[],"product_cat":[83,42],"product_tag":[],"class_list":{"0":"post-4080","1":"product","2":"type-product","3":"status-publish","4":"has-post-thumbnail","6":"product_cat-kontaktore-fuqie","7":"product_cat-serite-industriale","9":"first","10":"instock","11":"shipping-taxable","12":"product-type-simple"},"acf":[],"_links":{"self":[{"href":"https:\/\/www.brikaelektrik.al\/al\/wp-json\/wp\/v2\/product\/4080","targetHints":{"allow":["GET"]}}],"collection":[{"href":"https:\/\/www.brikaelektrik.al\/al\/wp-json\/wp\/v2\/product"}],"about":[{"href":"https:\/\/www.brikaelektrik.al\/al\/wp-json\/wp\/v2\/types\/product"}],"replies":[{"embeddable":true,"href":"https:\/\/www.brikaelektrik.al\/al\/wp-json\/wp\/v2\/comments?post=4080"}],"wp:featuredmedia":[{"embeddable":true,"href":"https:\/\/www.brikaelektrik.al\/al\/wp-json\/wp\/v2\/media\/4081"}],"wp:attachment":[{"href":"https:\/\/www.brikaelektrik.al\/al\/wp-json\/wp\/v2\/media?parent=4080"}],"wp:term":[{"taxonomy":"product_brand","embeddable":true,"href":"https:\/\/www.brikaelektrik.al\/al\/wp-json\/wp\/v2\/product_brand?post=4080"},{"taxonomy":"product_cat","embeddable":true,"href":"https:\/\/www.brikaelektrik.al\/al\/wp-json\/wp\/v2\/product_cat?post=4080"},{"taxonomy":"product_tag","embeddable":true,"href":"https:\/\/www.brikaelektrik.al\/al\/wp-json\/wp\/v2\/product_tag?post=4080"}],"curies":[{"name":"wp","href":"https:\/\/api.w.org\/{rel}","templated":true}]}}