{"id":4088,"date":"2025-09-02T10:44:50","date_gmt":"2025-09-02T10:44:50","guid":{"rendered":"https:\/\/www.brikaelektrik.al\/?post_type=product&#038;p=4088"},"modified":"2025-09-02T10:44:50","modified_gmt":"2025-09-02T10:44:50","slug":"leshues-industrial-3p-630a-220v","status":"publish","type":"product","link":"https:\/\/www.brikaelektrik.al\/al\/produkt\/leshues-industrial-3p-630a-220v\/","title":{"rendered":"L\u00cbSHUES INDUSTRIAL 3P 630A 220V"},"content":{"rendered":"<p><strong data-start=\"92\" data-end=\"102\">Seria:<\/strong> TeSys F<br data-start=\"110\" data-end=\"113\" \/><strong data-start=\"113\" data-end=\"123\">Lloji:<\/strong> Kontaktor 3-pol\u00ebsh (3 NO)<br data-start=\"149\" data-end=\"152\" \/><strong data-start=\"152\" data-end=\"176\" data-is-only-node=\"\">Rryma nominale (Ie):<\/strong> 630 A (AC-3)<br data-start=\"189\" data-end=\"192\" \/><strong data-start=\"192\" data-end=\"218\">Tension operativ (Ue):<\/strong> Deri n\u00eb 1000 V AC<br data-start=\"236\" data-end=\"239\" \/><strong data-start=\"239\" data-end=\"275\">Fuqia e komanduar (AC-3, 400 V):<\/strong> Deri n\u00eb 250 kW<br data-start=\"290\" data-end=\"293\" \/><strong data-start=\"293\" data-end=\"306\">P\u00ebrdorim:<\/strong> P\u00ebr aplikacione motor\u00ebsh deri n\u00eb 250 kW n\u00eb 400 V<br data-start=\"355\" data-end=\"358\" \/><strong data-start=\"358\" data-end=\"369\">Bobina:<\/strong> Pa bobin\u00eb (duhet porositur ve\u00e7mas p\u00ebr instalim m\u00eb von\u00eb)<br data-start=\"425\" data-end=\"428\" \/><strong data-start=\"428\" data-end=\"443\">Terminalet:<\/strong> Terminale me vida p\u00ebr lidhje me shufra ose kabllo me unaza<br data-start=\"502\" data-end=\"505\" \/><strong data-start=\"505\" data-end=\"531\">Shpejt\u00ebsia e operimit:<\/strong> Deri n\u00eb 1200 cikle\/or\u00eb<br data-start=\"554\" data-end=\"557\" \/><strong data-start=\"557\" data-end=\"588\">Temperatura e funksionimit:<\/strong> Deri n\u00eb 55 \u00b0C<br data-start=\"602\" data-end=\"605\" \/><strong data-start=\"605\" data-end=\"625\">Karakteristikat:<\/strong> Siguron besueshm\u00ebri dhe q\u00ebndrueshm\u00ebri t\u00eb lart\u00eb<br data-start=\"672\" data-end=\"675\" \/><strong data-start=\"675\" data-end=\"697\">Leht\u00ebsira montimi:<\/strong> Mund\u00ebsi instalimi dhe mir\u00ebmbajtjeje e thjesht\u00eb fal\u00eb nj\u00eb kasete p\u00ebr futjen e bobin\u00ebs dhe nj\u00eb zgjedhjeje t\u00eb madhe blloqesh dhe aksesor\u00ebsh shtes\u00eb (t\u00eb porositur ve\u00e7mas)<br data-start=\"862\" data-end=\"865\" \/><strong data-start=\"865\" data-end=\"882\">Certifikatat:<\/strong> IEC, UL, CSA, CCC, EAC, Marine<br data-start=\"913\" data-end=\"916\" \/><strong data-start=\"916\" data-end=\"935\">P\u00ebrputhshm\u00ebria:<\/strong> Green Premium (p\u00ebrputhje me RoHS\/REACh)<\/p>","protected":false},"excerpt":{"rendered":"<p>Seria: TeSys FLloji: Kontaktor 3-pol\u00ebsh (3 NO)Rryma nominale (Ie): 630 A (AC-3)Tension operativ (Ue): Deri n\u00eb 1000 V ACFuqia e komanduar (AC-3, 400 V): Deri n\u00eb 250 kWP\u00ebrdorim: P\u00ebr aplikacione motor\u00ebsh deri n\u00eb 250 kW n\u00eb 400 VBobina: Pa bobin\u00eb (duhet porositur ve\u00e7mas p\u00ebr instalim m\u00eb von\u00eb)Terminalet: Terminale me vida p\u00ebr lidhje me shufra ose [&hellip;]<\/p>","protected":false},"featured_media":4089,"comment_status":"open","ping_status":"closed","template":"","meta":{"_acf_changed":false},"product_brand":[],"product_cat":[83,42],"product_tag":[],"class_list":{"0":"post-4088","1":"product","2":"type-product","3":"status-publish","4":"has-post-thumbnail","6":"product_cat-kontaktore-fuqie","7":"product_cat-serite-industriale","9":"first","10":"instock","11":"shipping-taxable","12":"product-type-simple"},"acf":[],"_links":{"self":[{"href":"https:\/\/www.brikaelektrik.al\/al\/wp-json\/wp\/v2\/product\/4088","targetHints":{"allow":["GET"]}}],"collection":[{"href":"https:\/\/www.brikaelektrik.al\/al\/wp-json\/wp\/v2\/product"}],"about":[{"href":"https:\/\/www.brikaelektrik.al\/al\/wp-json\/wp\/v2\/types\/product"}],"replies":[{"embeddable":true,"href":"https:\/\/www.brikaelektrik.al\/al\/wp-json\/wp\/v2\/comments?post=4088"}],"wp:featuredmedia":[{"embeddable":true,"href":"https:\/\/www.brikaelektrik.al\/al\/wp-json\/wp\/v2\/media\/4089"}],"wp:attachment":[{"href":"https:\/\/www.brikaelektrik.al\/al\/wp-json\/wp\/v2\/media?parent=4088"}],"wp:term":[{"taxonomy":"product_brand","embeddable":true,"href":"https:\/\/www.brikaelektrik.al\/al\/wp-json\/wp\/v2\/product_brand?post=4088"},{"taxonomy":"product_cat","embeddable":true,"href":"https:\/\/www.brikaelektrik.al\/al\/wp-json\/wp\/v2\/product_cat?post=4088"},{"taxonomy":"product_tag","embeddable":true,"href":"https:\/\/www.brikaelektrik.al\/al\/wp-json\/wp\/v2\/product_tag?post=4088"}],"curies":[{"name":"wp","href":"https:\/\/api.w.org\/{rel}","templated":true}]}}