{"id":4106,"date":"2025-09-02T11:11:15","date_gmt":"2025-09-02T11:11:15","guid":{"rendered":"https:\/\/www.brikaelektrik.al\/?post_type=product&#038;p=4106"},"modified":"2025-09-02T13:52:58","modified_gmt":"2025-09-02T13:52:58","slug":"prize-ajrore-5x32a-3ptn-380v-ip44-ipp8","status":"publish","type":"product","link":"https:\/\/www.brikaelektrik.al\/al\/produkt\/prize-ajrore-5x32a-3ptn-380v-ip44-ipp8\/","title":{"rendered":"PRIZ\u00cb AJRORE 5X32A 3P+T+N 380V IP44 (IPP8)"},"content":{"rendered":"<p><strong data-start=\"40\" data-end=\"50\">Seria:<\/strong> BC1<br data-start=\"54\" data-end=\"57\" \/><strong data-start=\"57\" data-end=\"67\" data-is-only-node=\"\">Lloji:<\/strong> Priz\u00eb industriale 90\u00b0 e montuar n\u00eb mur (3P+E+N)<br data-start=\"115\" data-end=\"118\" \/><strong data-start=\"118\" data-end=\"144\">Tension operativ (Ue):<\/strong> 380\u2013450 V AC<br data-start=\"157\" data-end=\"160\" \/><strong data-start=\"160\" data-end=\"174\">Frekuenca:<\/strong> 50\/60 Hz<br data-start=\"183\" data-end=\"186\" \/><strong data-start=\"186\" data-end=\"210\">Rryma nominale (Ie):<\/strong> 32 A<br data-start=\"215\" data-end=\"218\" \/><strong data-start=\"218\" data-end=\"231\">Mbrojtja:<\/strong> IP44 (mbrojtje e pjesshme ndaj pluhurit dhe ujit)<br data-start=\"281\" data-end=\"284\" \/><strong data-start=\"284\" data-end=\"307\">Materiali i trupit:<\/strong> Poliamid 6<br data-start=\"318\" data-end=\"321\" \/><strong data-start=\"321\" data-end=\"347\">Materiali i p\u00ebr\u00e7uesit:<\/strong> MS 58 (Bronz i klas\u00ebs MS 58)<br data-start=\"376\" data-end=\"379\" \/><strong data-start=\"379\" data-end=\"389\">Pesha:<\/strong> 300 g<\/p>","protected":false},"excerpt":{"rendered":"<p>Seria: BC1Lloji: Priz\u00eb industriale 90\u00b0 e montuar n\u00eb mur (3P+E+N)Tension operativ (Ue): 380\u2013450 V ACFrekuenca: 50\/60 HzRryma nominale (Ie): 32 AMbrojtja: IP44 (mbrojtje e pjesshme ndaj pluhurit dhe ujit)Materiali i trupit: Poliamid 6Materiali i p\u00ebr\u00e7uesit: MS 58 (Bronz i klas\u00ebs MS 58)Pesha: 300 g<\/p>","protected":false},"featured_media":4108,"comment_status":"open","ping_status":"closed","template":"","meta":{"_acf_changed":false},"product_brand":[],"product_cat":[82,42],"product_tag":[],"class_list":{"0":"post-4106","1":"product","2":"type-product","3":"status-publish","4":"has-post-thumbnail","6":"product_cat-priza-spina-industriale","7":"product_cat-serite-industriale","9":"first","10":"instock","11":"shipping-taxable","12":"product-type-simple"},"acf":[],"_links":{"self":[{"href":"https:\/\/www.brikaelektrik.al\/al\/wp-json\/wp\/v2\/product\/4106","targetHints":{"allow":["GET"]}}],"collection":[{"href":"https:\/\/www.brikaelektrik.al\/al\/wp-json\/wp\/v2\/product"}],"about":[{"href":"https:\/\/www.brikaelektrik.al\/al\/wp-json\/wp\/v2\/types\/product"}],"replies":[{"embeddable":true,"href":"https:\/\/www.brikaelektrik.al\/al\/wp-json\/wp\/v2\/comments?post=4106"}],"wp:featuredmedia":[{"embeddable":true,"href":"https:\/\/www.brikaelektrik.al\/al\/wp-json\/wp\/v2\/media\/4108"}],"wp:attachment":[{"href":"https:\/\/www.brikaelektrik.al\/al\/wp-json\/wp\/v2\/media?parent=4106"}],"wp:term":[{"taxonomy":"product_brand","embeddable":true,"href":"https:\/\/www.brikaelektrik.al\/al\/wp-json\/wp\/v2\/product_brand?post=4106"},{"taxonomy":"product_cat","embeddable":true,"href":"https:\/\/www.brikaelektrik.al\/al\/wp-json\/wp\/v2\/product_cat?post=4106"},{"taxonomy":"product_tag","embeddable":true,"href":"https:\/\/www.brikaelektrik.al\/al\/wp-json\/wp\/v2\/product_tag?post=4106"}],"curies":[{"name":"wp","href":"https:\/\/api.w.org\/{rel}","templated":true}]}}