{"id":4120,"date":"2025-09-02T11:19:06","date_gmt":"2025-09-02T11:19:06","guid":{"rendered":"https:\/\/www.brikaelektrik.al\/?post_type=product&#038;p=4120"},"modified":"2025-09-02T13:52:14","modified_gmt":"2025-09-02T13:52:14","slug":"prize-ajrore-3x16a-2pt-220v-ipp10","status":"publish","type":"product","link":"https:\/\/www.brikaelektrik.al\/al\/produkt\/prize-ajrore-3x16a-2pt-220v-ipp10\/","title":{"rendered":"PRIZ\u00cb AJRORE 3X16A 2P+T 220V (IPP10)"},"content":{"rendered":"<p><strong data-start=\"0\" data-end=\"10\">Seria:<\/strong> BC1<br data-start=\"14\" data-end=\"17\" data-is-only-node=\"\" \/><strong data-start=\"17\" data-end=\"27\">Lloji:<\/strong> <span class=\"relative -mx-px my-[-0.2rem] rounded px-px py-[0.2rem] transition-colors duration-100 ease-in-out\">Priz\u00eb industriale 90\u00b0 e montuar n\u00eb mur (2P+E)<\/span><br data-start=\"65\" data-end=\"68\" \/><strong data-start=\"68\" data-end=\"94\">Tension operativ (Ue):<\/strong> <span class=\"relative -mx-px my-[-0.2rem] rounded px-px py-[0.2rem] transition-colors duration-100 ease-in-out\">220\u2013250 V AC<\/span><br data-start=\"132\" data-end=\"135\" \/><strong data-start=\"135\" data-end=\"149\">Frekuenca:<\/strong> <span class=\"relative -mx-px my-[-0.2rem] rounded px-px py-[0.2rem] transition-colors duration-100 ease-in-out\">50\/60 Hz<\/span><br data-start=\"187\" data-end=\"190\" \/><strong data-start=\"190\" data-end=\"214\">Rryma nominale (Ie):<\/strong> 16 A<br data-start=\"219\" data-end=\"222\" \/><strong data-start=\"222\" data-end=\"235\">Mbrojtja:<\/strong> <span class=\"relative -mx-px my-[-0.2rem] rounded px-px py-[0.2rem] transition-colors duration-100 ease-in-out\">IP44 (mbrojtje e pjesshme ndaj pluhurit dhe ujit)<\/span><br data-start=\"275\" data-end=\"278\" \/><strong data-start=\"278\" data-end=\"301\">Materiali i trupit:<\/strong> <span class=\"relative -mx-px my-[-0.2rem] rounded px-px py-[0.2rem] transition-colors duration-100 ease-in-out\">Poliamid 6<\/span><br data-start=\"341\" data-end=\"344\" \/><strong data-start=\"344\" data-end=\"370\">Materiali i p\u00ebr\u00e7uesit:<\/strong> <span class=\"relative -mx-px my-[-0.2rem] rounded px-px py-[0.2rem] transition-colors duration-100 ease-in-out\">MS 58 (Bronz i klas\u00ebs MS 58)<\/span><br data-start=\"410\" data-end=\"413\" \/><strong data-start=\"413\" data-end=\"423\">Pesha:<\/strong> <span class=\"relative -mx-px my-[-0.2rem] rounded px-px py-[0.2rem] transition-colors duration-100 ease-in-out\">152,1 g<\/span><\/p>","protected":false},"excerpt":{"rendered":"<p>Seria: BC1Lloji: Priz\u00eb industriale 90\u00b0 e montuar n\u00eb mur (2P+E)Tension operativ (Ue): 220\u2013250 V ACFrekuenca: 50\/60 HzRryma nominale (Ie): 16 AMbrojtja: IP44 (mbrojtje e pjesshme ndaj pluhurit dhe ujit)Materiali i trupit: Poliamid 6Materiali i p\u00ebr\u00e7uesit: MS 58 (Bronz i klas\u00ebs MS 58)Pesha: 152,1 g<\/p>","protected":false},"featured_media":4121,"comment_status":"open","ping_status":"closed","template":"","meta":{"_acf_changed":false},"product_brand":[],"product_cat":[82,42],"product_tag":[],"class_list":{"0":"post-4120","1":"product","2":"type-product","3":"status-publish","4":"has-post-thumbnail","6":"product_cat-priza-spina-industriale","7":"product_cat-serite-industriale","9":"first","10":"instock","11":"shipping-taxable","12":"product-type-simple"},"acf":[],"_links":{"self":[{"href":"https:\/\/www.brikaelektrik.al\/al\/wp-json\/wp\/v2\/product\/4120","targetHints":{"allow":["GET"]}}],"collection":[{"href":"https:\/\/www.brikaelektrik.al\/al\/wp-json\/wp\/v2\/product"}],"about":[{"href":"https:\/\/www.brikaelektrik.al\/al\/wp-json\/wp\/v2\/types\/product"}],"replies":[{"embeddable":true,"href":"https:\/\/www.brikaelektrik.al\/al\/wp-json\/wp\/v2\/comments?post=4120"}],"wp:featuredmedia":[{"embeddable":true,"href":"https:\/\/www.brikaelektrik.al\/al\/wp-json\/wp\/v2\/media\/4121"}],"wp:attachment":[{"href":"https:\/\/www.brikaelektrik.al\/al\/wp-json\/wp\/v2\/media?parent=4120"}],"wp:term":[{"taxonomy":"product_brand","embeddable":true,"href":"https:\/\/www.brikaelektrik.al\/al\/wp-json\/wp\/v2\/product_brand?post=4120"},{"taxonomy":"product_cat","embeddable":true,"href":"https:\/\/www.brikaelektrik.al\/al\/wp-json\/wp\/v2\/product_cat?post=4120"},{"taxonomy":"product_tag","embeddable":true,"href":"https:\/\/www.brikaelektrik.al\/al\/wp-json\/wp\/v2\/product_tag?post=4120"}],"curies":[{"name":"wp","href":"https:\/\/api.w.org\/{rel}","templated":true}]}}