{"id":4137,"date":"2025-09-02T11:34:02","date_gmt":"2025-09-02T11:34:02","guid":{"rendered":"https:\/\/www.brikaelektrik.al\/?post_type=product&#038;p=4137"},"modified":"2025-09-02T11:34:02","modified_gmt":"2025-09-02T11:34:02","slug":"spine-3x16a-2pt-220v-ipp10","status":"publish","type":"product","link":"https:\/\/www.brikaelektrik.al\/al\/produkt\/spine-3x16a-2pt-220v-ipp10\/","title":{"rendered":"SPIN\u00cb 3X16A 2P+T 220V (IPP10)"},"content":{"rendered":"<p><strong data-start=\"0\" data-end=\"10\">Seria:<\/strong> BC1<br data-start=\"14\" data-end=\"17\" data-is-only-node=\"\" \/><strong data-start=\"17\" data-end=\"27\">Lloji:<\/strong> Fikse industriale 90\u00b0 e montuar n\u00eb mur (2P+E)<br data-start=\"73\" data-end=\"76\" \/><strong data-start=\"76\" data-end=\"102\">Tension operativ (Ue):<\/strong> 220\u2013250 V AC<br data-start=\"115\" data-end=\"118\" \/><strong data-start=\"118\" data-end=\"132\">Frekuenca:<\/strong> 50\/60 Hz<br data-start=\"141\" data-end=\"144\" \/><strong data-start=\"144\" data-end=\"168\">Rryma nominale (Ie):<\/strong> 16 A<br data-start=\"173\" data-end=\"176\" \/><strong data-start=\"176\" data-end=\"189\">Mbrojtja:<\/strong> IP44 (mbrojtje e pjesshme ndaj pluhurit dhe ujit)<br data-start=\"239\" data-end=\"242\" \/><strong data-start=\"242\" data-end=\"265\">Materiali i trupit:<\/strong> Poliamid 6<br data-start=\"276\" data-end=\"279\" \/><strong data-start=\"279\" data-end=\"305\">Materiali i p\u00ebr\u00e7uesit:<\/strong> MS 58 (Bronz i klas\u00ebs MS 58)<br data-start=\"334\" data-end=\"337\" \/><strong data-start=\"337\" data-end=\"347\">Pesha:<\/strong> 124 g<\/p>","protected":false},"excerpt":{"rendered":"<p>Seria: BC1Lloji: Fikse industriale 90\u00b0 e montuar n\u00eb mur (2P+E)Tension operativ (Ue): 220\u2013250 V ACFrekuenca: 50\/60 HzRryma nominale (Ie): 16 AMbrojtja: IP44 (mbrojtje e pjesshme ndaj pluhurit dhe ujit)Materiali i trupit: Poliamid 6Materiali i p\u00ebr\u00e7uesit: MS 58 (Bronz i klas\u00ebs MS 58)Pesha: 124 g<\/p>","protected":false},"featured_media":4138,"comment_status":"open","ping_status":"closed","template":"","meta":{"_acf_changed":false},"product_brand":[],"product_cat":[82,42],"product_tag":[],"class_list":{"0":"post-4137","1":"product","2":"type-product","3":"status-publish","4":"has-post-thumbnail","6":"product_cat-priza-spina-industriale","7":"product_cat-serite-industriale","9":"first","10":"instock","11":"shipping-taxable","12":"product-type-simple"},"acf":[],"_links":{"self":[{"href":"https:\/\/www.brikaelektrik.al\/al\/wp-json\/wp\/v2\/product\/4137","targetHints":{"allow":["GET"]}}],"collection":[{"href":"https:\/\/www.brikaelektrik.al\/al\/wp-json\/wp\/v2\/product"}],"about":[{"href":"https:\/\/www.brikaelektrik.al\/al\/wp-json\/wp\/v2\/types\/product"}],"replies":[{"embeddable":true,"href":"https:\/\/www.brikaelektrik.al\/al\/wp-json\/wp\/v2\/comments?post=4137"}],"wp:featuredmedia":[{"embeddable":true,"href":"https:\/\/www.brikaelektrik.al\/al\/wp-json\/wp\/v2\/media\/4138"}],"wp:attachment":[{"href":"https:\/\/www.brikaelektrik.al\/al\/wp-json\/wp\/v2\/media?parent=4137"}],"wp:term":[{"taxonomy":"product_brand","embeddable":true,"href":"https:\/\/www.brikaelektrik.al\/al\/wp-json\/wp\/v2\/product_brand?post=4137"},{"taxonomy":"product_cat","embeddable":true,"href":"https:\/\/www.brikaelektrik.al\/al\/wp-json\/wp\/v2\/product_cat?post=4137"},{"taxonomy":"product_tag","embeddable":true,"href":"https:\/\/www.brikaelektrik.al\/al\/wp-json\/wp\/v2\/product_tag?post=4137"}],"curies":[{"name":"wp","href":"https:\/\/api.w.org\/{rel}","templated":true}]}}