{"id":4144,"date":"2025-09-02T11:38:20","date_gmt":"2025-09-02T11:38:20","guid":{"rendered":"https:\/\/www.brikaelektrik.al\/?post_type=product&#038;p=4144"},"modified":"2025-09-02T11:38:20","modified_gmt":"2025-09-02T11:38:20","slug":"leshues-4p-200a-440v-ac-1-4no","status":"publish","type":"product","link":"https:\/\/www.brikaelektrik.al\/al\/produkt\/leshues-4p-200a-440v-ac-1-4no\/","title":{"rendered":"L\u00cbSHUES 4P 200A 440V AC-1 4NO"},"content":{"rendered":"<p><strong data-start=\"0\" data-end=\"10\">Seria:<\/strong> TeSys F<br data-start=\"18\" data-end=\"21\" data-is-only-node=\"\" \/><strong data-start=\"21\" data-end=\"31\">Lloji:<\/strong> Kontaktor 4-pol\u00ebsh (4 NO) p\u00ebr aplikime me ngarkesa jo-induktive<br data-start=\"95\" data-end=\"98\" \/><strong data-start=\"98\" data-end=\"122\">Rryma nominale (Ie):<\/strong> 200 A (AC-1, 690 V)<br data-start=\"142\" data-end=\"145\" \/><strong data-start=\"145\" data-end=\"181\">Fuqia e komanduar (AC-1, 690 V):<\/strong> 132 kW<br data-start=\"188\" data-end=\"191\" \/><strong data-start=\"191\" data-end=\"218\">Tension komandimi (Uc):<\/strong> Tensioni i komandimit \u00ebsht\u00eb i zgjedhur ve\u00e7mas (p\u00ebr t\u00eb porositur ve\u00e7)<br data-start=\"287\" data-end=\"290\" \/><strong data-start=\"290\" data-end=\"312\">Kontakte ndihm\u00ebse:<\/strong> Mund\u00ebsi p\u00ebr lidhje me blloqe shtes\u00eb dhe aksesor\u00eb t\u00eb porositur ve\u00e7mas<br data-start=\"381\" data-end=\"384\" \/><strong data-start=\"384\" data-end=\"396\">Lidhjet:<\/strong> Terminale me kap\u00ebse vida (screw clamp) p\u00ebr fuqi dhe p\u00ebr lidhjet e ndihm\u00ebsave<br data-start=\"473\" data-end=\"476\" \/><strong data-start=\"476\" data-end=\"503\">Jet\u00ebgjat\u00ebsia elektrike:<\/strong> Deri n\u00eb 1 milion cikle (AC-1, 690 V)<br data-start=\"540\" data-end=\"543\" \/><strong data-start=\"543\" data-end=\"569\">Jet\u00ebgjat\u00ebsia mekanike:<\/strong> Deri n\u00eb 10 milion cikle<br data-start=\"593\" data-end=\"596\" \/><strong data-start=\"596\" data-end=\"636\">Shpejt\u00ebsia maksimale e funksionimit:<\/strong> Deri n\u00eb 2400 cikle\/or\u00eb<br data-start=\"659\" data-end=\"662\" \/><strong data-start=\"662\" data-end=\"674\">Montimi:<\/strong> Mund\u00ebsi montimi n\u00eb shirit DIN ose me vid\u00eb<br data-start=\"716\" data-end=\"719\" \/><strong data-start=\"719\" data-end=\"732\">Gjer\u00ebsia:<\/strong> 85 mm<br data-start=\"738\" data-end=\"741\" \/><strong data-start=\"741\" data-end=\"754\">Mbrojtja:<\/strong> IP20 pa mbrojtje shtes\u00eb, IP40 n\u00eb kuti<br data-start=\"792\" data-end=\"795\" \/><strong data-start=\"795\" data-end=\"826\">Temperatura e funksionimit:<\/strong> \u20135 \u00b0C deri +55 \u00b0C<br data-start=\"844\" data-end=\"847\" \/><strong data-start=\"847\" data-end=\"874\">Temperatura e ruajtjes:<\/strong> \u201360 \u00b0C deri +80 \u00b0C<br data-start=\"893\" data-end=\"896\" \/><strong data-start=\"896\" data-end=\"925\">Tensioni i izolimit (Ui):<\/strong> 690 V<br data-start=\"931\" data-end=\"934\" \/><strong data-start=\"934\" data-end=\"982\">Tensioni i q\u00ebndrueshm\u00ebris\u00eb impulsive (Uimp):<\/strong> 6 kV<br data-start=\"987\" data-end=\"990\" \/><strong data-start=\"990\" data-end=\"1012\">Shkalla e ndotjes:<\/strong> 3<br data-start=\"1014\" data-end=\"1017\" \/><strong data-start=\"1017\" data-end=\"1044\">Kategoria e p\u00ebrdorimit:<\/strong> AC-1, AC-3, AC-4<br data-start=\"1061\" data-end=\"1064\" \/><strong data-start=\"1064\" data-end=\"1077\">P\u00ebrmasat:<\/strong> Lart\u00ebsia 85 mm, Gjer\u00ebsia 85 mm, Thell\u00ebsia 92 mm<br data-start=\"1125\" data-end=\"1128\" \/><strong data-start=\"1128\" data-end=\"1138\">Pesha:<\/strong> 1.4 kg<br data-start=\"1145\" data-end=\"1148\" \/><strong data-start=\"1148\" data-end=\"1163\">Standardet:<\/strong> IEC 60947-4-1, UL 508, CSA, CCC, EAC, Marine<br data-start=\"1208\" data-end=\"1211\" \/><strong data-start=\"1211\" data-end=\"1240\">P\u00ebrputhshm\u00ebria mjedisore:<\/strong> Green Premium, n\u00eb p\u00ebrputhje me RoHS dhe REACh<\/p>","protected":false},"excerpt":{"rendered":"<p>Seria: TeSys FLloji: Kontaktor 4-pol\u00ebsh (4 NO) p\u00ebr aplikime me ngarkesa jo-induktiveRryma nominale (Ie): 200 A (AC-1, 690 V)Fuqia e komanduar (AC-1, 690 V): 132 kWTension komandimi (Uc): Tensioni i komandimit \u00ebsht\u00eb i zgjedhur ve\u00e7mas (p\u00ebr t\u00eb porositur ve\u00e7)Kontakte ndihm\u00ebse: Mund\u00ebsi p\u00ebr lidhje me blloqe shtes\u00eb dhe aksesor\u00eb t\u00eb porositur ve\u00e7masLidhjet: Terminale me kap\u00ebse vida [&hellip;]<\/p>","protected":false},"featured_media":4145,"comment_status":"open","ping_status":"closed","template":"","meta":{"_acf_changed":false},"product_brand":[],"product_cat":[83,42],"product_tag":[],"class_list":{"0":"post-4144","1":"product","2":"type-product","3":"status-publish","4":"has-post-thumbnail","6":"product_cat-kontaktore-fuqie","7":"product_cat-serite-industriale","9":"first","10":"instock","11":"shipping-taxable","12":"product-type-simple"},"acf":[],"_links":{"self":[{"href":"https:\/\/www.brikaelektrik.al\/al\/wp-json\/wp\/v2\/product\/4144","targetHints":{"allow":["GET"]}}],"collection":[{"href":"https:\/\/www.brikaelektrik.al\/al\/wp-json\/wp\/v2\/product"}],"about":[{"href":"https:\/\/www.brikaelektrik.al\/al\/wp-json\/wp\/v2\/types\/product"}],"replies":[{"embeddable":true,"href":"https:\/\/www.brikaelektrik.al\/al\/wp-json\/wp\/v2\/comments?post=4144"}],"wp:featuredmedia":[{"embeddable":true,"href":"https:\/\/www.brikaelektrik.al\/al\/wp-json\/wp\/v2\/media\/4145"}],"wp:attachment":[{"href":"https:\/\/www.brikaelektrik.al\/al\/wp-json\/wp\/v2\/media?parent=4144"}],"wp:term":[{"taxonomy":"product_brand","embeddable":true,"href":"https:\/\/www.brikaelektrik.al\/al\/wp-json\/wp\/v2\/product_brand?post=4144"},{"taxonomy":"product_cat","embeddable":true,"href":"https:\/\/www.brikaelektrik.al\/al\/wp-json\/wp\/v2\/product_cat?post=4144"},{"taxonomy":"product_tag","embeddable":true,"href":"https:\/\/www.brikaelektrik.al\/al\/wp-json\/wp\/v2\/product_tag?post=4144"}],"curies":[{"name":"wp","href":"https:\/\/api.w.org\/{rel}","templated":true}]}}