{"id":4146,"date":"2025-09-02T11:41:26","date_gmt":"2025-09-02T11:41:26","guid":{"rendered":"https:\/\/www.brikaelektrik.al\/?post_type=product&#038;p=4146"},"modified":"2025-09-02T11:41:57","modified_gmt":"2025-09-02T11:41:57","slug":"spine-5x63a-3ptn-380v-ip44","status":"publish","type":"product","link":"https:\/\/www.brikaelektrik.al\/al\/produkt\/spine-5x63a-3ptn-380v-ip44\/","title":{"rendered":"SPIN\u00cb 5X63A 3P+T+N 380V IP44"},"content":{"rendered":"<p><strong data-start=\"59\" data-end=\"69\">Seria:<\/strong> BC1<br data-start=\"73\" data-end=\"76\" \/><strong data-start=\"76\" data-end=\"86\" data-is-only-node=\"\">Lloji:<\/strong> Priz\u00eb industriale fikse 90\u00b0 e montuar n\u00eb mur (3P+E+N)<br data-start=\"140\" data-end=\"143\" \/><strong data-start=\"143\" data-end=\"169\">Tension operativ (Ue):<\/strong> 380\u2013450 V AC<br data-start=\"182\" data-end=\"185\" \/><strong data-start=\"185\" data-end=\"199\">Frekuenca:<\/strong> 50\/60 Hz<br data-start=\"208\" data-end=\"211\" \/><strong data-start=\"211\" data-end=\"235\">Rryma nominale (Ie):<\/strong> 63 A<br data-start=\"240\" data-end=\"243\" \/><strong data-start=\"243\" data-end=\"256\">Mbrojtja:<\/strong> IP44<br data-start=\"261\" data-end=\"264\" \/><strong data-start=\"264\" data-end=\"287\">Materiali i trupit:<\/strong> Poliamid 6<br data-start=\"298\" data-end=\"301\" \/><strong data-start=\"301\" data-end=\"327\">Materiali i p\u00ebr\u00e7uesit:<\/strong> MS 58 (Bronz i klas\u00ebs MS 58)<br data-start=\"356\" data-end=\"359\" \/><strong data-start=\"359\" data-end=\"369\">Pesha:<\/strong> 651.4 g<\/p>","protected":false},"excerpt":{"rendered":"<p>Seria: BC1Lloji: Priz\u00eb industriale fikse 90\u00b0 e montuar n\u00eb mur (3P+E+N)Tension operativ (Ue): 380\u2013450 V ACFrekuenca: 50\/60 HzRryma nominale (Ie): 63 AMbrojtja: IP44Materiali i trupit: Poliamid 6Materiali i p\u00ebr\u00e7uesit: MS 58 (Bronz i klas\u00ebs MS 58)Pesha: 651.4 g<\/p>","protected":false},"featured_media":4147,"comment_status":"open","ping_status":"closed","template":"","meta":{"_acf_changed":false},"product_brand":[],"product_cat":[82,42],"product_tag":[],"class_list":{"0":"post-4146","1":"product","2":"type-product","3":"status-publish","4":"has-post-thumbnail","6":"product_cat-priza-spina-industriale","7":"product_cat-serite-industriale","9":"first","10":"instock","11":"shipping-taxable","12":"product-type-simple"},"acf":[],"_links":{"self":[{"href":"https:\/\/www.brikaelektrik.al\/al\/wp-json\/wp\/v2\/product\/4146","targetHints":{"allow":["GET"]}}],"collection":[{"href":"https:\/\/www.brikaelektrik.al\/al\/wp-json\/wp\/v2\/product"}],"about":[{"href":"https:\/\/www.brikaelektrik.al\/al\/wp-json\/wp\/v2\/types\/product"}],"replies":[{"embeddable":true,"href":"https:\/\/www.brikaelektrik.al\/al\/wp-json\/wp\/v2\/comments?post=4146"}],"wp:featuredmedia":[{"embeddable":true,"href":"https:\/\/www.brikaelektrik.al\/al\/wp-json\/wp\/v2\/media\/4147"}],"wp:attachment":[{"href":"https:\/\/www.brikaelektrik.al\/al\/wp-json\/wp\/v2\/media?parent=4146"}],"wp:term":[{"taxonomy":"product_brand","embeddable":true,"href":"https:\/\/www.brikaelektrik.al\/al\/wp-json\/wp\/v2\/product_brand?post=4146"},{"taxonomy":"product_cat","embeddable":true,"href":"https:\/\/www.brikaelektrik.al\/al\/wp-json\/wp\/v2\/product_cat?post=4146"},{"taxonomy":"product_tag","embeddable":true,"href":"https:\/\/www.brikaelektrik.al\/al\/wp-json\/wp\/v2\/product_tag?post=4146"}],"curies":[{"name":"wp","href":"https:\/\/api.w.org\/{rel}","templated":true}]}}