{"id":4149,"date":"2025-09-02T11:41:08","date_gmt":"2025-09-02T11:41:08","guid":{"rendered":"https:\/\/www.brikaelektrik.al\/?post_type=product&#038;p=4149"},"modified":"2025-09-02T11:41:08","modified_gmt":"2025-09-02T11:41:08","slug":"leshues-4p-250a-440v-ac-1-4no","status":"publish","type":"product","link":"https:\/\/www.brikaelektrik.al\/al\/produkt\/leshues-4p-250a-440v-ac-1-4no\/","title":{"rendered":"L\u00cbSHUES 4P 250A 440V AC-1 4NO"},"content":{"rendered":"<p><strong data-start=\"0\" data-end=\"10\">Seria:<\/strong> TeSys F<br data-start=\"18\" data-end=\"21\" data-is-only-node=\"\" \/><strong data-start=\"21\" data-end=\"31\">Lloji:<\/strong> Kontaktor 4-pol\u00ebsh (4 NO) p\u00ebr aplikime me ngarkesa jo-induktive<br data-start=\"95\" data-end=\"98\" \/><strong data-start=\"98\" data-end=\"122\">Rryma nominale (Ie):<\/strong> 150 A (AC-1, 690 V)<br data-start=\"142\" data-end=\"145\" \/><strong data-start=\"145\" data-end=\"181\">Fuqia e komanduar (AC-1, 690 V):<\/strong> 99 kW<br data-start=\"187\" data-end=\"190\" \/><strong data-start=\"190\" data-end=\"217\">Tension komandimi (Uc):<\/strong> Tensioni i komandimit \u00ebsht\u00eb i zgjedhur ve\u00e7mas (p\u00ebr t\u00eb porositur ve\u00e7)<br data-start=\"286\" data-end=\"289\" \/><strong data-start=\"289\" data-end=\"311\">Kontakte ndihm\u00ebse:<\/strong> Mund\u00ebsi p\u00ebr lidhje me blloqe shtes\u00eb dhe aksesor\u00eb t\u00eb porositur ve\u00e7mas<br data-start=\"380\" data-end=\"383\" \/><strong data-start=\"383\" data-end=\"395\">Lidhjet:<\/strong> Terminale me kap\u00ebse vida (screw clamp) p\u00ebr fuqi dhe p\u00ebr lidhjet e ndihm\u00ebsave<br data-start=\"472\" data-end=\"475\" \/><strong data-start=\"475\" data-end=\"502\">Jet\u00ebgjat\u00ebsia elektrike:<\/strong> Deri n\u00eb 1 milion cikle (AC-1, 690 V)<br data-start=\"539\" data-end=\"542\" \/><strong data-start=\"542\" data-end=\"568\">Jet\u00ebgjat\u00ebsia mekanike:<\/strong> Deri n\u00eb 10 milion cikle<br data-start=\"592\" data-end=\"595\" \/><strong data-start=\"595\" data-end=\"635\">Shpejt\u00ebsia maksimale e funksionimit:<\/strong> Deri n\u00eb 2400 cikle\/or\u00eb<br data-start=\"658\" data-end=\"661\" \/><strong data-start=\"661\" data-end=\"673\">Montimi:<\/strong> Mund\u00ebsi montimi n\u00eb shirit DIN ose me vid\u00eb<br data-start=\"715\" data-end=\"718\" \/><strong data-start=\"718\" data-end=\"731\">Gjer\u00ebsia:<\/strong> 85 mm<br data-start=\"737\" data-end=\"740\" \/><strong data-start=\"740\" data-end=\"753\">Mbrojtja:<\/strong> IP20 pa mbrojtje shtes\u00eb, IP40 n\u00eb kuti<br data-start=\"791\" data-end=\"794\" \/><strong data-start=\"794\" data-end=\"825\">Temperatura e funksionimit:<\/strong> \u20135 \u00b0C deri +55 \u00b0C<br data-start=\"843\" data-end=\"846\" \/><strong data-start=\"846\" data-end=\"873\">Temperatura e ruajtjes:<\/strong> \u201360 \u00b0C deri +80 \u00b0C<br data-start=\"892\" data-end=\"895\" \/><strong data-start=\"895\" data-end=\"924\">Tensioni i izolimit (Ui):<\/strong> 690 V<br data-start=\"930\" data-end=\"933\" \/><strong data-start=\"933\" data-end=\"981\">Tensioni i q\u00ebndrueshm\u00ebris\u00eb impulsive (Uimp):<\/strong> 6 kV<br data-start=\"986\" data-end=\"989\" \/><strong data-start=\"989\" data-end=\"1011\">Shkalla e ndotjes:<\/strong> 3<br data-start=\"1013\" data-end=\"1016\" \/><strong data-start=\"1016\" data-end=\"1043\">Kategoria e p\u00ebrdorimit:<\/strong> AC-1, AC-3, AC-4<br data-start=\"1060\" data-end=\"1063\" \/><strong data-start=\"1063\" data-end=\"1076\">P\u00ebrmasat:<\/strong> Lart\u00ebsia 85 mm, Gjer\u00ebsia 85 mm, Thell\u00ebsia 92 mm<br data-start=\"1124\" data-end=\"1127\" \/><strong data-start=\"1127\" data-end=\"1137\">Pesha:<\/strong> 1.1 kg<br data-start=\"1144\" data-end=\"1147\" \/><strong data-start=\"1147\" data-end=\"1162\">Standardet:<\/strong> IEC 60947-4-1, UL 508, CSA, CCC, EAC, Marine<br data-start=\"1207\" data-end=\"1210\" \/><strong data-start=\"1210\" data-end=\"1239\">P\u00ebrputhshm\u00ebria mjedisore:<\/strong> Green Premium, n\u00eb p\u00ebrputhje me RoHS dhe REACh<\/p>","protected":false},"excerpt":{"rendered":"<p>Seria: TeSys FLloji: Kontaktor 4-pol\u00ebsh (4 NO) p\u00ebr aplikime me ngarkesa jo-induktiveRryma nominale (Ie): 150 A (AC-1, 690 V)Fuqia e komanduar (AC-1, 690 V): 99 kWTension komandimi (Uc): Tensioni i komandimit \u00ebsht\u00eb i zgjedhur ve\u00e7mas (p\u00ebr t\u00eb porositur ve\u00e7)Kontakte ndihm\u00ebse: Mund\u00ebsi p\u00ebr lidhje me blloqe shtes\u00eb dhe aksesor\u00eb t\u00eb porositur ve\u00e7masLidhjet: Terminale me kap\u00ebse vida [&hellip;]<\/p>","protected":false},"featured_media":4150,"comment_status":"open","ping_status":"closed","template":"","meta":{"_acf_changed":false},"product_brand":[],"product_cat":[83,42],"product_tag":[],"class_list":{"0":"post-4149","1":"product","2":"type-product","3":"status-publish","4":"has-post-thumbnail","6":"product_cat-kontaktore-fuqie","7":"product_cat-serite-industriale","9":"first","10":"instock","11":"shipping-taxable","12":"product-type-simple"},"acf":[],"_links":{"self":[{"href":"https:\/\/www.brikaelektrik.al\/al\/wp-json\/wp\/v2\/product\/4149","targetHints":{"allow":["GET"]}}],"collection":[{"href":"https:\/\/www.brikaelektrik.al\/al\/wp-json\/wp\/v2\/product"}],"about":[{"href":"https:\/\/www.brikaelektrik.al\/al\/wp-json\/wp\/v2\/types\/product"}],"replies":[{"embeddable":true,"href":"https:\/\/www.brikaelektrik.al\/al\/wp-json\/wp\/v2\/comments?post=4149"}],"wp:featuredmedia":[{"embeddable":true,"href":"https:\/\/www.brikaelektrik.al\/al\/wp-json\/wp\/v2\/media\/4150"}],"wp:attachment":[{"href":"https:\/\/www.brikaelektrik.al\/al\/wp-json\/wp\/v2\/media?parent=4149"}],"wp:term":[{"taxonomy":"product_brand","embeddable":true,"href":"https:\/\/www.brikaelektrik.al\/al\/wp-json\/wp\/v2\/product_brand?post=4149"},{"taxonomy":"product_cat","embeddable":true,"href":"https:\/\/www.brikaelektrik.al\/al\/wp-json\/wp\/v2\/product_cat?post=4149"},{"taxonomy":"product_tag","embeddable":true,"href":"https:\/\/www.brikaelektrik.al\/al\/wp-json\/wp\/v2\/product_tag?post=4149"}],"curies":[{"name":"wp","href":"https:\/\/api.w.org\/{rel}","templated":true}]}}