{"id":4161,"date":"2025-09-02T11:49:09","date_gmt":"2025-09-02T11:49:09","guid":{"rendered":"https:\/\/www.brikaelektrik.al\/?post_type=product&#038;p=4161"},"modified":"2025-09-02T11:49:09","modified_gmt":"2025-09-02T11:49:09","slug":"spine-5x16a-3ptn-380v","status":"publish","type":"product","link":"https:\/\/www.brikaelektrik.al\/al\/produkt\/spine-5x16a-3ptn-380v\/","title":{"rendered":"SPIN\u00cb 5X16A 3P+T+N 380V"},"content":{"rendered":"<p><strong data-start=\"67\" data-end=\"77\">Seria:<\/strong> BC1<br data-start=\"81\" data-end=\"84\" \/><strong data-start=\"84\" data-end=\"94\" data-is-only-node=\"\">Lloji:<\/strong> Fikse industriale 90\u00b0 e montuar n\u00eb mur (3P+E+N)<br data-start=\"142\" data-end=\"145\" \/><strong data-start=\"145\" data-end=\"171\">Tension operativ (Ue):<\/strong> 380\u2013450 V AC<br data-start=\"184\" data-end=\"187\" \/><strong data-start=\"187\" data-end=\"201\">Frekuenca:<\/strong> 50\/60 Hz<br data-start=\"210\" data-end=\"213\" \/><strong data-start=\"213\" data-end=\"237\">Rryma nominale (Ie):<\/strong> 5\/16 A<br data-start=\"244\" data-end=\"247\" \/><strong data-start=\"247\" data-end=\"260\">Mbrojtja:<\/strong> IP44<br data-start=\"265\" data-end=\"268\" \/><strong data-start=\"268\" data-end=\"291\">Materiali i trupit:<\/strong> Poliamid 6<br data-start=\"302\" data-end=\"305\" \/><strong data-start=\"305\" data-end=\"331\">Materiali i p\u00ebr\u00e7uesit:<\/strong> MS 58 (Bronz i klas\u00ebs MS 58)<br data-start=\"360\" data-end=\"363\" \/><strong data-start=\"363\" data-end=\"373\">Pesha:<\/strong> 165.9 g<\/p>","protected":false},"excerpt":{"rendered":"<p>Seria: BC1Lloji: Fikse industriale 90\u00b0 e montuar n\u00eb mur (3P+E+N)Tension operativ (Ue): 380\u2013450 V ACFrekuenca: 50\/60 HzRryma nominale (Ie): 5\/16 AMbrojtja: IP44Materiali i trupit: Poliamid 6Materiali i p\u00ebr\u00e7uesit: MS 58 (Bronz i klas\u00ebs MS 58)Pesha: 165.9 g<\/p>","protected":false},"featured_media":4162,"comment_status":"open","ping_status":"closed","template":"","meta":{"_acf_changed":false},"product_brand":[],"product_cat":[82,42],"product_tag":[],"class_list":{"0":"post-4161","1":"product","2":"type-product","3":"status-publish","4":"has-post-thumbnail","6":"product_cat-priza-spina-industriale","7":"product_cat-serite-industriale","9":"first","10":"instock","11":"shipping-taxable","12":"product-type-simple"},"acf":[],"_links":{"self":[{"href":"https:\/\/www.brikaelektrik.al\/al\/wp-json\/wp\/v2\/product\/4161","targetHints":{"allow":["GET"]}}],"collection":[{"href":"https:\/\/www.brikaelektrik.al\/al\/wp-json\/wp\/v2\/product"}],"about":[{"href":"https:\/\/www.brikaelektrik.al\/al\/wp-json\/wp\/v2\/types\/product"}],"replies":[{"embeddable":true,"href":"https:\/\/www.brikaelektrik.al\/al\/wp-json\/wp\/v2\/comments?post=4161"}],"wp:featuredmedia":[{"embeddable":true,"href":"https:\/\/www.brikaelektrik.al\/al\/wp-json\/wp\/v2\/media\/4162"}],"wp:attachment":[{"href":"https:\/\/www.brikaelektrik.al\/al\/wp-json\/wp\/v2\/media?parent=4161"}],"wp:term":[{"taxonomy":"product_brand","embeddable":true,"href":"https:\/\/www.brikaelektrik.al\/al\/wp-json\/wp\/v2\/product_brand?post=4161"},{"taxonomy":"product_cat","embeddable":true,"href":"https:\/\/www.brikaelektrik.al\/al\/wp-json\/wp\/v2\/product_cat?post=4161"},{"taxonomy":"product_tag","embeddable":true,"href":"https:\/\/www.brikaelektrik.al\/al\/wp-json\/wp\/v2\/product_tag?post=4161"}],"curies":[{"name":"wp","href":"https:\/\/api.w.org\/{rel}","templated":true}]}}