{"id":4164,"date":"2025-09-02T11:51:22","date_gmt":"2025-09-02T11:51:22","guid":{"rendered":"https:\/\/www.brikaelektrik.al\/?post_type=product&#038;p=4164"},"modified":"2025-09-02T11:51:41","modified_gmt":"2025-09-02T11:51:41","slug":"spine-4x125a-3pt-380v-ip67","status":"publish","type":"product","link":"https:\/\/www.brikaelektrik.al\/al\/produkt\/spine-4x125a-3pt-380v-ip67\/","title":{"rendered":"SPIN\u00cb 4X125A 3P+T 380V IP67"},"content":{"rendered":"<p><strong data-start=\"75\" data-end=\"85\">Seria:<\/strong> BC1<br data-start=\"89\" data-end=\"92\" \/><strong data-start=\"92\" data-end=\"102\" data-is-only-node=\"\">Lloji:<\/strong> Fikse industriale 90\u00b0 e montuar n\u00eb mur (3P+E)<br data-start=\"148\" data-end=\"151\" \/><strong data-start=\"151\" data-end=\"177\">Tension operativ (Ue):<\/strong> 380\u2013450 V AC<br data-start=\"190\" data-end=\"193\" \/><strong data-start=\"193\" data-end=\"207\">Frekuenca:<\/strong> 50\/60 Hz<br data-start=\"216\" data-end=\"219\" \/><strong data-start=\"219\" data-end=\"243\">Rryma nominale (Ie):<\/strong> 125 A<br data-start=\"249\" data-end=\"252\" \/><strong data-start=\"252\" data-end=\"265\">Mbrojtja:<\/strong> IP67<br data-start=\"270\" data-end=\"273\" \/><strong data-start=\"273\" data-end=\"296\">Materiali i trupit:<\/strong> Poliamid 6<br data-start=\"307\" data-end=\"310\" \/><strong data-start=\"310\" data-end=\"336\">Materiali i p\u00ebr\u00e7uesit:<\/strong> MS 58 (Bronz i klas\u00ebs MS 58)<br data-start=\"365\" data-end=\"368\" \/><strong data-start=\"368\" data-end=\"378\">Pesha:<\/strong> 1185 g<\/p>","protected":false},"excerpt":{"rendered":"<p>Seria: BC1Lloji: Fikse industriale 90\u00b0 e montuar n\u00eb mur (3P+E)Tension operativ (Ue): 380\u2013450 V ACFrekuenca: 50\/60 HzRryma nominale (Ie): 125 AMbrojtja: IP67Materiali i trupit: Poliamid 6Materiali i p\u00ebr\u00e7uesit: MS 58 (Bronz i klas\u00ebs MS 58)Pesha: 1185 g<\/p>","protected":false},"featured_media":4167,"comment_status":"open","ping_status":"closed","template":"","meta":{"_acf_changed":false},"product_brand":[],"product_cat":[82,42],"product_tag":[],"class_list":{"0":"post-4164","1":"product","2":"type-product","3":"status-publish","4":"has-post-thumbnail","6":"product_cat-priza-spina-industriale","7":"product_cat-serite-industriale","9":"first","10":"instock","11":"shipping-taxable","12":"product-type-simple"},"acf":[],"_links":{"self":[{"href":"https:\/\/www.brikaelektrik.al\/al\/wp-json\/wp\/v2\/product\/4164","targetHints":{"allow":["GET"]}}],"collection":[{"href":"https:\/\/www.brikaelektrik.al\/al\/wp-json\/wp\/v2\/product"}],"about":[{"href":"https:\/\/www.brikaelektrik.al\/al\/wp-json\/wp\/v2\/types\/product"}],"replies":[{"embeddable":true,"href":"https:\/\/www.brikaelektrik.al\/al\/wp-json\/wp\/v2\/comments?post=4164"}],"wp:featuredmedia":[{"embeddable":true,"href":"https:\/\/www.brikaelektrik.al\/al\/wp-json\/wp\/v2\/media\/4167"}],"wp:attachment":[{"href":"https:\/\/www.brikaelektrik.al\/al\/wp-json\/wp\/v2\/media?parent=4164"}],"wp:term":[{"taxonomy":"product_brand","embeddable":true,"href":"https:\/\/www.brikaelektrik.al\/al\/wp-json\/wp\/v2\/product_brand?post=4164"},{"taxonomy":"product_cat","embeddable":true,"href":"https:\/\/www.brikaelektrik.al\/al\/wp-json\/wp\/v2\/product_cat?post=4164"},{"taxonomy":"product_tag","embeddable":true,"href":"https:\/\/www.brikaelektrik.al\/al\/wp-json\/wp\/v2\/product_tag?post=4164"}],"curies":[{"name":"wp","href":"https:\/\/api.w.org\/{rel}","templated":true}]}}