{"id":4165,"date":"2025-09-02T11:50:44","date_gmt":"2025-09-02T11:50:44","guid":{"rendered":"https:\/\/www.brikaelektrik.al\/?post_type=product&#038;p=4165"},"modified":"2025-09-02T11:50:44","modified_gmt":"2025-09-02T11:50:44","slug":"leshues-3p-265a-220v","status":"publish","type":"product","link":"https:\/\/www.brikaelektrik.al\/al\/produkt\/leshues-3p-265a-220v\/","title":{"rendered":"L\u00cbSHUES 3P 265A 220V"},"content":{"rendered":"<p data-start=\"0\" data-end=\"214\"><strong data-start=\"0\" data-end=\"10\">Seria:<\/strong> TeSys F<br data-start=\"18\" data-end=\"21\" \/><strong data-start=\"21\" data-end=\"31\" data-is-only-node=\"\">Lloji:<\/strong> Kontaktor 3-pol\u00ebsh (3 NO) p\u00ebr aplikime motorrike<br data-start=\"80\" data-end=\"83\" \/><strong data-start=\"83\" data-end=\"107\">Rryma nominale (Ie):<\/strong> 265 A (AC-3, 1000 V)<br data-start=\"128\" data-end=\"131\" \/><strong data-start=\"131\" data-end=\"167\">Fuqia e komanduar (AC-3, 400 V):<\/strong> Deri n\u00eb 132 kW<br data-start=\"182\" data-end=\"185\" \/><strong data-start=\"185\" data-end=\"212\">Tension komandimi (Uc): <\/strong>LX1\/LX9: 24&#8230;1000 V AC, 40\/400 Hz, lX4: 24&#8230;460 V DC, LXE: 100&#8230;250 V AC 50\/60 Hz ose 100&#8230;380 V DC<br data-start=\"326\" data-end=\"329\" \/><strong data-start=\"329\" data-end=\"351\">Kontakte ndihm\u00ebse:<\/strong> Mund\u00ebsi p\u00ebr lidhje me blloqe shtes\u00eb dhe aksesor\u00eb t\u00eb porositur ve\u00e7mas<br data-start=\"420\" data-end=\"423\" \/><strong data-start=\"423\" data-end=\"435\">Lidhjet:<\/strong> Terminale me kap\u00ebse vida (screw clamp) p\u00ebr fuqi dhe p\u00ebr lidhjet e ndihm\u00ebsave<br data-start=\"512\" data-end=\"515\" \/><strong data-start=\"515\" data-end=\"542\">Jet\u00ebgjat\u00ebsia elektrike:<\/strong> Deri n\u00eb 1 milion cikle (AC-3, 1000 V)<br data-start=\"580\" data-end=\"583\" \/><strong data-start=\"583\" data-end=\"609\">Jet\u00ebgjat\u00ebsia mekanike:<\/strong> Deri n\u00eb 10 milion cikle<br data-start=\"633\" data-end=\"636\" \/><strong data-start=\"636\" data-end=\"676\">Shpejt\u00ebsia maksimale e funksionimit:<\/strong> Deri n\u00eb 2400 cikle\/or\u00eb<br data-start=\"699\" data-end=\"702\" \/><strong data-start=\"702\" data-end=\"714\">Montimi:<\/strong> Mund\u00ebsi montimi n\u00eb shirit DIN ose me vid\u00eb<br data-start=\"756\" data-end=\"759\" \/><strong data-start=\"759\" data-end=\"772\">Gjer\u00ebsia:<\/strong> 85 mm<br data-start=\"778\" data-end=\"781\" \/><strong data-start=\"781\" data-end=\"794\">Mbrojtja:<\/strong> IP20 pa mbrojtje shtes\u00eb, IP40 n\u00eb kuti<br data-start=\"832\" data-end=\"835\" \/><strong data-start=\"835\" data-end=\"866\">Temperatura e funksionimit:<\/strong> \u20135 \u00b0C deri +55 \u00b0C<br data-start=\"884\" data-end=\"887\" \/><strong data-start=\"887\" data-end=\"914\">Temperatura e ruajtjes:<\/strong> \u201360 \u00b0C deri +80 \u00b0C<br data-start=\"933\" data-end=\"936\" \/><strong data-start=\"936\" data-end=\"965\">Tensioni i izolimit (Ui):<\/strong> 1000 V<br data-start=\"972\" data-end=\"975\" \/><strong data-start=\"975\" data-end=\"1023\">Tensioni i q\u00ebndrueshm\u00ebris\u00eb impulsive (Uimp):<\/strong> 8 kV<br data-start=\"1028\" data-end=\"1031\" \/><strong data-start=\"1031\" data-end=\"1053\">Shkalla e ndotjes:<\/strong> 3<br data-start=\"1055\" data-end=\"1058\" \/><strong data-start=\"1058\" data-end=\"1085\">Kategoria e p\u00ebrdorimit:<\/strong> AC-1, AC-3, AC-4<br data-start=\"1102\" data-end=\"1105\" \/><strong data-start=\"1105\" data-end=\"1118\">P\u00ebrmasat:<\/strong> Lart\u00ebsia 85 mm, Gjer\u00ebsia 85 mm, Thell\u00ebsia 92 mm<br data-start=\"1166\" data-end=\"1169\" \/><strong data-start=\"1169\" data-end=\"1179\">Pesha:<\/strong> 1.8 kg<br data-start=\"1186\" data-end=\"1189\" \/><strong data-start=\"1189\" data-end=\"1204\">Standardet:<\/strong> IEC 60947-4-1, UL 508, CSA, CCC, EAC, Marine<br data-start=\"1249\" data-end=\"1252\" \/><strong data-start=\"1252\" data-end=\"1281\">P\u00ebrputhshm\u00ebria mjedisore:<\/strong> Green Premium, n\u00eb p\u00ebrputhje me RoHS dhe REACh<\/p>","protected":false},"excerpt":{"rendered":"<p>Seria: TeSys FLloji: Kontaktor 3-pol\u00ebsh (3 NO) p\u00ebr aplikime motorrikeRryma nominale (Ie): 265 A (AC-3, 1000 V)Fuqia e komanduar (AC-3, 400 V): Deri n\u00eb 132 kWTension komandimi (Uc): LX1\/LX9: 24&#8230;1000 V AC, 40\/400 Hz, lX4: 24&#8230;460 V DC, LXE: 100&#8230;250 V AC 50\/60 Hz ose 100&#8230;380 V DCKontakte ndihm\u00ebse: Mund\u00ebsi p\u00ebr lidhje me blloqe shtes\u00eb [&hellip;]<\/p>","protected":false},"featured_media":4166,"comment_status":"open","ping_status":"closed","template":"","meta":{"_acf_changed":false},"product_brand":[],"product_cat":[83,42],"product_tag":[],"class_list":{"0":"post-4165","1":"product","2":"type-product","3":"status-publish","4":"has-post-thumbnail","6":"product_cat-kontaktore-fuqie","7":"product_cat-serite-industriale","9":"first","10":"instock","11":"shipping-taxable","12":"product-type-simple"},"acf":[],"_links":{"self":[{"href":"https:\/\/www.brikaelektrik.al\/al\/wp-json\/wp\/v2\/product\/4165","targetHints":{"allow":["GET"]}}],"collection":[{"href":"https:\/\/www.brikaelektrik.al\/al\/wp-json\/wp\/v2\/product"}],"about":[{"href":"https:\/\/www.brikaelektrik.al\/al\/wp-json\/wp\/v2\/types\/product"}],"replies":[{"embeddable":true,"href":"https:\/\/www.brikaelektrik.al\/al\/wp-json\/wp\/v2\/comments?post=4165"}],"wp:featuredmedia":[{"embeddable":true,"href":"https:\/\/www.brikaelektrik.al\/al\/wp-json\/wp\/v2\/media\/4166"}],"wp:attachment":[{"href":"https:\/\/www.brikaelektrik.al\/al\/wp-json\/wp\/v2\/media?parent=4165"}],"wp:term":[{"taxonomy":"product_brand","embeddable":true,"href":"https:\/\/www.brikaelektrik.al\/al\/wp-json\/wp\/v2\/product_brand?post=4165"},{"taxonomy":"product_cat","embeddable":true,"href":"https:\/\/www.brikaelektrik.al\/al\/wp-json\/wp\/v2\/product_cat?post=4165"},{"taxonomy":"product_tag","embeddable":true,"href":"https:\/\/www.brikaelektrik.al\/al\/wp-json\/wp\/v2\/product_tag?post=4165"}],"curies":[{"name":"wp","href":"https:\/\/api.w.org\/{rel}","templated":true}]}}