{"id":4171,"date":"2025-09-02T11:53:59","date_gmt":"2025-09-02T11:53:59","guid":{"rendered":"https:\/\/www.brikaelektrik.al\/?post_type=product&#038;p=4171"},"modified":"2025-09-02T11:53:59","modified_gmt":"2025-09-02T11:53:59","slug":"spine-3x63a-2pt-220v-ip44","status":"publish","type":"product","link":"https:\/\/www.brikaelektrik.al\/al\/produkt\/spine-3x63a-2pt-220v-ip44\/","title":{"rendered":"SPIN\u00cb 3X63A 2P+T 220V IP44"},"content":{"rendered":"<p><strong data-start=\"67\" data-end=\"77\">Seria:<\/strong> BC1<br data-start=\"81\" data-end=\"84\" \/><strong data-start=\"84\" data-end=\"94\" data-is-only-node=\"\">Lloji:<\/strong> Priz\u00eb industriale fikse 90\u00b0 e montuar n\u00eb mur (3P+E)<br data-start=\"146\" data-end=\"149\" \/><strong data-start=\"149\" data-end=\"175\">Tension operativ (Ue):<\/strong> 380\u2013450 V AC<br data-start=\"188\" data-end=\"191\" \/><strong data-start=\"191\" data-end=\"205\">Frekuenca:<\/strong> 50\/60 Hz<br data-start=\"214\" data-end=\"217\" \/><strong data-start=\"217\" data-end=\"241\">Rryma nominale (Ie):<\/strong> 16 A<br data-start=\"246\" data-end=\"249\" \/><strong data-start=\"249\" data-end=\"262\">Mbrojtja:<\/strong> IP44<br data-start=\"267\" data-end=\"270\" \/><strong data-start=\"270\" data-end=\"293\">Materiali i trupit:<\/strong> Poliamid 6<br data-start=\"304\" data-end=\"307\" \/><strong data-start=\"307\" data-end=\"333\">Materiali i p\u00ebr\u00e7uesit:<\/strong> MS 58 (Bronz i klas\u00ebs MS 58)<br data-start=\"362\" data-end=\"365\" \/><strong data-start=\"365\" data-end=\"375\">Pesha:<\/strong> 191.7 g<\/p>","protected":false},"excerpt":{"rendered":"<p>Seria: BC1Lloji: Priz\u00eb industriale fikse 90\u00b0 e montuar n\u00eb mur (3P+E)Tension operativ (Ue): 380\u2013450 V ACFrekuenca: 50\/60 HzRryma nominale (Ie): 16 AMbrojtja: IP44Materiali i trupit: Poliamid 6Materiali i p\u00ebr\u00e7uesit: MS 58 (Bronz i klas\u00ebs MS 58)Pesha: 191.7 g<\/p>","protected":false},"featured_media":4173,"comment_status":"open","ping_status":"closed","template":"","meta":{"_acf_changed":false},"product_brand":[],"product_cat":[82,42],"product_tag":[],"class_list":{"0":"post-4171","1":"product","2":"type-product","3":"status-publish","4":"has-post-thumbnail","6":"product_cat-priza-spina-industriale","7":"product_cat-serite-industriale","9":"first","10":"instock","11":"shipping-taxable","12":"product-type-simple"},"acf":[],"_links":{"self":[{"href":"https:\/\/www.brikaelektrik.al\/al\/wp-json\/wp\/v2\/product\/4171","targetHints":{"allow":["GET"]}}],"collection":[{"href":"https:\/\/www.brikaelektrik.al\/al\/wp-json\/wp\/v2\/product"}],"about":[{"href":"https:\/\/www.brikaelektrik.al\/al\/wp-json\/wp\/v2\/types\/product"}],"replies":[{"embeddable":true,"href":"https:\/\/www.brikaelektrik.al\/al\/wp-json\/wp\/v2\/comments?post=4171"}],"wp:featuredmedia":[{"embeddable":true,"href":"https:\/\/www.brikaelektrik.al\/al\/wp-json\/wp\/v2\/media\/4173"}],"wp:attachment":[{"href":"https:\/\/www.brikaelektrik.al\/al\/wp-json\/wp\/v2\/media?parent=4171"}],"wp:term":[{"taxonomy":"product_brand","embeddable":true,"href":"https:\/\/www.brikaelektrik.al\/al\/wp-json\/wp\/v2\/product_brand?post=4171"},{"taxonomy":"product_cat","embeddable":true,"href":"https:\/\/www.brikaelektrik.al\/al\/wp-json\/wp\/v2\/product_cat?post=4171"},{"taxonomy":"product_tag","embeddable":true,"href":"https:\/\/www.brikaelektrik.al\/al\/wp-json\/wp\/v2\/product_tag?post=4171"}],"curies":[{"name":"wp","href":"https:\/\/api.w.org\/{rel}","templated":true}]}}