{"id":4172,"date":"2025-09-02T11:54:25","date_gmt":"2025-09-02T11:54:25","guid":{"rendered":"https:\/\/www.brikaelektrik.al\/?post_type=product&#038;p=4172"},"modified":"2025-09-02T11:54:25","modified_gmt":"2025-09-02T11:54:25","slug":"leshues-3p-185a-90kw-220v","status":"publish","type":"product","link":"https:\/\/www.brikaelektrik.al\/al\/produkt\/leshues-3p-185a-90kw-220v\/","title":{"rendered":"L\u00cbSHUES 3P 185A 90KW 220V"},"content":{"rendered":"<p><strong data-start=\"0\" data-end=\"10\">Seria:<\/strong> TeSys F<br data-start=\"18\" data-end=\"21\" data-is-only-node=\"\" \/><strong data-start=\"21\" data-end=\"31\">Lloji:<\/strong> Kontaktor 3-pol\u00ebsh (3 NO) p\u00ebr aplikime motorrike<br data-start=\"80\" data-end=\"83\" \/><strong data-start=\"83\" data-end=\"107\">Rryma nominale (Ie):<\/strong> 185 A (AC-3, 690 V)<br data-start=\"127\" data-end=\"130\" \/><strong data-start=\"130\" data-end=\"166\">Fuqia e komanduar (AC-3, 400 V):<\/strong> Deri n\u00eb 90 kW<br data-start=\"180\" data-end=\"183\" \/><strong data-start=\"183\" data-end=\"210\">Tension komandimi (Uc):<\/strong> Tensioni i komandimit \u00ebsht\u00eb i zgjedhur ve\u00e7mas (p\u00ebr t\u00eb porositur ve\u00e7)<br data-start=\"279\" data-end=\"282\" \/><strong data-start=\"282\" data-end=\"304\">Kontakte ndihm\u00ebse:<\/strong> Mund\u00ebsi p\u00ebr lidhje me blloqe shtes\u00eb dhe aksesor\u00eb t\u00eb porositur ve\u00e7mas<br data-start=\"373\" data-end=\"376\" \/><strong data-start=\"376\" data-end=\"388\">Lidhjet:<\/strong> Terminale me kap\u00ebse vida (screw clamp) p\u00ebr fuqi dhe p\u00ebr lidhjet e ndihm\u00ebsave<br data-start=\"465\" data-end=\"468\" \/><strong data-start=\"468\" data-end=\"495\">Jet\u00ebgjat\u00ebsia elektrike:<\/strong> Deri n\u00eb 1 milion cikle (AC-3, 690 V)<br data-start=\"532\" data-end=\"535\" \/><strong data-start=\"535\" data-end=\"561\">Jet\u00ebgjat\u00ebsia mekanike:<\/strong> Deri n\u00eb 10 milion cikle<br data-start=\"585\" data-end=\"588\" \/><strong data-start=\"588\" data-end=\"628\">Shpejt\u00ebsia maksimale e funksionimit:<\/strong> Deri n\u00eb 2400 cikle\/or\u00eb<br data-start=\"651\" data-end=\"654\" \/><strong data-start=\"654\" data-end=\"666\">Montimi:<\/strong> Mund\u00ebsi montimi n\u00eb shirit DIN ose me vid\u00eb<br data-start=\"708\" data-end=\"711\" \/><strong data-start=\"711\" data-end=\"724\">Gjer\u00ebsia:<\/strong> 85 mm<br data-start=\"730\" data-end=\"733\" \/><strong data-start=\"733\" data-end=\"746\">Mbrojtja:<\/strong> IP20 pa mbrojtje shtes\u00eb, IP40 n\u00eb kuti<br data-start=\"784\" data-end=\"787\" \/><strong data-start=\"787\" data-end=\"818\">Temperatura e funksionimit:<\/strong> \u20135 \u00b0C deri +55 \u00b0C<br data-start=\"836\" data-end=\"839\" \/><strong data-start=\"839\" data-end=\"866\">Temperatura e ruajtjes:<\/strong> \u201360 \u00b0C deri +80 \u00b0C<br data-start=\"885\" data-end=\"888\" \/><strong data-start=\"888\" data-end=\"917\">Tensioni i izolimit (Ui):<\/strong> 690 V<br data-start=\"923\" data-end=\"926\" \/><strong data-start=\"926\" data-end=\"974\">Tensioni i q\u00ebndrueshm\u00ebris\u00eb impulsive (Uimp):<\/strong> 6 kV<br data-start=\"979\" data-end=\"982\" \/><strong data-start=\"982\" data-end=\"1004\">Shkalla e ndotjes:<\/strong> 3<br data-start=\"1006\" data-end=\"1009\" \/><strong data-start=\"1009\" data-end=\"1036\">Kategoria e p\u00ebrdorimit:<\/strong> AC-1, AC-3, AC-4<br data-start=\"1053\" data-end=\"1056\" \/><strong data-start=\"1056\" data-end=\"1069\">P\u00ebrmasat:<\/strong> Lart\u00ebsia 85 mm, Gjer\u00ebsia 85 mm, Thell\u00ebsia 92 mm<br data-start=\"1117\" data-end=\"1120\" \/><strong data-start=\"1120\" data-end=\"1130\">Pesha:<\/strong> 1.4 kg<br data-start=\"1137\" data-end=\"1140\" \/><strong data-start=\"1140\" data-end=\"1155\">Standardet:<\/strong> IEC 60947-4-1, UL 508, CSA, CCC, EAC, Marine<br data-start=\"1200\" data-end=\"1203\" \/><strong data-start=\"1203\" data-end=\"1232\">P\u00ebrputhshm\u00ebria mjedisore:<\/strong> Green Premium, n\u00eb p\u00ebrputhje me RoHS dhe REACh<\/p>","protected":false},"excerpt":{"rendered":"<p>Seria: TeSys FLloji: Kontaktor 3-pol\u00ebsh (3 NO) p\u00ebr aplikime motorrikeRryma nominale (Ie): 185 A (AC-3, 690 V)Fuqia e komanduar (AC-3, 400 V): Deri n\u00eb 90 kWTension komandimi (Uc): Tensioni i komandimit \u00ebsht\u00eb i zgjedhur ve\u00e7mas (p\u00ebr t\u00eb porositur ve\u00e7)Kontakte ndihm\u00ebse: Mund\u00ebsi p\u00ebr lidhje me blloqe shtes\u00eb dhe aksesor\u00eb t\u00eb porositur ve\u00e7masLidhjet: Terminale me kap\u00ebse vida [&hellip;]<\/p>","protected":false},"featured_media":4175,"comment_status":"open","ping_status":"closed","template":"","meta":{"_acf_changed":false},"product_brand":[],"product_cat":[83,42],"product_tag":[],"class_list":{"0":"post-4172","1":"product","2":"type-product","3":"status-publish","4":"has-post-thumbnail","6":"product_cat-kontaktore-fuqie","7":"product_cat-serite-industriale","9":"first","10":"instock","11":"shipping-taxable","12":"product-type-simple"},"acf":[],"_links":{"self":[{"href":"https:\/\/www.brikaelektrik.al\/al\/wp-json\/wp\/v2\/product\/4172","targetHints":{"allow":["GET"]}}],"collection":[{"href":"https:\/\/www.brikaelektrik.al\/al\/wp-json\/wp\/v2\/product"}],"about":[{"href":"https:\/\/www.brikaelektrik.al\/al\/wp-json\/wp\/v2\/types\/product"}],"replies":[{"embeddable":true,"href":"https:\/\/www.brikaelektrik.al\/al\/wp-json\/wp\/v2\/comments?post=4172"}],"wp:featuredmedia":[{"embeddable":true,"href":"https:\/\/www.brikaelektrik.al\/al\/wp-json\/wp\/v2\/media\/4175"}],"wp:attachment":[{"href":"https:\/\/www.brikaelektrik.al\/al\/wp-json\/wp\/v2\/media?parent=4172"}],"wp:term":[{"taxonomy":"product_brand","embeddable":true,"href":"https:\/\/www.brikaelektrik.al\/al\/wp-json\/wp\/v2\/product_brand?post=4172"},{"taxonomy":"product_cat","embeddable":true,"href":"https:\/\/www.brikaelektrik.al\/al\/wp-json\/wp\/v2\/product_cat?post=4172"},{"taxonomy":"product_tag","embeddable":true,"href":"https:\/\/www.brikaelektrik.al\/al\/wp-json\/wp\/v2\/product_tag?post=4172"}],"curies":[{"name":"wp","href":"https:\/\/api.w.org\/{rel}","templated":true}]}}