{"id":4178,"date":"2025-09-02T11:56:56","date_gmt":"2025-09-02T11:56:56","guid":{"rendered":"https:\/\/www.brikaelektrik.al\/?post_type=product&#038;p=4178"},"modified":"2025-09-02T11:56:56","modified_gmt":"2025-09-02T11:56:56","slug":"prize-ajrore-3x63a-2pt-220v-ip44","status":"publish","type":"product","link":"https:\/\/www.brikaelektrik.al\/al\/produkt\/prize-ajrore-3x63a-2pt-220v-ip44\/","title":{"rendered":"PRIZ\u00cb AJRORE 3X63A 2P+T 220V IP44"},"content":{"rendered":"<p><strong data-start=\"98\" data-end=\"108\">Seria:<\/strong> BC1<br data-start=\"112\" data-end=\"115\" \/><strong data-start=\"115\" data-end=\"125\" data-is-only-node=\"\">Lloji:<\/strong> Uzat\u00ebse industriale fikse 90\u00b0 e montuar n\u00eb mur (2P+E)<br data-start=\"179\" data-end=\"182\" \/><strong data-start=\"182\" data-end=\"208\">Tension operativ (Ue):<\/strong> 220\u2013250 V AC<br data-start=\"221\" data-end=\"224\" \/><strong data-start=\"224\" data-end=\"238\">Frekuenca:<\/strong> 50\/60 Hz<br data-start=\"247\" data-end=\"250\" \/><strong data-start=\"250\" data-end=\"274\">Rryma nominale (Ie):<\/strong> 63 A<br data-start=\"279\" data-end=\"282\" \/><strong data-start=\"282\" data-end=\"295\">Mbrojtja:<\/strong> IP44<br data-start=\"300\" data-end=\"303\" \/><strong data-start=\"303\" data-end=\"326\">Materiali i trupit:<\/strong> Poliamid 6<br data-start=\"337\" data-end=\"340\" \/><strong data-start=\"340\" data-end=\"366\">Materiali i p\u00ebr\u00e7uesit:<\/strong> MS 58 (Bronz i klas\u00ebs MS 58)<br data-start=\"395\" data-end=\"398\" \/><strong data-start=\"398\" data-end=\"408\">Pesha:<\/strong> 630.4 g<\/p>","protected":false},"excerpt":{"rendered":"<p>Seria: BC1Lloji: Uzat\u00ebse industriale fikse 90\u00b0 e montuar n\u00eb mur (2P+E)Tension operativ (Ue): 220\u2013250 V ACFrekuenca: 50\/60 HzRryma nominale (Ie): 63 AMbrojtja: IP44Materiali i trupit: Poliamid 6Materiali i p\u00ebr\u00e7uesit: MS 58 (Bronz i klas\u00ebs MS 58)Pesha: 630.4 g<\/p>","protected":false},"featured_media":4179,"comment_status":"open","ping_status":"closed","template":"","meta":{"_acf_changed":false},"product_brand":[],"product_cat":[82,42],"product_tag":[],"class_list":{"0":"post-4178","1":"product","2":"type-product","3":"status-publish","4":"has-post-thumbnail","6":"product_cat-priza-spina-industriale","7":"product_cat-serite-industriale","9":"first","10":"instock","11":"shipping-taxable","12":"product-type-simple"},"acf":[],"_links":{"self":[{"href":"https:\/\/www.brikaelektrik.al\/al\/wp-json\/wp\/v2\/product\/4178","targetHints":{"allow":["GET"]}}],"collection":[{"href":"https:\/\/www.brikaelektrik.al\/al\/wp-json\/wp\/v2\/product"}],"about":[{"href":"https:\/\/www.brikaelektrik.al\/al\/wp-json\/wp\/v2\/types\/product"}],"replies":[{"embeddable":true,"href":"https:\/\/www.brikaelektrik.al\/al\/wp-json\/wp\/v2\/comments?post=4178"}],"wp:featuredmedia":[{"embeddable":true,"href":"https:\/\/www.brikaelektrik.al\/al\/wp-json\/wp\/v2\/media\/4179"}],"wp:attachment":[{"href":"https:\/\/www.brikaelektrik.al\/al\/wp-json\/wp\/v2\/media?parent=4178"}],"wp:term":[{"taxonomy":"product_brand","embeddable":true,"href":"https:\/\/www.brikaelektrik.al\/al\/wp-json\/wp\/v2\/product_brand?post=4178"},{"taxonomy":"product_cat","embeddable":true,"href":"https:\/\/www.brikaelektrik.al\/al\/wp-json\/wp\/v2\/product_cat?post=4178"},{"taxonomy":"product_tag","embeddable":true,"href":"https:\/\/www.brikaelektrik.al\/al\/wp-json\/wp\/v2\/product_tag?post=4178"}],"curies":[{"name":"wp","href":"https:\/\/api.w.org\/{rel}","templated":true}]}}