{"id":4180,"date":"2025-09-02T11:56:09","date_gmt":"2025-09-02T11:56:09","guid":{"rendered":"https:\/\/www.brikaelektrik.al\/?post_type=product&#038;p=4180"},"modified":"2025-09-02T11:56:09","modified_gmt":"2025-09-02T11:56:09","slug":"leshues-110v-160a","status":"publish","type":"product","link":"https:\/\/www.brikaelektrik.al\/al\/produkt\/leshues-110v-160a\/","title":{"rendered":"L\u00cbSHUES 110V 160A"},"content":{"rendered":"<p><strong data-start=\"0\" data-end=\"10\">Seria:<\/strong> EasyPact TVS<br data-start=\"23\" data-end=\"26\" data-is-only-node=\"\" \/><strong data-start=\"26\" data-end=\"36\">Lloji:<\/strong> Kontaktor 3-pol\u00ebsh (3 NO) p\u00ebr aplikime motorrike<br data-start=\"85\" data-end=\"88\" \/><strong data-start=\"88\" data-end=\"112\">Rryma nominale (Ie):<\/strong> 160 A (AC-3, 440 V)<br data-start=\"132\" data-end=\"135\" \/><strong data-start=\"135\" data-end=\"171\">Fuqia e komanduar (AC-3, 440 V):<\/strong> Deri n\u00eb 80 kW<br data-start=\"185\" data-end=\"188\" \/><strong data-start=\"188\" data-end=\"215\">Tension komandimi (Uc):<\/strong> 110 V AC, 50 Hz<br data-start=\"231\" data-end=\"234\" \/><strong data-start=\"234\" data-end=\"256\">Kontakte ndihm\u00ebse:<\/strong> 3 NO t\u00eb integruara<br data-start=\"275\" data-end=\"278\" \/><strong data-start=\"278\" data-end=\"290\">Lidhjet:<\/strong> Terminale me kap\u00ebse vida (screw clamp) p\u00ebr lidhjet e fuqis\u00eb dhe kontrollit<br data-start=\"365\" data-end=\"368\" \/><strong data-start=\"368\" data-end=\"395\">Jet\u00ebgjat\u00ebsia elektrike:<\/strong> Deri n\u00eb 0.8 milion cikle (AC-3)<br data-start=\"427\" data-end=\"430\" \/><strong data-start=\"430\" data-end=\"456\">Jet\u00ebgjat\u00ebsia mekanike:<\/strong> Deri n\u00eb 4 milion cikle<br data-start=\"479\" data-end=\"482\" \/><strong data-start=\"482\" data-end=\"522\">Shpejt\u00ebsia maksimale e funksionimit:<\/strong> Deri n\u00eb 1200 cikle\/or\u00eb<br data-start=\"545\" data-end=\"548\" \/><strong data-start=\"548\" data-end=\"560\">Montimi:<\/strong> Mund\u00ebsi montimi n\u00eb shirit DIN<br data-start=\"590\" data-end=\"593\" \/><strong data-start=\"593\" data-end=\"606\">Gjer\u00ebsia:<\/strong> 120 mm<br data-start=\"613\" data-end=\"616\" \/><strong data-start=\"616\" data-end=\"629\">Mbrojtja:<\/strong> IP20<br data-start=\"634\" data-end=\"637\" \/><strong data-start=\"637\" data-end=\"668\">Temperatura e funksionimit:<\/strong> \u20135 \u00b0C deri +55 \u00b0C<br data-start=\"686\" data-end=\"689\" \/><strong data-start=\"689\" data-end=\"716\">Temperatura e ruajtjes:<\/strong> \u201360 \u00b0C deri +80 \u00b0C<br data-start=\"735\" data-end=\"738\" \/><strong data-start=\"738\" data-end=\"767\">Tensioni i izolimit (Ui):<\/strong> 690 V<br data-start=\"773\" data-end=\"776\" \/><strong data-start=\"776\" data-end=\"824\">Tensioni i q\u00ebndrueshm\u00ebris\u00eb impulsive (Uimp):<\/strong> 6 kV<br data-start=\"829\" data-end=\"832\" \/><strong data-start=\"832\" data-end=\"854\">Shkalla e ndotjes:<\/strong> 3<br data-start=\"856\" data-end=\"859\" \/><strong data-start=\"859\" data-end=\"886\">Kategoria e p\u00ebrdorimit:<\/strong> AC-1, AC-3<br data-start=\"897\" data-end=\"900\" \/><strong data-start=\"900\" data-end=\"913\">P\u00ebrmasat:<\/strong> Lart\u00ebsia 85 mm, Gjer\u00ebsia 120 mm, Thell\u00ebsia 92 mm<br data-start=\"962\" data-end=\"965\" \/><strong data-start=\"965\" data-end=\"975\">Pesha:<\/strong> 1.1 kg<br data-start=\"982\" data-end=\"985\" \/><strong data-start=\"985\" data-end=\"1000\">Standardet:<\/strong> IEC 60947-4-1, CCC, EAC<br data-start=\"1024\" data-end=\"1027\" \/><strong data-start=\"1027\" data-end=\"1056\">P\u00ebrputhshm\u00ebria mjedisore:<\/strong> Green Premium, n\u00eb p\u00ebrputhje me RoHS dhe REACh<\/p>","protected":false},"excerpt":{"rendered":"<p>Seria: EasyPact TVSLloji: Kontaktor 3-pol\u00ebsh (3 NO) p\u00ebr aplikime motorrikeRryma nominale (Ie): 160 A (AC-3, 440 V)Fuqia e komanduar (AC-3, 440 V): Deri n\u00eb 80 kWTension komandimi (Uc): 110 V AC, 50 HzKontakte ndihm\u00ebse: 3 NO t\u00eb integruaraLidhjet: Terminale me kap\u00ebse vida (screw clamp) p\u00ebr lidhjet e fuqis\u00eb dhe kontrollitJet\u00ebgjat\u00ebsia elektrike: Deri n\u00eb 0.8 milion [&hellip;]<\/p>","protected":false},"featured_media":4182,"comment_status":"open","ping_status":"closed","template":"","meta":{"_acf_changed":false},"product_brand":[],"product_cat":[83,42],"product_tag":[],"class_list":{"0":"post-4180","1":"product","2":"type-product","3":"status-publish","4":"has-post-thumbnail","6":"product_cat-kontaktore-fuqie","7":"product_cat-serite-industriale","9":"first","10":"instock","11":"shipping-taxable","12":"product-type-simple"},"acf":[],"_links":{"self":[{"href":"https:\/\/www.brikaelektrik.al\/al\/wp-json\/wp\/v2\/product\/4180","targetHints":{"allow":["GET"]}}],"collection":[{"href":"https:\/\/www.brikaelektrik.al\/al\/wp-json\/wp\/v2\/product"}],"about":[{"href":"https:\/\/www.brikaelektrik.al\/al\/wp-json\/wp\/v2\/types\/product"}],"replies":[{"embeddable":true,"href":"https:\/\/www.brikaelektrik.al\/al\/wp-json\/wp\/v2\/comments?post=4180"}],"wp:featuredmedia":[{"embeddable":true,"href":"https:\/\/www.brikaelektrik.al\/al\/wp-json\/wp\/v2\/media\/4182"}],"wp:attachment":[{"href":"https:\/\/www.brikaelektrik.al\/al\/wp-json\/wp\/v2\/media?parent=4180"}],"wp:term":[{"taxonomy":"product_brand","embeddable":true,"href":"https:\/\/www.brikaelektrik.al\/al\/wp-json\/wp\/v2\/product_brand?post=4180"},{"taxonomy":"product_cat","embeddable":true,"href":"https:\/\/www.brikaelektrik.al\/al\/wp-json\/wp\/v2\/product_cat?post=4180"},{"taxonomy":"product_tag","embeddable":true,"href":"https:\/\/www.brikaelektrik.al\/al\/wp-json\/wp\/v2\/product_tag?post=4180"}],"curies":[{"name":"wp","href":"https:\/\/api.w.org\/{rel}","templated":true}]}}