{"id":4184,"date":"2025-09-02T12:03:19","date_gmt":"2025-09-02T12:03:19","guid":{"rendered":"https:\/\/www.brikaelektrik.al\/?post_type=product&#038;p=4184"},"modified":"2025-09-02T12:03:19","modified_gmt":"2025-09-02T12:03:19","slug":"prize-ajrore-4x63a-3pt-380v-ip44","status":"publish","type":"product","link":"https:\/\/www.brikaelektrik.al\/al\/produkt\/prize-ajrore-4x63a-3pt-380v-ip44\/","title":{"rendered":"PRIZ\u00cb AJRORE 4X63A 3P+T 380V IP44"},"content":{"rendered":"<p><strong data-start=\"49\" data-end=\"59\">Seria:<\/strong> BC1<br data-start=\"63\" data-end=\"66\" \/><strong data-start=\"66\" data-end=\"76\" data-is-only-node=\"\">Lloji:<\/strong> Priz\u00eb industriale fikse 90\u00b0 e montuar n\u00eb mur (3P+E)<br data-start=\"128\" data-end=\"131\" \/><strong data-start=\"131\" data-end=\"157\">Tension operativ (Ue):<\/strong> 380\u2013450 V AC<br data-start=\"170\" data-end=\"173\" \/><strong data-start=\"173\" data-end=\"187\">Frekuenca:<\/strong> 50\/60 Hz<br data-start=\"196\" data-end=\"199\" \/><strong data-start=\"199\" data-end=\"223\">Rryma nominale (Ie):<\/strong> 16 A<br data-start=\"228\" data-end=\"231\" \/><strong data-start=\"231\" data-end=\"244\">Mbrojtja:<\/strong> IP44<br data-start=\"249\" data-end=\"252\" \/><strong data-start=\"252\" data-end=\"275\">Materiali i trupit:<\/strong> Poliamid 6<br data-start=\"286\" data-end=\"289\" \/><strong data-start=\"289\" data-end=\"315\">Materiali i p\u00ebr\u00e7uesit:<\/strong> MS 58 bronz i klas\u00ebs MS 58<br data-start=\"342\" data-end=\"345\" \/><strong data-start=\"345\" data-end=\"355\">Pesha:<\/strong> 191.7 g<\/p>","protected":false},"excerpt":{"rendered":"<p>Seria: BC1Lloji: Priz\u00eb industriale fikse 90\u00b0 e montuar n\u00eb mur (3P+E)Tension operativ (Ue): 380\u2013450 V ACFrekuenca: 50\/60 HzRryma nominale (Ie): 16 AMbrojtja: IP44Materiali i trupit: Poliamid 6Materiali i p\u00ebr\u00e7uesit: MS 58 bronz i klas\u00ebs MS 58Pesha: 191.7 g<\/p>","protected":false},"featured_media":4185,"comment_status":"open","ping_status":"closed","template":"","meta":{"_acf_changed":false},"product_brand":[],"product_cat":[82,42],"product_tag":[],"class_list":{"0":"post-4184","1":"product","2":"type-product","3":"status-publish","4":"has-post-thumbnail","6":"product_cat-priza-spina-industriale","7":"product_cat-serite-industriale","9":"first","10":"instock","11":"shipping-taxable","12":"product-type-simple"},"acf":[],"_links":{"self":[{"href":"https:\/\/www.brikaelektrik.al\/al\/wp-json\/wp\/v2\/product\/4184","targetHints":{"allow":["GET"]}}],"collection":[{"href":"https:\/\/www.brikaelektrik.al\/al\/wp-json\/wp\/v2\/product"}],"about":[{"href":"https:\/\/www.brikaelektrik.al\/al\/wp-json\/wp\/v2\/types\/product"}],"replies":[{"embeddable":true,"href":"https:\/\/www.brikaelektrik.al\/al\/wp-json\/wp\/v2\/comments?post=4184"}],"wp:featuredmedia":[{"embeddable":true,"href":"https:\/\/www.brikaelektrik.al\/al\/wp-json\/wp\/v2\/media\/4185"}],"wp:attachment":[{"href":"https:\/\/www.brikaelektrik.al\/al\/wp-json\/wp\/v2\/media?parent=4184"}],"wp:term":[{"taxonomy":"product_brand","embeddable":true,"href":"https:\/\/www.brikaelektrik.al\/al\/wp-json\/wp\/v2\/product_brand?post=4184"},{"taxonomy":"product_cat","embeddable":true,"href":"https:\/\/www.brikaelektrik.al\/al\/wp-json\/wp\/v2\/product_cat?post=4184"},{"taxonomy":"product_tag","embeddable":true,"href":"https:\/\/www.brikaelektrik.al\/al\/wp-json\/wp\/v2\/product_tag?post=4184"}],"curies":[{"name":"wp","href":"https:\/\/api.w.org\/{rel}","templated":true}]}}