{"id":4188,"date":"2025-09-02T12:06:11","date_gmt":"2025-09-02T12:06:11","guid":{"rendered":"https:\/\/www.brikaelektrik.al\/?post_type=product&#038;p=4188"},"modified":"2025-09-02T12:06:11","modified_gmt":"2025-09-02T12:06:11","slug":"kontakt-ndihmes-1-nonc-2a-per-leshues-modular-mono-25a","status":"publish","type":"product","link":"https:\/\/www.brikaelektrik.al\/al\/produkt\/kontakt-ndihmes-1-nonc-2a-per-leshues-modular-mono-25a\/","title":{"rendered":"KONTAKT NDIHM\u00cbS 1 NO+NC 2A P\u00cbR L\u00cbSHUES MODULAR MONO 25A"},"content":{"rendered":"<p data-start=\"0\" data-end=\"302\"><strong data-start=\"0\" data-end=\"10\">Seria:<\/strong> Acti9 iACTs<br data-start=\"22\" data-end=\"25\" \/><strong data-start=\"25\" data-end=\"35\" data-is-only-node=\"\">Lloji:<\/strong> Aksesor ndihm\u00ebs p\u00ebr indikim t\u00eb larg\u00ebt (1 NO + 1 NC)<br data-start=\"87\" data-end=\"90\" \/><strong data-start=\"90\" data-end=\"105\">P\u00ebrshkrimi:<\/strong> Aksesor i besuesh\u00ebm p\u00ebr indikim t\u00eb larg\u00ebt, i projektuar p\u00ebr t\u00eb ndihmuar n\u00eb raportimin e statusit t\u00eb nj\u00eb kontaktori.<br data-start=\"221\" data-end=\"224\" \/><strong data-start=\"224\" data-end=\"237\">Kontakte:<\/strong> 1 NO (hapur) dhe 1 NC (mbyllur)<br data-start=\"269\" data-end=\"272\" \/><strong data-start=\"272\" data-end=\"300\">Tensioni i funksionimit: <\/strong>24 VAC deri 240 VAC, 24 VDC deri 130 VDC<br data-start=\"348\" data-end=\"351\" \/><strong data-start=\"351\" data-end=\"363\">Montimi:<\/strong> Montohet n\u00eb an\u00ebn e djatht\u00eb t\u00eb kontaktor\u00ebve Acti9 iCT<br data-start=\"416\" data-end=\"419\" \/><strong data-start=\"419\" data-end=\"432\">Mbrojtja: <\/strong>IP20 pa kuti, IP40 me kuti<br data-start=\"466\" data-end=\"469\" \/><strong data-start=\"469\" data-end=\"481\">Montimi:<\/strong> Mund t\u00eb montohen n\u00eb shirit DIN<br data-start=\"512\" data-end=\"515\" \/><strong data-start=\"515\" data-end=\"534\">P\u00ebrputhshm\u00ebria:<\/strong> Kompatibil me t\u00eb gjitha kontaktor\u00ebt Acti9 iCT<br data-start=\"580\" data-end=\"583\" \/><strong data-start=\"583\" data-end=\"598\">Standardet:<\/strong> EN 60947-5<br data-start=\"609\" data-end=\"612\" \/><strong data-start=\"612\" data-end=\"626\">P\u00ebrdorimi:<\/strong> Ky produkt \u00ebsht\u00eb ve\u00e7an\u00ebrisht i nevojsh\u00ebm n\u00eb nj\u00eb mjedis t\u00eb lidhur, p\u00ebr t\u00eb siguruar nj\u00eb indikim t\u00eb qart\u00eb dhe t\u00eb besuesh\u00ebm t\u00eb statusit t\u00eb kontaktorit.<\/p>","protected":false},"excerpt":{"rendered":"<p>Seria: Acti9 iACTsLloji: Aksesor ndihm\u00ebs p\u00ebr indikim t\u00eb larg\u00ebt (1 NO + 1 NC)P\u00ebrshkrimi: Aksesor i besuesh\u00ebm p\u00ebr indikim t\u00eb larg\u00ebt, i projektuar p\u00ebr t\u00eb ndihmuar n\u00eb raportimin e statusit t\u00eb nj\u00eb kontaktori.Kontakte: 1 NO (hapur) dhe 1 NC (mbyllur)Tensioni i funksionimit: 24 VAC deri 240 VAC, 24 VDC deri 130 VDCMontimi: Montohet n\u00eb an\u00ebn [&hellip;]<\/p>","protected":false},"featured_media":4189,"comment_status":"open","ping_status":"closed","template":"","meta":{"_acf_changed":false},"product_brand":[],"product_cat":[83,42],"product_tag":[],"class_list":{"0":"post-4188","1":"product","2":"type-product","3":"status-publish","4":"has-post-thumbnail","6":"product_cat-kontaktore-fuqie","7":"product_cat-serite-industriale","9":"first","10":"instock","11":"shipping-taxable","12":"product-type-simple"},"acf":[],"_links":{"self":[{"href":"https:\/\/www.brikaelektrik.al\/al\/wp-json\/wp\/v2\/product\/4188","targetHints":{"allow":["GET"]}}],"collection":[{"href":"https:\/\/www.brikaelektrik.al\/al\/wp-json\/wp\/v2\/product"}],"about":[{"href":"https:\/\/www.brikaelektrik.al\/al\/wp-json\/wp\/v2\/types\/product"}],"replies":[{"embeddable":true,"href":"https:\/\/www.brikaelektrik.al\/al\/wp-json\/wp\/v2\/comments?post=4188"}],"wp:featuredmedia":[{"embeddable":true,"href":"https:\/\/www.brikaelektrik.al\/al\/wp-json\/wp\/v2\/media\/4189"}],"wp:attachment":[{"href":"https:\/\/www.brikaelektrik.al\/al\/wp-json\/wp\/v2\/media?parent=4188"}],"wp:term":[{"taxonomy":"product_brand","embeddable":true,"href":"https:\/\/www.brikaelektrik.al\/al\/wp-json\/wp\/v2\/product_brand?post=4188"},{"taxonomy":"product_cat","embeddable":true,"href":"https:\/\/www.brikaelektrik.al\/al\/wp-json\/wp\/v2\/product_cat?post=4188"},{"taxonomy":"product_tag","embeddable":true,"href":"https:\/\/www.brikaelektrik.al\/al\/wp-json\/wp\/v2\/product_tag?post=4188"}],"curies":[{"name":"wp","href":"https:\/\/api.w.org\/{rel}","templated":true}]}}