{"id":4190,"date":"2025-09-02T12:07:56","date_gmt":"2025-09-02T12:07:56","guid":{"rendered":"https:\/\/www.brikaelektrik.al\/?post_type=product&#038;p=4190"},"modified":"2025-09-02T12:07:56","modified_gmt":"2025-09-02T12:07:56","slug":"kontakt-ndihmes-ballor-2nc-2nc-per-leshues-mini","status":"publish","type":"product","link":"https:\/\/www.brikaelektrik.al\/al\/produkt\/kontakt-ndihmes-ballor-2nc-2nc-per-leshues-mini\/","title":{"rendered":"KONTAKT NDIHM\u00cbS BALLOR 2NC 2NC P\u00cbR L\u00cbSHUES MINI"},"content":{"rendered":"<p><strong data-start=\"0\" data-end=\"10\">Seria:<\/strong> TeSys K<br data-start=\"18\" data-end=\"21\" data-is-only-node=\"\" \/><strong data-start=\"21\" data-end=\"31\">Lloji:<\/strong> Bllok Kontakti Ndihm\u00ebs &#8211; 2 NO + 2 NC &#8211; Faston Connection<br data-start=\"88\" data-end=\"91\" \/><strong data-start=\"91\" data-end=\"106\">P\u00ebrshkrimi:<\/strong> Bllok kontakti i menj\u00ebhersh\u00ebm ndihm\u00ebs p\u00ebr kontaktor\u00ebt LC.K, LP, K, CA.K me terminale me vida (p\u00ebrjashtuar LP4K, LP5K, CA4K).<br data-start=\"231\" data-end=\"234\" \/><strong data-start=\"234\" data-end=\"247\">Kontakte:<\/strong> 2 NO (hapur) dhe 2 NC (mbyllur)<br data-start=\"279\" data-end=\"282\" \/><strong data-start=\"282\" data-end=\"315\">Vlera e nominale e kontaktit:<\/strong> 10 A, 690 V AC<br data-start=\"330\" data-end=\"333\" \/><strong data-start=\"333\" data-end=\"344\">Lidhja:<\/strong> Lidhje me terminale me vida (screw terminals)<br data-start=\"390\" data-end=\"393\" \/><strong data-start=\"393\" data-end=\"405\">Montimi:<\/strong> Montim p\u00ebrpara me kap\u00ebse (clips)<br data-start=\"438\" data-end=\"441\" \/><strong data-start=\"441\" data-end=\"471\">Mbrojtja dhe Besueshm\u00ebria:<\/strong> Siguron besueshm\u00ebri dhe q\u00ebndrueshm\u00ebri t\u00eb lart\u00eb p\u00ebr funksionimin e kontaktit t\u00eb menj\u00ebhersh\u00ebm<br data-start=\"563\" data-end=\"566\" \/><strong data-start=\"566\" data-end=\"583\">Certifikatat:<\/strong> Kompatibil me standardet nd\u00ebrkomb\u00ebtare t\u00eb ndryshme (IEC, UL, CSA, CCC)<\/p>","protected":false},"excerpt":{"rendered":"<p>Seria: TeSys KLloji: Bllok Kontakti Ndihm\u00ebs &#8211; 2 NO + 2 NC &#8211; Faston ConnectionP\u00ebrshkrimi: Bllok kontakti i menj\u00ebhersh\u00ebm ndihm\u00ebs p\u00ebr kontaktor\u00ebt LC.K, LP, K, CA.K me terminale me vida (p\u00ebrjashtuar LP4K, LP5K, CA4K).Kontakte: 2 NO (hapur) dhe 2 NC (mbyllur)Vlera e nominale e kontaktit: 10 A, 690 V ACLidhja: Lidhje me terminale me vida [&hellip;]<\/p>","protected":false},"featured_media":4191,"comment_status":"open","ping_status":"closed","template":"","meta":{"_acf_changed":false},"product_brand":[],"product_cat":[83,42],"product_tag":[],"class_list":{"0":"post-4190","1":"product","2":"type-product","3":"status-publish","4":"has-post-thumbnail","6":"product_cat-kontaktore-fuqie","7":"product_cat-serite-industriale","9":"first","10":"instock","11":"shipping-taxable","12":"product-type-simple"},"acf":[],"_links":{"self":[{"href":"https:\/\/www.brikaelektrik.al\/al\/wp-json\/wp\/v2\/product\/4190","targetHints":{"allow":["GET"]}}],"collection":[{"href":"https:\/\/www.brikaelektrik.al\/al\/wp-json\/wp\/v2\/product"}],"about":[{"href":"https:\/\/www.brikaelektrik.al\/al\/wp-json\/wp\/v2\/types\/product"}],"replies":[{"embeddable":true,"href":"https:\/\/www.brikaelektrik.al\/al\/wp-json\/wp\/v2\/comments?post=4190"}],"wp:featuredmedia":[{"embeddable":true,"href":"https:\/\/www.brikaelektrik.al\/al\/wp-json\/wp\/v2\/media\/4191"}],"wp:attachment":[{"href":"https:\/\/www.brikaelektrik.al\/al\/wp-json\/wp\/v2\/media?parent=4190"}],"wp:term":[{"taxonomy":"product_brand","embeddable":true,"href":"https:\/\/www.brikaelektrik.al\/al\/wp-json\/wp\/v2\/product_brand?post=4190"},{"taxonomy":"product_cat","embeddable":true,"href":"https:\/\/www.brikaelektrik.al\/al\/wp-json\/wp\/v2\/product_cat?post=4190"},{"taxonomy":"product_tag","embeddable":true,"href":"https:\/\/www.brikaelektrik.al\/al\/wp-json\/wp\/v2\/product_tag?post=4190"}],"curies":[{"name":"wp","href":"https:\/\/api.w.org\/{rel}","templated":true}]}}