{"id":4192,"date":"2025-09-02T12:09:38","date_gmt":"2025-09-02T12:09:38","guid":{"rendered":"https:\/\/www.brikaelektrik.al\/?post_type=product&#038;p=4192"},"modified":"2025-09-02T12:09:38","modified_gmt":"2025-09-02T12:09:38","slug":"bobine-per-leshues-industrial-lc1-f115-ub-380v","status":"publish","type":"product","link":"https:\/\/www.brikaelektrik.al\/al\/produkt\/bobine-per-leshues-industrial-lc1-f115-ub-380v\/","title":{"rendered":"BOBIN\u00cb P\u00cbR L\u00cbSHUES INDUSTRIAL LC1-F115 UB-380V"},"content":{"rendered":"<p><strong data-start=\"0\" data-end=\"10\">Seria:<\/strong> TeSys F<br data-start=\"18\" data-end=\"21\" data-is-only-node=\"\" \/><strong data-start=\"21\" data-end=\"31\">Lloji:<\/strong> Bobina e kontaktorit specifike &#8211; 380&#8230;400V AC 40&#8230;400 Hz, konsum i ul\u00ebt<br data-start=\"105\" data-end=\"108\" \/><strong data-start=\"108\" data-end=\"123\">P\u00ebrshkrimi:<\/strong> Bobin\u00eb p\u00ebr kontaktor\u00ebt TeSys F, p\u00ebr aplikime me konsum t\u00eb ul\u00ebt, e projektuar p\u00ebr t\u00eb funksionuar n\u00eb tensione 380V deri 400V AC dhe frekuenca 40-400 Hz. E p\u00ebrshtatshme p\u00ebr kontaktor\u00ebt TeSys F 3-pol\u00ebsh dhe 4-pol\u00ebsh (LC1 F115, F150, FG150).<br data-start=\"360\" data-end=\"363\" \/><strong data-start=\"363\" data-end=\"403\">Kufijt\u00eb e funksionimit t\u00eb tensionit:<\/strong> 0.85-1.1 Uc<br data-start=\"415\" data-end=\"418\" \/><strong data-start=\"418\" data-end=\"446\">Tensioni komandimi (Uc):<\/strong> 380&#8230;400 V AC, 40-400 Hz<br data-start=\"472\" data-end=\"475\" \/><strong data-start=\"475\" data-end=\"506\">Temperatura e funksionimit:<\/strong> Deri n\u00eb 55\u00b0C<br data-start=\"519\" data-end=\"522\" \/><strong data-start=\"522\" data-end=\"562\">Shpejt\u00ebsia maksimale e funksionimit:<\/strong> Deri n\u00eb 2400 cikle\/or\u00eb<br data-start=\"585\" data-end=\"588\" \/><strong data-start=\"588\" data-end=\"619\">Karakteristikat e konsumit:<\/strong> Konsum i ul\u00ebt i vulosur, i p\u00ebrshtatsh\u00ebm p\u00ebr aplikime me k\u00ebrkesa t\u00eb larta p\u00ebr efikasitet energjetik dhe q\u00ebndrueshm\u00ebri<br data-start=\"736\" data-end=\"739\" \/><strong data-start=\"739\" data-end=\"768\">P\u00ebrputhshm\u00ebria mjedisore:<\/strong> Green Premium, p\u00ebrputhshm\u00ebri me RoHS dhe REACh<\/p>","protected":false},"excerpt":{"rendered":"<p>Seria: TeSys FLloji: Bobina e kontaktorit specifike &#8211; 380&#8230;400V AC 40&#8230;400 Hz, konsum i ul\u00ebtP\u00ebrshkrimi: Bobin\u00eb p\u00ebr kontaktor\u00ebt TeSys F, p\u00ebr aplikime me konsum t\u00eb ul\u00ebt, e projektuar p\u00ebr t\u00eb funksionuar n\u00eb tensione 380V deri 400V AC dhe frekuenca 40-400 Hz. E p\u00ebrshtatshme p\u00ebr kontaktor\u00ebt TeSys F 3-pol\u00ebsh dhe 4-pol\u00ebsh (LC1 F115, F150, FG150).Kufijt\u00eb e [&hellip;]<\/p>","protected":false},"featured_media":4193,"comment_status":"open","ping_status":"closed","template":"","meta":{"_acf_changed":false},"product_brand":[],"product_cat":[83,42],"product_tag":[],"class_list":{"0":"post-4192","1":"product","2":"type-product","3":"status-publish","4":"has-post-thumbnail","6":"product_cat-kontaktore-fuqie","7":"product_cat-serite-industriale","9":"first","10":"instock","11":"shipping-taxable","12":"product-type-simple"},"acf":[],"_links":{"self":[{"href":"https:\/\/www.brikaelektrik.al\/al\/wp-json\/wp\/v2\/product\/4192","targetHints":{"allow":["GET"]}}],"collection":[{"href":"https:\/\/www.brikaelektrik.al\/al\/wp-json\/wp\/v2\/product"}],"about":[{"href":"https:\/\/www.brikaelektrik.al\/al\/wp-json\/wp\/v2\/types\/product"}],"replies":[{"embeddable":true,"href":"https:\/\/www.brikaelektrik.al\/al\/wp-json\/wp\/v2\/comments?post=4192"}],"wp:featuredmedia":[{"embeddable":true,"href":"https:\/\/www.brikaelektrik.al\/al\/wp-json\/wp\/v2\/media\/4193"}],"wp:attachment":[{"href":"https:\/\/www.brikaelektrik.al\/al\/wp-json\/wp\/v2\/media?parent=4192"}],"wp:term":[{"taxonomy":"product_brand","embeddable":true,"href":"https:\/\/www.brikaelektrik.al\/al\/wp-json\/wp\/v2\/product_brand?post=4192"},{"taxonomy":"product_cat","embeddable":true,"href":"https:\/\/www.brikaelektrik.al\/al\/wp-json\/wp\/v2\/product_cat?post=4192"},{"taxonomy":"product_tag","embeddable":true,"href":"https:\/\/www.brikaelektrik.al\/al\/wp-json\/wp\/v2\/product_tag?post=4192"}],"curies":[{"name":"wp","href":"https:\/\/api.w.org\/{rel}","templated":true}]}}