{"id":4195,"date":"2025-09-02T12:38:20","date_gmt":"2025-09-02T12:38:20","guid":{"rendered":"https:\/\/www.brikaelektrik.al\/?post_type=product&#038;p=4195"},"modified":"2025-09-02T12:38:20","modified_gmt":"2025-09-02T12:38:20","slug":"prize-ajrore-4x125a-3pt-380v-ip67","status":"publish","type":"product","link":"https:\/\/www.brikaelektrik.al\/al\/produkt\/prize-ajrore-4x125a-3pt-380v-ip67\/","title":{"rendered":"PRIZ\u00cb AJRORE 4X125A 3P+T 380V IP67"},"content":{"rendered":"<p><strong data-start=\"183\" data-end=\"193\">Seria:<\/strong> BC1<br data-start=\"197\" data-end=\"200\" \/><strong data-start=\"200\" data-end=\"210\">Lloji:<\/strong> Uzatma priz\u00eb industriale (3P+E)<br data-start=\"242\" data-end=\"245\" \/><strong data-start=\"245\" data-end=\"271\" data-is-only-node=\"\">Tension operativ (Ue):<\/strong> 380\u2013450 V AC<br data-start=\"284\" data-end=\"287\" \/><strong data-start=\"287\" data-end=\"301\">Frekuenca:<\/strong> 50\/60 Hz<br data-start=\"310\" data-end=\"313\" \/><strong data-start=\"313\" data-end=\"337\">Rryma nominale (Ie):<\/strong> 125 A<br data-start=\"343\" data-end=\"346\" \/><strong data-start=\"346\" data-end=\"359\">Mbrojtja:<\/strong> IP67<br data-start=\"364\" data-end=\"367\" \/><strong data-start=\"367\" data-end=\"390\">Materiali i trupit:<\/strong> Poliamid 6<br data-start=\"401\" data-end=\"404\" \/><strong data-start=\"404\" data-end=\"430\">Materiali i p\u00ebr\u00e7uesit:<\/strong> MS 58 bronz i klas\u00ebs MS 58<br data-start=\"457\" data-end=\"460\" \/><strong data-start=\"460\" data-end=\"470\">Pesha:<\/strong> 1367.6 g<\/p>","protected":false},"excerpt":{"rendered":"<p>Seria: BC1Lloji: Uzatma priz\u00eb industriale (3P+E)Tension operativ (Ue): 380\u2013450 V ACFrekuenca: 50\/60 HzRryma nominale (Ie): 125 AMbrojtja: IP67Materiali i trupit: Poliamid 6Materiali i p\u00ebr\u00e7uesit: MS 58 bronz i klas\u00ebs MS 58Pesha: 1367.6 g<\/p>","protected":false},"featured_media":4196,"comment_status":"open","ping_status":"closed","template":"","meta":{"_acf_changed":false},"product_brand":[],"product_cat":[82,42],"product_tag":[],"class_list":{"0":"post-4195","1":"product","2":"type-product","3":"status-publish","4":"has-post-thumbnail","6":"product_cat-priza-spina-industriale","7":"product_cat-serite-industriale","9":"first","10":"instock","11":"shipping-taxable","12":"product-type-simple"},"acf":[],"_links":{"self":[{"href":"https:\/\/www.brikaelektrik.al\/al\/wp-json\/wp\/v2\/product\/4195","targetHints":{"allow":["GET"]}}],"collection":[{"href":"https:\/\/www.brikaelektrik.al\/al\/wp-json\/wp\/v2\/product"}],"about":[{"href":"https:\/\/www.brikaelektrik.al\/al\/wp-json\/wp\/v2\/types\/product"}],"replies":[{"embeddable":true,"href":"https:\/\/www.brikaelektrik.al\/al\/wp-json\/wp\/v2\/comments?post=4195"}],"wp:featuredmedia":[{"embeddable":true,"href":"https:\/\/www.brikaelektrik.al\/al\/wp-json\/wp\/v2\/media\/4196"}],"wp:attachment":[{"href":"https:\/\/www.brikaelektrik.al\/al\/wp-json\/wp\/v2\/media?parent=4195"}],"wp:term":[{"taxonomy":"product_brand","embeddable":true,"href":"https:\/\/www.brikaelektrik.al\/al\/wp-json\/wp\/v2\/product_brand?post=4195"},{"taxonomy":"product_cat","embeddable":true,"href":"https:\/\/www.brikaelektrik.al\/al\/wp-json\/wp\/v2\/product_cat?post=4195"},{"taxonomy":"product_tag","embeddable":true,"href":"https:\/\/www.brikaelektrik.al\/al\/wp-json\/wp\/v2\/product_tag?post=4195"}],"curies":[{"name":"wp","href":"https:\/\/api.w.org\/{rel}","templated":true}]}}