{"id":4201,"date":"2025-09-02T12:52:25","date_gmt":"2025-09-02T12:52:25","guid":{"rendered":"https:\/\/www.brikaelektrik.al\/?post_type=product&#038;p=4201"},"modified":"2025-09-02T12:52:25","modified_gmt":"2025-09-02T12:52:25","slug":"prize-paneli-3x16a-2pt-220v","status":"publish","type":"product","link":"https:\/\/www.brikaelektrik.al\/al\/produkt\/prize-paneli-3x16a-2pt-220v\/","title":{"rendered":"PRIZ\u00cb PANELI 3X16A 2P+T 220V"},"content":{"rendered":"<p><strong data-start=\"184\" data-end=\"194\">Seria:<\/strong> BC1\u20111403\u20112420<br data-start=\"208\" data-end=\"211\" \/><strong data-start=\"211\" data-end=\"221\">Lloji:<\/strong> 45\u00b0 priz\u00eb makinerie e pjerr\u00ebt<br data-start=\"251\" data-end=\"254\" data-is-only-node=\"\" \/><strong data-start=\"254\" data-end=\"282\">Tension operativ (Volt):<\/strong> 220\u2013250\u202fV<br data-start=\"292\" data-end=\"295\" \/><strong data-start=\"295\" data-end=\"317\">Frekuenca (Hertz):<\/strong> 50\u201360\u202fHz<br data-start=\"326\" data-end=\"329\" \/><strong data-start=\"329\" data-end=\"347\">Pol\u00ebt (Kutup):<\/strong> 2P+E<br data-start=\"352\" data-end=\"355\" \/><strong data-start=\"355\" data-end=\"380\">Mbrojtja (IP S\u0131n\u0131f\u0131):<\/strong> IP44<br data-start=\"385\" data-end=\"388\" \/><strong data-start=\"388\" data-end=\"429\">Materiali i trupit (G\u00f6vde Malzemesi):<\/strong> Polyamid\u202f6<br data-start=\"440\" data-end=\"443\" \/><strong data-start=\"443\" data-end=\"489\">Materiali i p\u00ebr\u00e7uesit (\u0130letken Malzemesi):<\/strong> MS\u202f58<br data-start=\"495\" data-end=\"498\" \/><strong data-start=\"498\" data-end=\"515\">Pesha (Gram):<\/strong> 129\u202fg<\/p>","protected":false},"excerpt":{"rendered":"<p>Seria: BC1\u20111403\u20112420Lloji: 45\u00b0 priz\u00eb makinerie e pjerr\u00ebtTension operativ (Volt): 220\u2013250\u202fVFrekuenca (Hertz): 50\u201360\u202fHzPol\u00ebt (Kutup): 2P+EMbrojtja (IP S\u0131n\u0131f\u0131): IP44Materiali i trupit (G\u00f6vde Malzemesi): Polyamid\u202f6Materiali i p\u00ebr\u00e7uesit (\u0130letken Malzemesi): MS\u202f58Pesha (Gram): 129\u202fg<\/p>","protected":false},"featured_media":4202,"comment_status":"open","ping_status":"closed","template":"","meta":{"_acf_changed":false},"product_brand":[],"product_cat":[82,42],"product_tag":[],"class_list":{"0":"post-4201","1":"product","2":"type-product","3":"status-publish","4":"has-post-thumbnail","6":"product_cat-priza-spina-industriale","7":"product_cat-serite-industriale","9":"first","10":"instock","11":"shipping-taxable","12":"product-type-simple"},"acf":[],"_links":{"self":[{"href":"https:\/\/www.brikaelektrik.al\/al\/wp-json\/wp\/v2\/product\/4201","targetHints":{"allow":["GET"]}}],"collection":[{"href":"https:\/\/www.brikaelektrik.al\/al\/wp-json\/wp\/v2\/product"}],"about":[{"href":"https:\/\/www.brikaelektrik.al\/al\/wp-json\/wp\/v2\/types\/product"}],"replies":[{"embeddable":true,"href":"https:\/\/www.brikaelektrik.al\/al\/wp-json\/wp\/v2\/comments?post=4201"}],"wp:featuredmedia":[{"embeddable":true,"href":"https:\/\/www.brikaelektrik.al\/al\/wp-json\/wp\/v2\/media\/4202"}],"wp:attachment":[{"href":"https:\/\/www.brikaelektrik.al\/al\/wp-json\/wp\/v2\/media?parent=4201"}],"wp:term":[{"taxonomy":"product_brand","embeddable":true,"href":"https:\/\/www.brikaelektrik.al\/al\/wp-json\/wp\/v2\/product_brand?post=4201"},{"taxonomy":"product_cat","embeddable":true,"href":"https:\/\/www.brikaelektrik.al\/al\/wp-json\/wp\/v2\/product_cat?post=4201"},{"taxonomy":"product_tag","embeddable":true,"href":"https:\/\/www.brikaelektrik.al\/al\/wp-json\/wp\/v2\/product_tag?post=4201"}],"curies":[{"name":"wp","href":"https:\/\/api.w.org\/{rel}","templated":true}]}}