{"id":4208,"date":"2025-09-02T12:59:47","date_gmt":"2025-09-02T12:59:47","guid":{"rendered":"https:\/\/www.brikaelektrik.al\/?post_type=product&#038;p=4208"},"modified":"2025-09-02T12:59:59","modified_gmt":"2025-09-02T12:59:59","slug":"prize-murale-4x63a-3pt-380v-ip44","status":"publish","type":"product","link":"https:\/\/www.brikaelektrik.al\/al\/produkt\/prize-murale-4x63a-3pt-380v-ip44\/","title":{"rendered":"PRIZ\u00cb MURALE 4X63A 3P+T 380V IP44"},"content":{"rendered":"<p><strong data-start=\"131\" data-end=\"141\">Seria:<\/strong> BC1-4504-2535<br data-start=\"155\" data-end=\"158\" \/><strong data-start=\"158\" data-end=\"168\">Lloji:<\/strong> 90\u00b0 priz\u00eb makinerie e montuar n\u00eb mur<br data-start=\"205\" data-end=\"208\" data-is-only-node=\"\" \/><strong data-start=\"208\" data-end=\"234\">Tension operativ (Ue):<\/strong> 380\u2013450 V AC<br data-start=\"247\" data-end=\"250\" \/><strong data-start=\"250\" data-end=\"264\">Frekuenca:<\/strong> 50\/60 Hz<br data-start=\"273\" data-end=\"276\" \/><strong data-start=\"276\" data-end=\"300\">Rryma nominale (Ie):<\/strong> 63 A<br data-start=\"305\" data-end=\"308\" \/><strong data-start=\"308\" data-end=\"332\">Konfigurimi (Pol\u00ebt):<\/strong> 3P+E<br data-start=\"337\" data-end=\"340\" \/><strong data-start=\"340\" data-end=\"353\">Mbrojtja:<\/strong> IP44<br data-start=\"358\" data-end=\"361\" \/><strong data-start=\"361\" data-end=\"384\">Materiali i trupit:<\/strong> Poliamid 6<br data-start=\"395\" data-end=\"398\" \/><strong data-start=\"398\" data-end=\"424\">Materiali i p\u00ebr\u00e7uesit:<\/strong> MS 58 (Bronz i klas\u00ebs MS 58)<\/p>","protected":false},"excerpt":{"rendered":"<p>Seria: BC1-4504-2535Lloji: 90\u00b0 priz\u00eb makinerie e montuar n\u00eb murTension operativ (Ue): 380\u2013450 V ACFrekuenca: 50\/60 HzRryma nominale (Ie): 63 AKonfigurimi (Pol\u00ebt): 3P+EMbrojtja: IP44Materiali i trupit: Poliamid 6Materiali i p\u00ebr\u00e7uesit: MS 58 (Bronz i klas\u00ebs MS 58)<\/p>","protected":false},"featured_media":4209,"comment_status":"open","ping_status":"closed","template":"","meta":{"_acf_changed":false},"product_brand":[],"product_cat":[82,42],"product_tag":[],"class_list":{"0":"post-4208","1":"product","2":"type-product","3":"status-publish","4":"has-post-thumbnail","6":"product_cat-priza-spina-industriale","7":"product_cat-serite-industriale","9":"first","10":"instock","11":"shipping-taxable","12":"product-type-simple"},"acf":[],"_links":{"self":[{"href":"https:\/\/www.brikaelektrik.al\/al\/wp-json\/wp\/v2\/product\/4208","targetHints":{"allow":["GET"]}}],"collection":[{"href":"https:\/\/www.brikaelektrik.al\/al\/wp-json\/wp\/v2\/product"}],"about":[{"href":"https:\/\/www.brikaelektrik.al\/al\/wp-json\/wp\/v2\/types\/product"}],"replies":[{"embeddable":true,"href":"https:\/\/www.brikaelektrik.al\/al\/wp-json\/wp\/v2\/comments?post=4208"}],"wp:featuredmedia":[{"embeddable":true,"href":"https:\/\/www.brikaelektrik.al\/al\/wp-json\/wp\/v2\/media\/4209"}],"wp:attachment":[{"href":"https:\/\/www.brikaelektrik.al\/al\/wp-json\/wp\/v2\/media?parent=4208"}],"wp:term":[{"taxonomy":"product_brand","embeddable":true,"href":"https:\/\/www.brikaelektrik.al\/al\/wp-json\/wp\/v2\/product_brand?post=4208"},{"taxonomy":"product_cat","embeddable":true,"href":"https:\/\/www.brikaelektrik.al\/al\/wp-json\/wp\/v2\/product_cat?post=4208"},{"taxonomy":"product_tag","embeddable":true,"href":"https:\/\/www.brikaelektrik.al\/al\/wp-json\/wp\/v2\/product_tag?post=4208"}],"curies":[{"name":"wp","href":"https:\/\/api.w.org\/{rel}","templated":true}]}}