{"id":4284,"date":"2025-09-05T12:17:27","date_gmt":"2025-09-05T12:17:27","guid":{"rendered":"https:\/\/www.brikaelektrik.al\/?post_type=product&#038;p=4284"},"modified":"2025-09-05T12:17:27","modified_gmt":"2025-09-05T12:17:27","slug":"kapak-4p-acciaio","status":"publish","type":"product","link":"https:\/\/www.brikaelektrik.al\/al\/produkt\/kapak-4p-acciaio\/","title":{"rendered":"KAPAK 4P ACCIAIO"},"content":{"rendered":"<p><strong data-start=\"295\" data-end=\"304\">Seria<\/strong>: Living Now BTicino<br data-start=\"324\" data-end=\"327\" \/><strong data-start=\"327\" data-end=\"336\">Lloji<\/strong>: Mbules\u00eb p\u00ebr 4 module (Cover Plate)<br data-start=\"384\" data-end=\"387\" data-is-only-node=\"\" \/><strong data-start=\"387\" data-end=\"400\">P\u00ebrdorimi<\/strong>: P\u00ebrdoret p\u00ebr t\u00eb mbuluar pajisjet funksionale t\u00eb seris\u00eb Living Now, duke ofruar nj\u00eb p\u00ebrfundim estetik dhe t\u00eb koordinuar; e posa\u00e7me p\u00ebr p\u00ebrdorim brenda ambienteve<br data-start=\"562\" data-end=\"565\" \/><strong data-start=\"565\" data-end=\"578\">Materiali<\/strong>: Zamak i lakuar (brushed zama) \/ metal, i veshur me borr\u00eb me p\u00ebrfundim mat<br data-start=\"653\" data-end=\"656\" \/><strong data-start=\"656\" data-end=\"666\">Ngjyra<\/strong>: Acero (e argjent\u00eb), ngjyr\u00eb shum\u00eb e ngjashme me RAL 7001<br data-start=\"723\" data-end=\"726\" \/><strong data-start=\"726\" data-end=\"748\">Sistemi i montimit<\/strong>: Montim flush\u2011mounted me sistem &#8220;floating frame&#8221; (korniz\u00eb l\u00ebviz\u00ebse n\u00eb pjes\u00ebn e pasme e cila siguron p\u00ebrshtatje optimale ndaj sip\u00ebrfaqeve jo t\u00eb rrafshuara), montim me kapje (snap\u2011on)<br data-start=\"930\" data-end=\"933\" \/><strong data-start=\"933\" data-end=\"945\">Mbrojtja<\/strong>: IK04 (rezistenc\u00eb ndaj goditjeve t\u00eb lehta)<br data-start=\"988\" data-end=\"991\" \/><strong data-start=\"991\" data-end=\"1014\">Temperatura e pun\u00ebs<\/strong>: \u20135\u202f\u00b0C deri +50\u202f\u00b0C<br data-start=\"1033\" data-end=\"1036\" \/><strong data-start=\"1036\" data-end=\"1065\">Temperatura e magazinimit<\/strong>: \u201310\u202f\u00b0C deri +70\u202f\u00b0C<br data-start=\"1085\" data-end=\"1088\" \/><strong data-start=\"1088\" data-end=\"1107\">P\u00ebrmasat totale<\/strong>: 147.5 mm (gjer\u00ebsi) \u00d7 86 mm (lart\u00ebsi) \u00d7 30 mm (thell\u00ebsi)<br data-start=\"1156\" data-end=\"1159\" \/><strong data-start=\"1159\" data-end=\"1169\">Moduli<\/strong>: 4<br data-start=\"1172\" data-end=\"1175\" \/><strong data-start=\"1175\" data-end=\"1192\">Halogjen free<\/strong>: Po<\/p>","protected":false},"excerpt":{"rendered":"<p>Seria: Living Now BTicinoLloji: Mbules\u00eb p\u00ebr 4 module (Cover Plate)P\u00ebrdorimi: P\u00ebrdoret p\u00ebr t\u00eb mbuluar pajisjet funksionale t\u00eb seris\u00eb Living Now, duke ofruar nj\u00eb p\u00ebrfundim estetik dhe t\u00eb koordinuar; e posa\u00e7me p\u00ebr p\u00ebrdorim brenda ambienteveMateriali: Zamak i lakuar (brushed zama) \/ metal, i veshur me borr\u00eb me p\u00ebrfundim matNgjyra: Acero (e argjent\u00eb), ngjyr\u00eb shum\u00eb e ngjashme [&hellip;]<\/p>","protected":false},"featured_media":4285,"comment_status":"open","ping_status":"closed","template":"","meta":{"_acf_changed":false},"product_brand":[],"product_cat":[40,64],"product_tag":[],"class_list":{"0":"post-4284","1":"product","2":"type-product","3":"status-publish","4":"has-post-thumbnail","6":"product_cat-serite-civile","7":"product_cat-living-now","9":"first","10":"instock","11":"shipping-taxable","12":"product-type-simple"},"acf":[],"_links":{"self":[{"href":"https:\/\/www.brikaelektrik.al\/al\/wp-json\/wp\/v2\/product\/4284","targetHints":{"allow":["GET"]}}],"collection":[{"href":"https:\/\/www.brikaelektrik.al\/al\/wp-json\/wp\/v2\/product"}],"about":[{"href":"https:\/\/www.brikaelektrik.al\/al\/wp-json\/wp\/v2\/types\/product"}],"replies":[{"embeddable":true,"href":"https:\/\/www.brikaelektrik.al\/al\/wp-json\/wp\/v2\/comments?post=4284"}],"wp:featuredmedia":[{"embeddable":true,"href":"https:\/\/www.brikaelektrik.al\/al\/wp-json\/wp\/v2\/media\/4285"}],"wp:attachment":[{"href":"https:\/\/www.brikaelektrik.al\/al\/wp-json\/wp\/v2\/media?parent=4284"}],"wp:term":[{"taxonomy":"product_brand","embeddable":true,"href":"https:\/\/www.brikaelektrik.al\/al\/wp-json\/wp\/v2\/product_brand?post=4284"},{"taxonomy":"product_cat","embeddable":true,"href":"https:\/\/www.brikaelektrik.al\/al\/wp-json\/wp\/v2\/product_cat?post=4284"},{"taxonomy":"product_tag","embeddable":true,"href":"https:\/\/www.brikaelektrik.al\/al\/wp-json\/wp\/v2\/product_tag?post=4284"}],"curies":[{"name":"wp","href":"https:\/\/api.w.org\/{rel}","templated":true}]}}