{"id":4286,"date":"2025-09-05T12:21:05","date_gmt":"2025-09-05T12:21:05","guid":{"rendered":"https:\/\/www.brikaelektrik.al\/?post_type=product&#038;p=4286"},"modified":"2025-09-05T12:21:05","modified_gmt":"2025-09-05T12:21:05","slug":"kapak-4p-aura","status":"publish","type":"product","link":"https:\/\/www.brikaelektrik.al\/al\/produkt\/kapak-4p-aura\/","title":{"rendered":"KAPAK 4P AURA"},"content":{"rendered":"<p><strong data-start=\"220\" data-end=\"229\">Seria<\/strong>: Living Now BTicino<br data-start=\"249\" data-end=\"252\" \/><strong data-start=\"252\" data-end=\"261\">Lloji<\/strong>: Mbules\u00eb p\u00ebr 4 module (cover plate 4 modules)<br data-start=\"307\" data-end=\"310\" data-is-only-node=\"\" \/><strong data-start=\"310\" data-end=\"323\">P\u00ebrdorimi<\/strong>: P\u00ebrdoret p\u00ebr t\u00eb mbuluar mekanizmat funksional\u00eb n\u00eb instalimet Living Now, duke siguruar p\u00ebrfundim estetik dhe p\u00ebrputhshm\u00ebri me pajisjet e tjera t\u00eb seris\u00eb<br data-start=\"477\" data-end=\"480\" \/><strong data-start=\"480\" data-end=\"493\">Materiali<\/strong>: Technopolymer bimaterial<br data-start=\"519\" data-end=\"522\" \/><strong data-start=\"522\" data-end=\"532\">Ngjyra<\/strong>: Gri\u00a0<br data-start=\"633\" data-end=\"636\" \/><strong data-start=\"636\" data-end=\"658\">Sistemi i montimit<\/strong>: Flush-mounted me sistem \u201cfloating frame\u201d (korniz\u00eb fleksib\u00ebl n\u00eb prapavij\u00eb q\u00eb lejon adaptim ndaj sip\u00ebrfaqeve jo t\u00eb rrafshuara) dhe montim me kapje (snap-on)<br data-start=\"814\" data-end=\"817\" \/><strong data-start=\"817\" data-end=\"829\">Mbrojtja<\/strong>: IK04 (rezistenc\u00eb ndaj goditjeve t\u00eb lehta)<br data-start=\"872\" data-end=\"875\" \/><strong data-start=\"875\" data-end=\"898\">Temperatura e pun\u00ebs<\/strong>: \u20135\u202f\u00b0C deri +50\u202f\u00b0C<br data-start=\"917\" data-end=\"920\" \/><strong data-start=\"920\" data-end=\"949\">Temperatura e magazinimit<\/strong>: \u201310\u202f\u00b0C deri +70\u202f\u00b0C<br data-start=\"969\" data-end=\"972\" \/><strong data-start=\"972\" data-end=\"991\">P\u00ebrmasat totale<\/strong>: 147.5 mm gjer\u00ebsi \u00d7 86 mm lart\u00ebsi \u00d7 30 mm thell\u00ebsi<br data-start=\"1040\" data-end=\"1043\" \/><strong data-start=\"1043\" data-end=\"1053\">Moduli<\/strong>: 4<br data-start=\"1056\" data-end=\"1059\" \/><strong data-start=\"1059\" data-end=\"1076\">Halogjen free<\/strong>: Po<\/p>","protected":false},"excerpt":{"rendered":"<p>Seria: Living Now BTicinoLloji: Mbules\u00eb p\u00ebr 4 module (cover plate 4 modules)P\u00ebrdorimi: P\u00ebrdoret p\u00ebr t\u00eb mbuluar mekanizmat funksional\u00eb n\u00eb instalimet Living Now, duke siguruar p\u00ebrfundim estetik dhe p\u00ebrputhshm\u00ebri me pajisjet e tjera t\u00eb seris\u00ebMateriali: Technopolymer bimaterialNgjyra: Gri\u00a0Sistemi i montimit: Flush-mounted me sistem \u201cfloating frame\u201d (korniz\u00eb fleksib\u00ebl n\u00eb prapavij\u00eb q\u00eb lejon adaptim ndaj sip\u00ebrfaqeve jo t\u00eb [&hellip;]<\/p>","protected":false},"featured_media":4287,"comment_status":"open","ping_status":"closed","template":"","meta":{"_acf_changed":false},"product_brand":[],"product_cat":[40,64],"product_tag":[],"class_list":{"0":"post-4286","1":"product","2":"type-product","3":"status-publish","4":"has-post-thumbnail","6":"product_cat-serite-civile","7":"product_cat-living-now","9":"first","10":"instock","11":"shipping-taxable","12":"product-type-simple"},"acf":[],"_links":{"self":[{"href":"https:\/\/www.brikaelektrik.al\/al\/wp-json\/wp\/v2\/product\/4286","targetHints":{"allow":["GET"]}}],"collection":[{"href":"https:\/\/www.brikaelektrik.al\/al\/wp-json\/wp\/v2\/product"}],"about":[{"href":"https:\/\/www.brikaelektrik.al\/al\/wp-json\/wp\/v2\/types\/product"}],"replies":[{"embeddable":true,"href":"https:\/\/www.brikaelektrik.al\/al\/wp-json\/wp\/v2\/comments?post=4286"}],"wp:featuredmedia":[{"embeddable":true,"href":"https:\/\/www.brikaelektrik.al\/al\/wp-json\/wp\/v2\/media\/4287"}],"wp:attachment":[{"href":"https:\/\/www.brikaelektrik.al\/al\/wp-json\/wp\/v2\/media?parent=4286"}],"wp:term":[{"taxonomy":"product_brand","embeddable":true,"href":"https:\/\/www.brikaelektrik.al\/al\/wp-json\/wp\/v2\/product_brand?post=4286"},{"taxonomy":"product_cat","embeddable":true,"href":"https:\/\/www.brikaelektrik.al\/al\/wp-json\/wp\/v2\/product_cat?post=4286"},{"taxonomy":"product_tag","embeddable":true,"href":"https:\/\/www.brikaelektrik.al\/al\/wp-json\/wp\/v2\/product_tag?post=4286"}],"curies":[{"name":"wp","href":"https:\/\/api.w.org\/{rel}","templated":true}]}}