{"id":4298,"date":"2025-09-05T13:00:06","date_gmt":"2025-09-05T13:00:06","guid":{"rendered":"https:\/\/www.brikaelektrik.al\/?post_type=product&#038;p=4298"},"modified":"2025-09-05T13:07:51","modified_gmt":"2025-09-05T13:07:51","slug":"pulsant-vinci-8-butona-emergjence-1-shpejtesi-monofaze","status":"publish","type":"product","link":"https:\/\/www.brikaelektrik.al\/al\/produkt\/pulsant-vinci-8-butona-emergjence-1-shpejtesi-monofaze\/","title":{"rendered":"PULSANT VIN\u00c7I 8 BUTONA + EMERGJENCE 1 &#8211; SHPEJT\u00cbSI MONOFAZ\u00cb"},"content":{"rendered":"<p><strong data-start=\"928\" data-end=\"938\">Seria:<\/strong> VCC\u20118\u20111<br data-start=\"946\" data-end=\"949\" \/><strong data-start=\"949\" data-end=\"959\">Lloji:<\/strong> Stacion kontrolli me butona p\u00ebr vin\u00e7 (Crane Control Center \u2013 VCC Series)<br data-start=\"1032\" data-end=\"1035\" \/><strong data-start=\"1035\" data-end=\"1061\">Tension operativ (Ue):<\/strong> 500\u202fV AC<br data-start=\"1070\" data-end=\"1073\" \/><strong data-start=\"1073\" data-end=\"1087\">Frekuenca:<\/strong> 50\u201360\u202fHz<br data-start=\"1096\" data-end=\"1099\" \/><strong data-start=\"1099\" data-end=\"1123\">Rryma nominale (Ie):<\/strong> 2\u202fA @\u202f500\u202fV \/ 5\u202fA @\u202f250\u202fV<\/p>","protected":false},"excerpt":{"rendered":"<p>Seria: VCC\u20118\u20111Lloji: Stacion kontrolli me butona p\u00ebr vin\u00e7 (Crane Control Center \u2013 VCC Series)Tension operativ (Ue): 500\u202fV ACFrekuenca: 50\u201360\u202fHzRryma nominale (Ie): 2\u202fA @\u202f500\u202fV \/ 5\u202fA @\u202f250\u202fV<\/p>","protected":false},"featured_media":4301,"comment_status":"open","ping_status":"closed","template":"","meta":{"_acf_changed":false},"product_brand":[],"product_cat":[80,79,42],"product_tag":[],"class_list":{"0":"post-4298","1":"product","2":"type-product","3":"status-publish","4":"has-post-thumbnail","6":"product_cat-pulsant-emergjence","7":"product_cat-pulte-komandimi-vinci","8":"product_cat-serite-industriale","10":"first","11":"instock","12":"shipping-taxable","13":"product-type-simple"},"acf":[],"_links":{"self":[{"href":"https:\/\/www.brikaelektrik.al\/al\/wp-json\/wp\/v2\/product\/4298","targetHints":{"allow":["GET"]}}],"collection":[{"href":"https:\/\/www.brikaelektrik.al\/al\/wp-json\/wp\/v2\/product"}],"about":[{"href":"https:\/\/www.brikaelektrik.al\/al\/wp-json\/wp\/v2\/types\/product"}],"replies":[{"embeddable":true,"href":"https:\/\/www.brikaelektrik.al\/al\/wp-json\/wp\/v2\/comments?post=4298"}],"wp:featuredmedia":[{"embeddable":true,"href":"https:\/\/www.brikaelektrik.al\/al\/wp-json\/wp\/v2\/media\/4301"}],"wp:attachment":[{"href":"https:\/\/www.brikaelektrik.al\/al\/wp-json\/wp\/v2\/media?parent=4298"}],"wp:term":[{"taxonomy":"product_brand","embeddable":true,"href":"https:\/\/www.brikaelektrik.al\/al\/wp-json\/wp\/v2\/product_brand?post=4298"},{"taxonomy":"product_cat","embeddable":true,"href":"https:\/\/www.brikaelektrik.al\/al\/wp-json\/wp\/v2\/product_cat?post=4298"},{"taxonomy":"product_tag","embeddable":true,"href":"https:\/\/www.brikaelektrik.al\/al\/wp-json\/wp\/v2\/product_tag?post=4298"}],"curies":[{"name":"wp","href":"https:\/\/api.w.org\/{rel}","templated":true}]}}