{"id":4318,"date":"2025-09-05T13:14:54","date_gmt":"2025-09-05T13:14:54","guid":{"rendered":"https:\/\/www.brikaelektrik.al\/?post_type=product&#038;p=4318"},"modified":"2025-09-05T13:14:54","modified_gmt":"2025-09-05T13:14:54","slug":"pulsant-vinci-2-butona-emergjence-1-shpejtesi-monofaze","status":"publish","type":"product","link":"https:\/\/www.brikaelektrik.al\/al\/produkt\/pulsant-vinci-2-butona-emergjence-1-shpejtesi-monofaze\/","title":{"rendered":"PULSANT VIN\u00c7I 2 BUTONA + EMERGJENC\u00cb 1-SHPEJT\u00cbSI MONOFAZ\u00cb"},"content":{"rendered":"<p><strong data-start=\"1737\" data-end=\"1747\">Seria:<\/strong> VCC\u20112\u20111<br data-start=\"1755\" data-end=\"1758\" \/><strong data-start=\"1758\" data-end=\"1768\">Lloji:<\/strong> Stacion kontrolli me butona p\u00ebr vin\u00e7 (Crane Control Center \u2013 VCC Series)<br data-start=\"1841\" data-end=\"1844\" \/><strong data-start=\"1844\" data-end=\"1870\">Tension operativ (Ue):<\/strong> 500\u202fV AC<br data-start=\"1879\" data-end=\"1882\" \/><strong data-start=\"1882\" data-end=\"1896\">Frekuenca:<\/strong> 50\u201360\u202fHz<br data-start=\"1905\" data-end=\"1908\" \/><strong data-start=\"1908\" data-end=\"1932\">Rryma nominale (Ie):<\/strong> 2\u202fA @\u202f500\u202fV \/ 5\u202fA @\u202f250\u202fV<\/p>","protected":false},"excerpt":{"rendered":"<p>Seria: VCC\u20112\u20111Lloji: Stacion kontrolli me butona p\u00ebr vin\u00e7 (Crane Control Center \u2013 VCC Series)Tension operativ (Ue): 500\u202fV ACFrekuenca: 50\u201360\u202fHzRryma nominale (Ie): 2\u202fA @\u202f500\u202fV \/ 5\u202fA @\u202f250\u202fV<\/p>","protected":false},"featured_media":4319,"comment_status":"open","ping_status":"closed","template":"","meta":{"_acf_changed":false},"product_brand":[],"product_cat":[80,79,42],"product_tag":[],"class_list":{"0":"post-4318","1":"product","2":"type-product","3":"status-publish","4":"has-post-thumbnail","6":"product_cat-pulsant-emergjence","7":"product_cat-pulte-komandimi-vinci","8":"product_cat-serite-industriale","10":"first","11":"instock","12":"shipping-taxable","13":"product-type-simple"},"acf":[],"_links":{"self":[{"href":"https:\/\/www.brikaelektrik.al\/al\/wp-json\/wp\/v2\/product\/4318","targetHints":{"allow":["GET"]}}],"collection":[{"href":"https:\/\/www.brikaelektrik.al\/al\/wp-json\/wp\/v2\/product"}],"about":[{"href":"https:\/\/www.brikaelektrik.al\/al\/wp-json\/wp\/v2\/types\/product"}],"replies":[{"embeddable":true,"href":"https:\/\/www.brikaelektrik.al\/al\/wp-json\/wp\/v2\/comments?post=4318"}],"wp:featuredmedia":[{"embeddable":true,"href":"https:\/\/www.brikaelektrik.al\/al\/wp-json\/wp\/v2\/media\/4319"}],"wp:attachment":[{"href":"https:\/\/www.brikaelektrik.al\/al\/wp-json\/wp\/v2\/media?parent=4318"}],"wp:term":[{"taxonomy":"product_brand","embeddable":true,"href":"https:\/\/www.brikaelektrik.al\/al\/wp-json\/wp\/v2\/product_brand?post=4318"},{"taxonomy":"product_cat","embeddable":true,"href":"https:\/\/www.brikaelektrik.al\/al\/wp-json\/wp\/v2\/product_cat?post=4318"},{"taxonomy":"product_tag","embeddable":true,"href":"https:\/\/www.brikaelektrik.al\/al\/wp-json\/wp\/v2\/product_tag?post=4318"}],"curies":[{"name":"wp","href":"https:\/\/api.w.org\/{rel}","templated":true}]}}