{"id":4320,"date":"2025-09-05T13:17:07","date_gmt":"2025-09-05T13:17:07","guid":{"rendered":"https:\/\/www.brikaelektrik.al\/?post_type=product&#038;p=4320"},"modified":"2025-09-05T13:17:07","modified_gmt":"2025-09-05T13:17:07","slug":"pulsant-vinci-2-butona-emergjence-2-shpejtesi-monofaze","status":"publish","type":"product","link":"https:\/\/www.brikaelektrik.al\/al\/produkt\/pulsant-vinci-2-butona-emergjence-2-shpejtesi-monofaze\/","title":{"rendered":"PULSANT VIN\u00c7I 2 BUTONA + EMERGJENCE 2-SHPEJT\u00cbSI MONOFAZ\u00cb"},"content":{"rendered":"<p><strong data-start=\"887\" data-end=\"897\">Seria:<\/strong> VCC\u20112\u20112<br data-start=\"905\" data-end=\"908\" \/><strong data-start=\"908\" data-end=\"918\">Lloji:<\/strong> Stacion kontrolli me butona p\u00ebr vin\u00e7 (Crane Control Center \u2013 VCC Series)<br data-start=\"991\" data-end=\"994\" \/><strong data-start=\"994\" data-end=\"1020\">Tension operativ (Ue):<\/strong> 500\u202fV AC<br data-start=\"1029\" data-end=\"1032\" \/><strong data-start=\"1032\" data-end=\"1046\">Frekuenca:<\/strong> 50\u201360\u202fHz<br data-start=\"1055\" data-end=\"1058\" \/><strong data-start=\"1058\" data-end=\"1082\">Rryma nominale (Ie):<\/strong> 2\u202fA @ 500\u202fV \/ 5\u202fA @ 250\u202fV<\/p>","protected":false},"excerpt":{"rendered":"<p>Seria: VCC\u20112\u20112Lloji: Stacion kontrolli me butona p\u00ebr vin\u00e7 (Crane Control Center \u2013 VCC Series)Tension operativ (Ue): 500\u202fV ACFrekuenca: 50\u201360\u202fHzRryma nominale (Ie): 2\u202fA @ 500\u202fV \/ 5\u202fA @ 250\u202fV<\/p>","protected":false},"featured_media":4321,"comment_status":"open","ping_status":"closed","template":"","meta":{"_acf_changed":false},"product_brand":[],"product_cat":[80,79,42],"product_tag":[],"class_list":{"0":"post-4320","1":"product","2":"type-product","3":"status-publish","4":"has-post-thumbnail","6":"product_cat-pulsant-emergjence","7":"product_cat-pulte-komandimi-vinci","8":"product_cat-serite-industriale","10":"first","11":"instock","12":"shipping-taxable","13":"product-type-simple"},"acf":[],"_links":{"self":[{"href":"https:\/\/www.brikaelektrik.al\/al\/wp-json\/wp\/v2\/product\/4320","targetHints":{"allow":["GET"]}}],"collection":[{"href":"https:\/\/www.brikaelektrik.al\/al\/wp-json\/wp\/v2\/product"}],"about":[{"href":"https:\/\/www.brikaelektrik.al\/al\/wp-json\/wp\/v2\/types\/product"}],"replies":[{"embeddable":true,"href":"https:\/\/www.brikaelektrik.al\/al\/wp-json\/wp\/v2\/comments?post=4320"}],"wp:featuredmedia":[{"embeddable":true,"href":"https:\/\/www.brikaelektrik.al\/al\/wp-json\/wp\/v2\/media\/4321"}],"wp:attachment":[{"href":"https:\/\/www.brikaelektrik.al\/al\/wp-json\/wp\/v2\/media?parent=4320"}],"wp:term":[{"taxonomy":"product_brand","embeddable":true,"href":"https:\/\/www.brikaelektrik.al\/al\/wp-json\/wp\/v2\/product_brand?post=4320"},{"taxonomy":"product_cat","embeddable":true,"href":"https:\/\/www.brikaelektrik.al\/al\/wp-json\/wp\/v2\/product_cat?post=4320"},{"taxonomy":"product_tag","embeddable":true,"href":"https:\/\/www.brikaelektrik.al\/al\/wp-json\/wp\/v2\/product_tag?post=4320"}],"curies":[{"name":"wp","href":"https:\/\/api.w.org\/{rel}","templated":true}]}}